{"id":1555,"date":"2024-10-23T12:49:41","date_gmt":"2024-10-23T12:49:41","guid":{"rendered":"https:\/\/www.dui.dk\/123\/?page_id=1555"},"modified":"2025-11-03T13:29:04","modified_gmt":"2025-11-03T13:29:04","slug":"grafik-til-brug-paa-some","status":"publish","type":"page","link":"https:\/\/www.dui.dk\/123\/synlighed\/grafik-til-brug-paa-some\/","title":{"rendered":"Grafiker og Skabeloner til brug p\u00e5 SoMe\u00a0"},"content":{"rendered":"<p>Det er vigtigt for genkendelighedens skyld, at vi bruger de samme grafiker og logoer. Derfor har DUI-LEG og VIRKE f\u00e5et lavet en r\u00e6kke grafikker som I er velkomne til at bruge p\u00e5 adelingernes sociale medier. Det er dog vigtigt at I ikke \u00e6ndre p\u00e5 grafikkerne, grundet copy-rights. Er der nogle grafikker I savner, er I mere en velkomne til at kontakte sekretariatet med jeres \u00f8nsker.<\/p>\n<p>Du finder de generelle grafikker \/ SoMe ikoner <a href=\"https:\/\/www.dui.dk\/123\/wp-content\/uploads\/sites\/75\/2025\/06\/Grafikker-til-afdelingsbrug.zip\">her<\/a>:<\/p>\n<p>Du finder skabeloner, der kan bruges som baggrunde til opslag p\u00e5 sociale medier herunder:<\/p>\n<ul>\n<li><a href=\"https:\/\/www.canva.com\/design\/DAGrP13biQI\/mGz8mdkcw94WLqzlx89zFA\/view?utm_content=DAGrP13biQI&amp;utm_campaign=designshare&amp;utm_medium=link&amp;utm_source=publishsharelink&amp;mode=preview\">Instagram reel skabelon\u00a0<\/a><\/li>\n<li><a href=\"https:\/\/www.canva.com\/design\/DAGrQDodq2E\/a8msOq9dOVilr6F_fQQsZg\/view?utm_content=DAGrQDodq2E&amp;utm_campaign=designshare&amp;utm_medium=link&amp;utm_source=publishsharelink&amp;mode=preview\">Instagram opslag skabelon<\/a><\/li>\n<li><a href=\"https:\/\/www.canva.com\/design\/DAGrQHc0M7U\/e2FgKlqY1e8YDNeAFjWWBw\/view?utm_content=DAGrQHc0M7U&amp;utm_campaign=designshare&amp;utm_medium=link&amp;utm_source=publishsharelink&amp;mode=preview\">Facebook opslag skabelon<\/a><\/li>\n<li><a href=\"https:\/\/www.canva.com\/design\/DAGrQHw9Y0c\/J5QFkiCB2NJaDMFFSfo0Ow\/view?utm_content=DAGrQHw9Y0c&amp;utm_campaign=designshare&amp;utm_medium=link&amp;utm_source=publishsharelink&amp;mode=preview\">Facebook video skabelon<\/a><\/li>\n<\/ul>\n<p>For at bruge disse skabeloner kr\u00e6ver det, at du g\u00f8r det via det design programmet Canva (der er meget brugervenligt). \u00c5ben linket, og tryk p\u00e5 redigere skabelon, du kan nu v\u00e6lge den farve baggrund du gerne vil bruge som opslag, og g\u00e5 i gang med at designe (Upload et billede og l\u00e6g ind i rammen, evt. inds\u00e6t tekst), n\u00e5r du er klar til at downloade dit f\u00e6rdige opslag kan du trykke p\u00e5 &#8220;DEL&#8221; i h\u00f8jre \u00f8verste hj\u00f8rne, v\u00e6lg &#8220;Download&#8221;, v\u00e6lg filtype (PNG til billede opslag og MP4 til videoer), v\u00e6lg antal sider (kun den du har designet), og tryk &#8220;downlaod&#8221;.<\/p>\n<p>Der findes forskellige guides til at komme i gang med Canva <a href=\"https:\/\/www.canva.com\/learn\/how-to-canva-beginners-guide\/\">her<\/a>, eller se gerne denne korte <a href=\"https:\/\/www.youtube.com\/watch?v=jzWxBuvwuwQ\">YouTube video<\/a>. Vi er i gang med at lave en guide selv, men den kommer f\u00f8rst til efter\u00e5ret.<\/p>\n<p>Baggrundene er inddelt i farvekategorier for at g\u00f8re det lettere for jer og medlemmer, at skelne mellem de forskellige opslag. Farvekategorierne tager blandt andet udgangspunkt i de fire programmer, s\u00e5 det er ogs\u00e5 en god \u00f8velse i at l\u00e6re dem bedre at kende n\u00e5r I skal fort\u00e6lle om jeres aktiviteter. Farvene er inddelt i f\u00f8lgende kategorier:<\/p>\n<p><img loading=\"lazy\" decoding=\"async\" class=\"alignleft size-full wp-image-1732\" src=\"https:\/\/www.dui.dk\/123\/wp-content\/uploads\/sites\/75\/2025\/11\/Skaermbillede-2025-11-03-142823.png\" alt=\"\" width=\"645\" height=\"114\" srcset=\"https:\/\/www.dui.dk\/123\/wp-content\/uploads\/sites\/75\/2025\/11\/Skaermbillede-2025-11-03-142823.png 645w, https:\/\/www.dui.dk\/123\/wp-content\/uploads\/sites\/75\/2025\/11\/Skaermbillede-2025-11-03-142823-300x53.png 300w, https:\/\/www.dui.dk\/123\/wp-content\/uploads\/sites\/75\/2025\/11\/Skaermbillede-2025-11-03-142823-600x106.png 600w\" sizes=\"auto, (max-width: 645px) 100vw, 645px\" \/><\/p>\n<p>&nbsp;<\/p>\n<p>&nbsp;<\/p>\n<p>&nbsp;<\/p>\n<p>&nbsp;<\/p>\n<p>Vi er i gang med at udvikle afdelings specifikke SoMe grafikker s\u00e5som profilbilleder, coverbilleder osv.<\/p>\n","protected":false},"excerpt":{"rendered":"<p>Det er vigtigt for genkendelighedens skyld, at vi bruger de samme grafiker og logoer. Derfor har DUI-LEG og VIRKE f\u00e5et lavet en r\u00e6kke grafikker som I er velkomne til at bruge p\u00e5 adelingernes sociale medier. Det er dog vigtigt at I ikke \u00e6ndre p\u00e5 grafikkerne, grundet copy-rights. Er der nogle grafikker I savner, er I [&hellip;]<\/p>\n","protected":false},"author":119,"featured_media":0,"parent":74,"menu_order":0,"comment_status":"closed","ping_status":"closed","template":"","meta":{"_acf_changed":false,"footnotes":""},"class_list":["post-1555","page","type-page","status-publish","hentry"],"acf":[],"yoast_head":"<!-- This site is optimized with the Yoast SEO plugin v27.1.1 - https:\/\/yoast.com\/product\/yoast-seo-wordpress\/ -->\n<title>Grafiker og Skabeloner til brug p\u00e5 SoMe\u00a0 -<\/title>\n<meta name=\"robots\" content=\"index, follow, max-snippet:-1, max-image-preview:large, max-video-preview:-1\" \/>\n<link rel=\"canonical\" href=\"https:\/\/www.dui.dk\/123\/synlighed\/grafik-til-brug-paa-some\/\" \/>\n<meta property=\"og:locale\" content=\"da_DK\" \/>\n<meta property=\"og:type\" content=\"article\" \/>\n<meta property=\"og:title\" content=\"Grafiker og Skabeloner til brug p\u00e5 SoMe\u00a0 -\" \/>\n<meta property=\"og:description\" content=\"Det er vigtigt for genkendelighedens skyld, at vi bruger de samme grafiker og logoer. Derfor har DUI-LEG og VIRKE f\u00e5et lavet en r\u00e6kke grafikker som I er velkomne til at bruge p\u00e5 adelingernes sociale medier. Det er dog vigtigt at I ikke \u00e6ndre p\u00e5 grafikkerne, grundet copy-rights. Er der nogle grafikker I savner, er I [&hellip;]\" \/>\n<meta property=\"og:url\" content=\"https:\/\/www.dui.dk\/123\/synlighed\/grafik-til-brug-paa-some\/\" \/>\n<meta property=\"article:modified_time\" content=\"2025-11-03T13:29:04+00:00\" \/>\n<meta property=\"og:image\" content=\"https:\/\/www.dui.dk\/123\/wp-content\/uploads\/sites\/75\/2025\/11\/Skaermbillede-2025-11-03-142823.png\" \/>\n\t<meta property=\"og:image:width\" content=\"645\" \/>\n\t<meta property=\"og:image:height\" content=\"114\" \/>\n\t<meta property=\"og:image:type\" content=\"image\/png\" \/>\n<meta name=\"twitter:card\" content=\"summary_large_image\" \/>\n<meta name=\"twitter:label1\" content=\"Estimeret l\u00e6setid\" \/>\n\t<meta name=\"twitter:data1\" content=\"2 minutter\" \/>\n<script type=\"application\/ld+json\" class=\"yoast-schema-graph\">{\"@context\":\"https:\/\/schema.org\",\"@graph\":[{\"@type\":\"WebPage\",\"@id\":\"https:\/\/www.dui.dk\/123\/synlighed\/grafik-til-brug-paa-some\/\",\"url\":\"https:\/\/www.dui.dk\/123\/synlighed\/grafik-til-brug-paa-some\/\",\"name\":\"Grafiker og Skabeloner til brug p\u00e5 SoMe\u00a0 -\",\"isPartOf\":{\"@id\":\"https:\/\/www.dui.dk\/123\/#website\"},\"primaryImageOfPage\":{\"@id\":\"https:\/\/www.dui.dk\/123\/synlighed\/grafik-til-brug-paa-some\/#primaryimage\"},\"image\":{\"@id\":\"https:\/\/www.dui.dk\/123\/synlighed\/grafik-til-brug-paa-some\/#primaryimage\"},\"thumbnailUrl\":\"https:\/\/www.dui.dk\/123\/wp-content\/uploads\/sites\/75\/2025\/11\/Skaermbillede-2025-11-03-142823.png\",\"datePublished\":\"2024-10-23T12:49:41+00:00\",\"dateModified\":\"2025-11-03T13:29:04+00:00\",\"breadcrumb\":{\"@id\":\"https:\/\/www.dui.dk\/123\/synlighed\/grafik-til-brug-paa-some\/#breadcrumb\"},\"inLanguage\":\"da-DK\",\"potentialAction\":[{\"@type\":\"ReadAction\",\"target\":[\"https:\/\/www.dui.dk\/123\/synlighed\/grafik-til-brug-paa-some\/\"]}]},{\"@type\":\"ImageObject\",\"inLanguage\":\"da-DK\",\"@id\":\"https:\/\/www.dui.dk\/123\/synlighed\/grafik-til-brug-paa-some\/#primaryimage\",\"url\":\"https:\/\/www.dui.dk\/123\/wp-content\/uploads\/sites\/75\/2025\/11\/Skaermbillede-2025-11-03-142823.png\",\"contentUrl\":\"https:\/\/www.dui.dk\/123\/wp-content\/uploads\/sites\/75\/2025\/11\/Skaermbillede-2025-11-03-142823.png\",\"width\":645,\"height\":114},{\"@type\":\"BreadcrumbList\",\"@id\":\"https:\/\/www.dui.dk\/123\/synlighed\/grafik-til-brug-paa-some\/#breadcrumb\",\"itemListElement\":[{\"@type\":\"ListItem\",\"position\":1,\"name\":\"Hjem\",\"item\":\"https:\/\/www.dui.dk\/123\/\"},{\"@type\":\"ListItem\",\"position\":2,\"name\":\"Synlighed\",\"item\":\"https:\/\/www.dui.dk\/123\/synlighed\/\"},{\"@type\":\"ListItem\",\"position\":3,\"name\":\"Grafiker og Skabeloner til brug p\u00e5 SoMe\u00a0\"}]},{\"@type\":\"WebSite\",\"@id\":\"https:\/\/www.dui.dk\/123\/#website\",\"url\":\"https:\/\/www.dui.dk\/123\/\",\"name\":\"\",\"description\":\"Endnu en DUI-LEG og VIRKE lokalafdelinger-side\",\"potentialAction\":[{\"@type\":\"SearchAction\",\"target\":{\"@type\":\"EntryPoint\",\"urlTemplate\":\"https:\/\/www.dui.dk\/123\/?s={search_term_string}\"},\"query-input\":{\"@type\":\"PropertyValueSpecification\",\"valueRequired\":true,\"valueName\":\"search_term_string\"}}],\"inLanguage\":\"da-DK\"}]}<\/script>\n<!-- \/ Yoast SEO plugin. -->","yoast_head_json":{"title":"Grafiker og Skabeloner til brug p\u00e5 SoMe\u00a0 -","robots":{"index":"index","follow":"follow","max-snippet":"max-snippet:-1","max-image-preview":"max-image-preview:large","max-video-preview":"max-video-preview:-1"},"canonical":"https:\/\/www.dui.dk\/123\/synlighed\/grafik-til-brug-paa-some\/","og_locale":"da_DK","og_type":"article","og_title":"Grafiker og Skabeloner til brug p\u00e5 SoMe\u00a0 -","og_description":"Det er vigtigt for genkendelighedens skyld, at vi bruger de samme grafiker og logoer. Derfor har DUI-LEG og VIRKE f\u00e5et lavet en r\u00e6kke grafikker som I er velkomne til at bruge p\u00e5 adelingernes sociale medier. Det er dog vigtigt at I ikke \u00e6ndre p\u00e5 grafikkerne, grundet copy-rights. Er der nogle grafikker I savner, er I [&hellip;]","og_url":"https:\/\/www.dui.dk\/123\/synlighed\/grafik-til-brug-paa-some\/","article_modified_time":"2025-11-03T13:29:04+00:00","og_image":[{"width":645,"height":114,"url":"https:\/\/www.dui.dk\/123\/wp-content\/uploads\/sites\/75\/2025\/11\/Skaermbillede-2025-11-03-142823.png","type":"image\/png"}],"twitter_card":"summary_large_image","twitter_misc":{"Estimeret l\u00e6setid":"2 minutter"},"schema":{"@context":"https:\/\/schema.org","@graph":[{"@type":"WebPage","@id":"https:\/\/www.dui.dk\/123\/synlighed\/grafik-til-brug-paa-some\/","url":"https:\/\/www.dui.dk\/123\/synlighed\/grafik-til-brug-paa-some\/","name":"Grafiker og Skabeloner til brug p\u00e5 SoMe\u00a0 -","isPartOf":{"@id":"https:\/\/www.dui.dk\/123\/#website"},"primaryImageOfPage":{"@id":"https:\/\/www.dui.dk\/123\/synlighed\/grafik-til-brug-paa-some\/#primaryimage"},"image":{"@id":"https:\/\/www.dui.dk\/123\/synlighed\/grafik-til-brug-paa-some\/#primaryimage"},"thumbnailUrl":"https:\/\/www.dui.dk\/123\/wp-content\/uploads\/sites\/75\/2025\/11\/Skaermbillede-2025-11-03-142823.png","datePublished":"2024-10-23T12:49:41+00:00","dateModified":"2025-11-03T13:29:04+00:00","breadcrumb":{"@id":"https:\/\/www.dui.dk\/123\/synlighed\/grafik-til-brug-paa-some\/#breadcrumb"},"inLanguage":"da-DK","potentialAction":[{"@type":"ReadAction","target":["https:\/\/www.dui.dk\/123\/synlighed\/grafik-til-brug-paa-some\/"]}]},{"@type":"ImageObject","inLanguage":"da-DK","@id":"https:\/\/www.dui.dk\/123\/synlighed\/grafik-til-brug-paa-some\/#primaryimage","url":"https:\/\/www.dui.dk\/123\/wp-content\/uploads\/sites\/75\/2025\/11\/Skaermbillede-2025-11-03-142823.png","contentUrl":"https:\/\/www.dui.dk\/123\/wp-content\/uploads\/sites\/75\/2025\/11\/Skaermbillede-2025-11-03-142823.png","width":645,"height":114},{"@type":"BreadcrumbList","@id":"https:\/\/www.dui.dk\/123\/synlighed\/grafik-til-brug-paa-some\/#breadcrumb","itemListElement":[{"@type":"ListItem","position":1,"name":"Hjem","item":"https:\/\/www.dui.dk\/123\/"},{"@type":"ListItem","position":2,"name":"Synlighed","item":"https:\/\/www.dui.dk\/123\/synlighed\/"},{"@type":"ListItem","position":3,"name":"Grafiker og Skabeloner til brug p\u00e5 SoMe\u00a0"}]},{"@type":"WebSite","@id":"https:\/\/www.dui.dk\/123\/#website","url":"https:\/\/www.dui.dk\/123\/","name":"","description":"Endnu en DUI-LEG og VIRKE lokalafdelinger-side","potentialAction":[{"@type":"SearchAction","target":{"@type":"EntryPoint","urlTemplate":"https:\/\/www.dui.dk\/123\/?s={search_term_string}"},"query-input":{"@type":"PropertyValueSpecification","valueRequired":true,"valueName":"search_term_string"}}],"inLanguage":"da-DK"}]}},"_links":{"self":[{"href":"https:\/\/www.dui.dk\/123\/wp-json\/wp\/v2\/pages\/1555","targetHints":{"allow":["GET"]}}],"collection":[{"href":"https:\/\/www.dui.dk\/123\/wp-json\/wp\/v2\/pages"}],"about":[{"href":"https:\/\/www.dui.dk\/123\/wp-json\/wp\/v2\/types\/page"}],"author":[{"embeddable":true,"href":"https:\/\/www.dui.dk\/123\/wp-json\/wp\/v2\/users\/119"}],"replies":[{"embeddable":true,"href":"https:\/\/www.dui.dk\/123\/wp-json\/wp\/v2\/comments?post=1555"}],"version-history":[{"count":4,"href":"https:\/\/www.dui.dk\/123\/wp-json\/wp\/v2\/pages\/1555\/revisions"}],"predecessor-version":[{"id":1733,"href":"https:\/\/www.dui.dk\/123\/wp-json\/wp\/v2\/pages\/1555\/revisions\/1733"}],"up":[{"embeddable":true,"href":"https:\/\/www.dui.dk\/123\/wp-json\/wp\/v2\/pages\/74"}],"wp:attachment":[{"href":"https:\/\/www.dui.dk\/123\/wp-json\/wp\/v2\/media?parent=1555"}],"curies":[{"name":"wp","href":"https:\/\/api.w.org\/{rel}","templated":true}]}}