{"id":1553,"date":"2024-10-23T12:48:05","date_gmt":"2024-10-23T12:48:05","guid":{"rendered":"https:\/\/www.dui.dk\/123\/?page_id=1553"},"modified":"2024-10-24T12:35:15","modified_gmt":"2024-10-24T12:35:15","slug":"miniguide-til-instagram","status":"publish","type":"page","link":"https:\/\/www.dui.dk\/123\/synlighed\/miniguide-til-instagram\/","title":{"rendered":"Miniguide til Instagram\u00a0"},"content":{"rendered":"<p>Denne guide giver et indblik i Instagram som medie, og vil komme ind p\u00e5, hvorfor og hvordan I kan bruge Instagram, der vil ogs\u00e5 v\u00e6re eksempler p\u00e5 forslag til opslag udarbejdet efter DUI-LEG og VIRKE\u2019s content temaer \/ kommunikationsemner. Ved at f\u00f8lge denne guide kan du som frivillig, ude i afdelingerne, effektivt bruge Instagram til at styrke jeres kommunikation og engagement, hvilket vil bidrage til en livlig og aktiv forening.<\/p>\n<p>Du finder miniguiden til Instagram her: <a href=\"https:\/\/www.dui.dk\/123\/wp-content\/uploads\/sites\/75\/2024\/10\/Mini-guide-til-Instagram.pdf\">Mini-guide til Instagram<\/a><\/p>\n","protected":false},"excerpt":{"rendered":"<p>Denne guide giver et indblik i Instagram som medie, og vil komme ind p\u00e5, hvorfor og hvordan I kan bruge Instagram, der vil ogs\u00e5 v\u00e6re eksempler p\u00e5 forslag til opslag udarbejdet efter DUI-LEG og VIRKE\u2019s content temaer \/ kommunikationsemner. Ved at f\u00f8lge denne guide kan du som frivillig, ude i afdelingerne, effektivt bruge Instagram til [&hellip;]<\/p>\n","protected":false},"author":119,"featured_media":0,"parent":74,"menu_order":0,"comment_status":"closed","ping_status":"closed","template":"","meta":{"_acf_changed":false,"footnotes":""},"class_list":["post-1553","page","type-page","status-publish","hentry"],"acf":[],"yoast_head":"<!-- This site is optimized with the Yoast SEO plugin v27.1.1 - https:\/\/yoast.com\/product\/yoast-seo-wordpress\/ -->\n<title>Miniguide til Instagram\u00a0 -<\/title>\n<meta name=\"robots\" content=\"index, follow, max-snippet:-1, max-image-preview:large, max-video-preview:-1\" \/>\n<link rel=\"canonical\" href=\"https:\/\/www.dui.dk\/123\/synlighed\/miniguide-til-instagram\/\" \/>\n<meta property=\"og:locale\" content=\"da_DK\" \/>\n<meta property=\"og:type\" content=\"article\" \/>\n<meta property=\"og:title\" content=\"Miniguide til Instagram\u00a0 -\" \/>\n<meta property=\"og:description\" content=\"Denne guide giver et indblik i Instagram som medie, og vil komme ind p\u00e5, hvorfor og hvordan I kan bruge Instagram, der vil ogs\u00e5 v\u00e6re eksempler p\u00e5 forslag til opslag udarbejdet efter DUI-LEG og VIRKE\u2019s content temaer \/ kommunikationsemner. Ved at f\u00f8lge denne guide kan du som frivillig, ude i afdelingerne, effektivt bruge Instagram til [&hellip;]\" \/>\n<meta property=\"og:url\" content=\"https:\/\/www.dui.dk\/123\/synlighed\/miniguide-til-instagram\/\" \/>\n<meta property=\"article:modified_time\" content=\"2024-10-24T12:35:15+00:00\" \/>\n<meta name=\"twitter:card\" content=\"summary_large_image\" \/>\n<meta name=\"twitter:label1\" content=\"Estimeret l\u00e6setid\" \/>\n\t<meta name=\"twitter:data1\" content=\"1 minut\" \/>\n<script type=\"application\/ld+json\" class=\"yoast-schema-graph\">{\"@context\":\"https:\/\/schema.org\",\"@graph\":[{\"@type\":\"WebPage\",\"@id\":\"https:\/\/www.dui.dk\/123\/synlighed\/miniguide-til-instagram\/\",\"url\":\"https:\/\/www.dui.dk\/123\/synlighed\/miniguide-til-instagram\/\",\"name\":\"Miniguide til Instagram\u00a0 -\",\"isPartOf\":{\"@id\":\"https:\/\/www.dui.dk\/123\/#website\"},\"datePublished\":\"2024-10-23T12:48:05+00:00\",\"dateModified\":\"2024-10-24T12:35:15+00:00\",\"breadcrumb\":{\"@id\":\"https:\/\/www.dui.dk\/123\/synlighed\/miniguide-til-instagram\/#breadcrumb\"},\"inLanguage\":\"da-DK\",\"potentialAction\":[{\"@type\":\"ReadAction\",\"target\":[\"https:\/\/www.dui.dk\/123\/synlighed\/miniguide-til-instagram\/\"]}]},{\"@type\":\"BreadcrumbList\",\"@id\":\"https:\/\/www.dui.dk\/123\/synlighed\/miniguide-til-instagram\/#breadcrumb\",\"itemListElement\":[{\"@type\":\"ListItem\",\"position\":1,\"name\":\"Hjem\",\"item\":\"https:\/\/www.dui.dk\/123\/\"},{\"@type\":\"ListItem\",\"position\":2,\"name\":\"Synlighed\",\"item\":\"https:\/\/www.dui.dk\/123\/synlighed\/\"},{\"@type\":\"ListItem\",\"position\":3,\"name\":\"Miniguide til Instagram\u00a0\"}]},{\"@type\":\"WebSite\",\"@id\":\"https:\/\/www.dui.dk\/123\/#website\",\"url\":\"https:\/\/www.dui.dk\/123\/\",\"name\":\"\",\"description\":\"Endnu en DUI-LEG og VIRKE lokalafdelinger-side\",\"potentialAction\":[{\"@type\":\"SearchAction\",\"target\":{\"@type\":\"EntryPoint\",\"urlTemplate\":\"https:\/\/www.dui.dk\/123\/?s={search_term_string}\"},\"query-input\":{\"@type\":\"PropertyValueSpecification\",\"valueRequired\":true,\"valueName\":\"search_term_string\"}}],\"inLanguage\":\"da-DK\"}]}<\/script>\n<!-- \/ Yoast SEO plugin. -->","yoast_head_json":{"title":"Miniguide til Instagram\u00a0 -","robots":{"index":"index","follow":"follow","max-snippet":"max-snippet:-1","max-image-preview":"max-image-preview:large","max-video-preview":"max-video-preview:-1"},"canonical":"https:\/\/www.dui.dk\/123\/synlighed\/miniguide-til-instagram\/","og_locale":"da_DK","og_type":"article","og_title":"Miniguide til Instagram\u00a0 -","og_description":"Denne guide giver et indblik i Instagram som medie, og vil komme ind p\u00e5, hvorfor og hvordan I kan bruge Instagram, der vil ogs\u00e5 v\u00e6re eksempler p\u00e5 forslag til opslag udarbejdet efter DUI-LEG og VIRKE\u2019s content temaer \/ kommunikationsemner. Ved at f\u00f8lge denne guide kan du som frivillig, ude i afdelingerne, effektivt bruge Instagram til [&hellip;]","og_url":"https:\/\/www.dui.dk\/123\/synlighed\/miniguide-til-instagram\/","article_modified_time":"2024-10-24T12:35:15+00:00","twitter_card":"summary_large_image","twitter_misc":{"Estimeret l\u00e6setid":"1 minut"},"schema":{"@context":"https:\/\/schema.org","@graph":[{"@type":"WebPage","@id":"https:\/\/www.dui.dk\/123\/synlighed\/miniguide-til-instagram\/","url":"https:\/\/www.dui.dk\/123\/synlighed\/miniguide-til-instagram\/","name":"Miniguide til Instagram\u00a0 -","isPartOf":{"@id":"https:\/\/www.dui.dk\/123\/#website"},"datePublished":"2024-10-23T12:48:05+00:00","dateModified":"2024-10-24T12:35:15+00:00","breadcrumb":{"@id":"https:\/\/www.dui.dk\/123\/synlighed\/miniguide-til-instagram\/#breadcrumb"},"inLanguage":"da-DK","potentialAction":[{"@type":"ReadAction","target":["https:\/\/www.dui.dk\/123\/synlighed\/miniguide-til-instagram\/"]}]},{"@type":"BreadcrumbList","@id":"https:\/\/www.dui.dk\/123\/synlighed\/miniguide-til-instagram\/#breadcrumb","itemListElement":[{"@type":"ListItem","position":1,"name":"Hjem","item":"https:\/\/www.dui.dk\/123\/"},{"@type":"ListItem","position":2,"name":"Synlighed","item":"https:\/\/www.dui.dk\/123\/synlighed\/"},{"@type":"ListItem","position":3,"name":"Miniguide til Instagram\u00a0"}]},{"@type":"WebSite","@id":"https:\/\/www.dui.dk\/123\/#website","url":"https:\/\/www.dui.dk\/123\/","name":"","description":"Endnu en DUI-LEG og VIRKE lokalafdelinger-side","potentialAction":[{"@type":"SearchAction","target":{"@type":"EntryPoint","urlTemplate":"https:\/\/www.dui.dk\/123\/?s={search_term_string}"},"query-input":{"@type":"PropertyValueSpecification","valueRequired":true,"valueName":"search_term_string"}}],"inLanguage":"da-DK"}]}},"_links":{"self":[{"href":"https:\/\/www.dui.dk\/123\/wp-json\/wp\/v2\/pages\/1553","targetHints":{"allow":["GET"]}}],"collection":[{"href":"https:\/\/www.dui.dk\/123\/wp-json\/wp\/v2\/pages"}],"about":[{"href":"https:\/\/www.dui.dk\/123\/wp-json\/wp\/v2\/types\/page"}],"author":[{"embeddable":true,"href":"https:\/\/www.dui.dk\/123\/wp-json\/wp\/v2\/users\/119"}],"replies":[{"embeddable":true,"href":"https:\/\/www.dui.dk\/123\/wp-json\/wp\/v2\/comments?post=1553"}],"version-history":[{"count":3,"href":"https:\/\/www.dui.dk\/123\/wp-json\/wp\/v2\/pages\/1553\/revisions"}],"predecessor-version":[{"id":1617,"href":"https:\/\/www.dui.dk\/123\/wp-json\/wp\/v2\/pages\/1553\/revisions\/1617"}],"up":[{"embeddable":true,"href":"https:\/\/www.dui.dk\/123\/wp-json\/wp\/v2\/pages\/74"}],"wp:attachment":[{"href":"https:\/\/www.dui.dk\/123\/wp-json\/wp\/v2\/media?parent=1553"}],"curies":[{"name":"wp","href":"https:\/\/api.w.org\/{rel}","templated":true}]}}