{"id":1540,"date":"2024-10-23T08:32:24","date_gmt":"2024-10-23T08:32:24","guid":{"rendered":"https:\/\/www.dui.dk\/123\/?page_id=1540"},"modified":"2025-11-03T13:23:14","modified_gmt":"2025-11-03T13:23:14","slug":"some-guide","status":"publish","type":"page","link":"https:\/\/www.dui.dk\/123\/synlighed\/some-guide\/","title":{"rendered":"SoMe"},"content":{"rendered":"<p><strong>Introduktion til SoMe\u00a0<\/strong><\/p>\n<p>Denne introduktion til SoMe fort\u00e6ller, hvorfor vi som DUI-LEG og VIRKE har gavn af at benytte sociale medier, og vil komme ind p\u00e5, hvilke sociale medier, der er relevante og hvorfor. Den har til hensigt at give dig, som frivillig, et bedre indblik i de sociale medier og deres form\u00e5l.<\/p>\n<p>Du finder SoMe introduktionen her: <a href=\"https:\/\/www.dui.dk\/123\/wp-content\/uploads\/sites\/75\/2024\/10\/SoMe-introduktion.pdf\">SoMe introduktion<\/a><\/p>\n<p><strong>Content temaer \/ kommunikationsemner<\/strong><\/p>\n<p>Vi har udformet 8 content temaer \/ kommunikationsemner, som alle afdelinger kan g\u00f8re brug af p\u00e5 deres sociale medier. I beh\u00f8ver ikke benytte alle temaer, men kan udv\u00e6lge dem, der passer bedst til jeres afdeling.<\/p>\n<p>Du kan l\u00e6se mere om content temaerne \/ kommunikationsemner her: <a href=\"https:\/\/www.dui.dk\/123\/wp-content\/uploads\/sites\/75\/2025\/10\/Content-temaer.pdf\">Content temaer<\/a><\/p>\n<p><strong>SoMe kartoteker\u00a0<\/strong><\/p>\n<p>Vi har udformet en r\u00e6kke kartoteker med forslag til hvad der kan indg\u00e5 i jeres SoMe opslag. De er opdelt efter de 7 content temaerne \/ kommunikationsemner, og indeholder eksempler p\u00e5: Den gode overskrift, CTA, Hashtags, Keywords+Keyphrases og emojis. I er velkomne til at bruge eksemplerne i kartotekerne, eller blive inspireret af dem. Kontakt endeig sekretariatet hvis I har sp\u00f8rgsm\u00e5l.<\/p>\n<p>Du finder SoMe kartotekerne her: <a href=\"https:\/\/www.dui.dk\/123\/wp-content\/uploads\/sites\/75\/2025\/10\/SoMe-Kartoteker-.pdf\">SoMe Kartoteker<\/a><\/p>\n<p><strong>Miniguide til Facebook<\/strong><\/p>\n<p>Denne guide giver et indblik i Facebook som medie, og vil komme ind p\u00e5, hvorfor og hvordan I kan bruge Facebook, der vil ogs\u00e5 v\u00e6re eksempler p\u00e5 forslag til opslag udarbejdet efter DUI-LEG og VIRKE\u2019s content temaer \/ kommunikationsemner. Ved at f\u00f8lge denne guide kan du som frivillig, ude i afdelingerne, effektivt bruge Facebook til at styrke jeres kommunikation og engagement, hvilket vil bidrage til en livlig og aktiv forening.<\/p>\n<p>Du finder miniguiden til Facebook her: <a href=\"https:\/\/www.dui.dk\/123\/wp-content\/uploads\/sites\/75\/2024\/10\/Mini-guide-til-Facebook.pdf\">Mini-guide til Facebook<\/a><\/p>\n<p><strong>Miniguide til Instagram\u00a0<\/strong><\/p>\n<p>Denne guide giver et indblik i Instagram som medie, og vil komme ind p\u00e5, hvorfor og hvordan I kan bruge Instagram, der vil ogs\u00e5 v\u00e6re eksempler p\u00e5 forslag til opslag udarbejdet efter DUI-LEG og VIRKE\u2019s content temaer \/ kommunikationsemner. Ved at f\u00f8lge denne guide kan du som frivillig, ude i afdelingerne, effektivt bruge Instagram til at styrke jeres kommunikation og engagement, hvilket vil bidrage til en livlig og aktiv forening.<\/p>\n<p>Du finder miniguiden til Instagram her: <a href=\"https:\/\/www.dui.dk\/123\/wp-content\/uploads\/sites\/75\/2024\/10\/Mini-guide-til-Instagram.pdf\">Mini-guide til Instagram<\/a><\/p>\n<p><strong>Grafik til brug p\u00e5 SoMe\u00a0<\/strong><\/p>\n<p>Det er vigtigt for genkendelighedens skyld, at vi bruger de samme grafiker og logoer. Derfor har vi lavet en r\u00e6kke grafikker til brug p\u00e5 de sociale medier, som I i afdelinger kan benytte jer af. Er der nogle grafikker I savner, er I mere en velkomne til at kontakte sekretariatet med jeres \u00f8nsker.<\/p>\n<p>Du finder grafikkerne til brug p\u00e5 SoMe <a href=\"https:\/\/www.dui.dk\/123\/synlighed\/grafik-til-brug-paa-some\/\">her<\/a><\/p>\n<p>&nbsp;<\/p>\n<p>&nbsp;<\/p>\n","protected":false},"excerpt":{"rendered":"<p>Introduktion til SoMe\u00a0 Denne introduktion til SoMe fort\u00e6ller, hvorfor vi som DUI-LEG og VIRKE har gavn af at benytte sociale medier, og vil komme ind p\u00e5, hvilke sociale medier, der er relevante og hvorfor. Den har til hensigt at give dig, som frivillig, et bedre indblik i de sociale medier og deres form\u00e5l. Du finder [&hellip;]<\/p>\n","protected":false},"author":119,"featured_media":0,"parent":74,"menu_order":0,"comment_status":"closed","ping_status":"closed","template":"","meta":{"_acf_changed":false,"footnotes":""},"class_list":["post-1540","page","type-page","status-publish","hentry"],"acf":[],"yoast_head":"<!-- This site is optimized with the Yoast SEO plugin v27.1.1 - https:\/\/yoast.com\/product\/yoast-seo-wordpress\/ -->\n<title>SoMe -<\/title>\n<meta name=\"robots\" content=\"index, follow, max-snippet:-1, max-image-preview:large, max-video-preview:-1\" \/>\n<link rel=\"canonical\" href=\"https:\/\/www.dui.dk\/123\/synlighed\/some-guide\/\" \/>\n<meta property=\"og:locale\" content=\"da_DK\" \/>\n<meta property=\"og:type\" content=\"article\" \/>\n<meta property=\"og:title\" content=\"SoMe -\" \/>\n<meta property=\"og:description\" content=\"Introduktion til SoMe\u00a0 Denne introduktion til SoMe fort\u00e6ller, hvorfor vi som DUI-LEG og VIRKE har gavn af at benytte sociale medier, og vil komme ind p\u00e5, hvilke sociale medier, der er relevante og hvorfor. Den har til hensigt at give dig, som frivillig, et bedre indblik i de sociale medier og deres form\u00e5l. Du finder [&hellip;]\" \/>\n<meta property=\"og:url\" content=\"https:\/\/www.dui.dk\/123\/synlighed\/some-guide\/\" \/>\n<meta property=\"article:modified_time\" content=\"2025-11-03T13:23:14+00:00\" \/>\n<meta name=\"twitter:card\" content=\"summary_large_image\" \/>\n<meta name=\"twitter:label1\" content=\"Estimeret l\u00e6setid\" \/>\n\t<meta name=\"twitter:data1\" content=\"3 minutter\" \/>\n<script type=\"application\/ld+json\" class=\"yoast-schema-graph\">{\"@context\":\"https:\/\/schema.org\",\"@graph\":[{\"@type\":\"WebPage\",\"@id\":\"https:\/\/www.dui.dk\/123\/synlighed\/some-guide\/\",\"url\":\"https:\/\/www.dui.dk\/123\/synlighed\/some-guide\/\",\"name\":\"SoMe -\",\"isPartOf\":{\"@id\":\"https:\/\/www.dui.dk\/123\/#website\"},\"datePublished\":\"2024-10-23T08:32:24+00:00\",\"dateModified\":\"2025-11-03T13:23:14+00:00\",\"breadcrumb\":{\"@id\":\"https:\/\/www.dui.dk\/123\/synlighed\/some-guide\/#breadcrumb\"},\"inLanguage\":\"da-DK\",\"potentialAction\":[{\"@type\":\"ReadAction\",\"target\":[\"https:\/\/www.dui.dk\/123\/synlighed\/some-guide\/\"]}]},{\"@type\":\"BreadcrumbList\",\"@id\":\"https:\/\/www.dui.dk\/123\/synlighed\/some-guide\/#breadcrumb\",\"itemListElement\":[{\"@type\":\"ListItem\",\"position\":1,\"name\":\"Hjem\",\"item\":\"https:\/\/www.dui.dk\/123\/\"},{\"@type\":\"ListItem\",\"position\":2,\"name\":\"Synlighed\",\"item\":\"https:\/\/www.dui.dk\/123\/synlighed\/\"},{\"@type\":\"ListItem\",\"position\":3,\"name\":\"SoMe\"}]},{\"@type\":\"WebSite\",\"@id\":\"https:\/\/www.dui.dk\/123\/#website\",\"url\":\"https:\/\/www.dui.dk\/123\/\",\"name\":\"\",\"description\":\"Endnu en DUI-LEG og VIRKE lokalafdelinger-side\",\"potentialAction\":[{\"@type\":\"SearchAction\",\"target\":{\"@type\":\"EntryPoint\",\"urlTemplate\":\"https:\/\/www.dui.dk\/123\/?s={search_term_string}\"},\"query-input\":{\"@type\":\"PropertyValueSpecification\",\"valueRequired\":true,\"valueName\":\"search_term_string\"}}],\"inLanguage\":\"da-DK\"}]}<\/script>\n<!-- \/ Yoast SEO plugin. -->","yoast_head_json":{"title":"SoMe -","robots":{"index":"index","follow":"follow","max-snippet":"max-snippet:-1","max-image-preview":"max-image-preview:large","max-video-preview":"max-video-preview:-1"},"canonical":"https:\/\/www.dui.dk\/123\/synlighed\/some-guide\/","og_locale":"da_DK","og_type":"article","og_title":"SoMe -","og_description":"Introduktion til SoMe\u00a0 Denne introduktion til SoMe fort\u00e6ller, hvorfor vi som DUI-LEG og VIRKE har gavn af at benytte sociale medier, og vil komme ind p\u00e5, hvilke sociale medier, der er relevante og hvorfor. Den har til hensigt at give dig, som frivillig, et bedre indblik i de sociale medier og deres form\u00e5l. Du finder [&hellip;]","og_url":"https:\/\/www.dui.dk\/123\/synlighed\/some-guide\/","article_modified_time":"2025-11-03T13:23:14+00:00","twitter_card":"summary_large_image","twitter_misc":{"Estimeret l\u00e6setid":"3 minutter"},"schema":{"@context":"https:\/\/schema.org","@graph":[{"@type":"WebPage","@id":"https:\/\/www.dui.dk\/123\/synlighed\/some-guide\/","url":"https:\/\/www.dui.dk\/123\/synlighed\/some-guide\/","name":"SoMe -","isPartOf":{"@id":"https:\/\/www.dui.dk\/123\/#website"},"datePublished":"2024-10-23T08:32:24+00:00","dateModified":"2025-11-03T13:23:14+00:00","breadcrumb":{"@id":"https:\/\/www.dui.dk\/123\/synlighed\/some-guide\/#breadcrumb"},"inLanguage":"da-DK","potentialAction":[{"@type":"ReadAction","target":["https:\/\/www.dui.dk\/123\/synlighed\/some-guide\/"]}]},{"@type":"BreadcrumbList","@id":"https:\/\/www.dui.dk\/123\/synlighed\/some-guide\/#breadcrumb","itemListElement":[{"@type":"ListItem","position":1,"name":"Hjem","item":"https:\/\/www.dui.dk\/123\/"},{"@type":"ListItem","position":2,"name":"Synlighed","item":"https:\/\/www.dui.dk\/123\/synlighed\/"},{"@type":"ListItem","position":3,"name":"SoMe"}]},{"@type":"WebSite","@id":"https:\/\/www.dui.dk\/123\/#website","url":"https:\/\/www.dui.dk\/123\/","name":"","description":"Endnu en DUI-LEG og VIRKE lokalafdelinger-side","potentialAction":[{"@type":"SearchAction","target":{"@type":"EntryPoint","urlTemplate":"https:\/\/www.dui.dk\/123\/?s={search_term_string}"},"query-input":{"@type":"PropertyValueSpecification","valueRequired":true,"valueName":"search_term_string"}}],"inLanguage":"da-DK"}]}},"_links":{"self":[{"href":"https:\/\/www.dui.dk\/123\/wp-json\/wp\/v2\/pages\/1540","targetHints":{"allow":["GET"]}}],"collection":[{"href":"https:\/\/www.dui.dk\/123\/wp-json\/wp\/v2\/pages"}],"about":[{"href":"https:\/\/www.dui.dk\/123\/wp-json\/wp\/v2\/types\/page"}],"author":[{"embeddable":true,"href":"https:\/\/www.dui.dk\/123\/wp-json\/wp\/v2\/users\/119"}],"replies":[{"embeddable":true,"href":"https:\/\/www.dui.dk\/123\/wp-json\/wp\/v2\/comments?post=1540"}],"version-history":[{"count":4,"href":"https:\/\/www.dui.dk\/123\/wp-json\/wp\/v2\/pages\/1540\/revisions"}],"predecessor-version":[{"id":1731,"href":"https:\/\/www.dui.dk\/123\/wp-json\/wp\/v2\/pages\/1540\/revisions\/1731"}],"up":[{"embeddable":true,"href":"https:\/\/www.dui.dk\/123\/wp-json\/wp\/v2\/pages\/74"}],"wp:attachment":[{"href":"https:\/\/www.dui.dk\/123\/wp-json\/wp\/v2\/media?parent=1540"}],"curies":[{"name":"wp","href":"https:\/\/api.w.org\/{rel}","templated":true}]}}