{"id":1474,"date":"2024-09-18T13:17:27","date_gmt":"2024-09-18T13:17:27","guid":{"rendered":"https:\/\/www.dui.dk\/123\/?page_id=1474"},"modified":"2024-09-18T13:17:27","modified_gmt":"2024-09-18T13:17:27","slug":"mini-guide-opret-en-opkraevning","status":"publish","type":"page","link":"https:\/\/www.dui.dk\/123\/mini-guide-opret-en-opkraevning\/","title":{"rendered":"MINI-GUIDE: Opret en opkr\u00e6vning"},"content":{"rendered":"<p>Man kan opkr\u00e6ve kontingent p\u00e5 2 m\u00e5der. Enten via abonnementer eller via en enkelt opkr\u00e6vning. Abonnementer anbefaler vi hvis man opkr\u00e6ver i starten af \u00e5ret, da den efterf\u00f8lgende bliver opkr\u00e6vet p\u00e5 samme tid n\u00e6ste \u00e5r. Hvordan man laver en almindelig opkr\u00e6vning der ikke er som abonnement kan du se her.<\/p>\n<p style=\"text-align: right;\"><em>(Klik p\u00e5 billederne for at g\u00f8re dem st\u00f8rre)<\/em><\/p>\n<p>&nbsp;<\/p>\n<p>1.\u00a0 Klik ind under &#8220;Betalinger&#8221; p\u00e5 menuen til venstre. Klik p\u00e5 &#8220;opret betaling&#8221; i toppen.<\/p>\n<p><a href=\"https:\/\/www.dui.dk\/123\/wp-content\/uploads\/sites\/75\/2024\/09\/Opret-en-opkraevning-01.jpg\"><img loading=\"lazy\" decoding=\"async\" class=\"alignnone wp-image-1475 size-full\" src=\"https:\/\/www.dui.dk\/123\/wp-content\/uploads\/sites\/75\/2024\/09\/Opret-en-opkraevning-01.jpg\" alt=\"\" width=\"1200\" height=\"750\" srcset=\"https:\/\/www.dui.dk\/123\/wp-content\/uploads\/sites\/75\/2024\/09\/Opret-en-opkraevning-01.jpg 1200w, https:\/\/www.dui.dk\/123\/wp-content\/uploads\/sites\/75\/2024\/09\/Opret-en-opkraevning-01-300x188.jpg 300w, https:\/\/www.dui.dk\/123\/wp-content\/uploads\/sites\/75\/2024\/09\/Opret-en-opkraevning-01-1024x640.jpg 1024w, https:\/\/www.dui.dk\/123\/wp-content\/uploads\/sites\/75\/2024\/09\/Opret-en-opkraevning-01-768x480.jpg 768w, https:\/\/www.dui.dk\/123\/wp-content\/uploads\/sites\/75\/2024\/09\/Opret-en-opkraevning-01-600x375.jpg 600w\" sizes=\"auto, (max-width: 1200px) 100vw, 1200px\" \/><\/a><\/p>\n<p>2.\u00a0 Udfyld blanketten. Det er vigtigt at der st\u00e5r kontingent og hvilken periode det d\u00e6kker f.eks. &#8220;Kontingent 2024&#8221; eller &#8220;Kontingent 2024 &#8211; 1. halv\u00e5r&#8221;. Start- og slutdato er hvilken periode opkr\u00e6vningen er \u00e5ben. Hvis man f.eks. l\u00e6gger en opkr\u00e6vning ind p\u00e5 en gruppe, s\u00e5 vil alle der bliver tilf\u00f8jet gruppe i den \u00e5bne periode automatisk f\u00e5 tilsendt en opkr\u00e6vning. N\u00e5r betalingsfrist og pris er udfyldt, skal man altid huske at &#8220;Mobilepay&#8221; er markeret. Hvis man vil opkr\u00e6ve familier, s\u00e5 skal &#8220;Opkr\u00e6v husstand&#8221; ogs\u00e5 v\u00e6re markeret. For s\u00e5 modtages der kun en samlet opkr\u00e6vning pr. familie. Du er nu klar til at &#8220;V\u00e6lge betalere&#8221;.<\/p>\n<p><a href=\"https:\/\/www.dui.dk\/123\/wp-content\/uploads\/sites\/75\/2024\/09\/Opret-en-opkraevning-02.jpg\"><img loading=\"lazy\" decoding=\"async\" class=\"alignnone wp-image-1476 size-full\" src=\"https:\/\/www.dui.dk\/123\/wp-content\/uploads\/sites\/75\/2024\/09\/Opret-en-opkraevning-02.jpg\" alt=\"\" width=\"1200\" height=\"750\" srcset=\"https:\/\/www.dui.dk\/123\/wp-content\/uploads\/sites\/75\/2024\/09\/Opret-en-opkraevning-02.jpg 1200w, https:\/\/www.dui.dk\/123\/wp-content\/uploads\/sites\/75\/2024\/09\/Opret-en-opkraevning-02-300x188.jpg 300w, https:\/\/www.dui.dk\/123\/wp-content\/uploads\/sites\/75\/2024\/09\/Opret-en-opkraevning-02-1024x640.jpg 1024w, https:\/\/www.dui.dk\/123\/wp-content\/uploads\/sites\/75\/2024\/09\/Opret-en-opkraevning-02-768x480.jpg 768w, https:\/\/www.dui.dk\/123\/wp-content\/uploads\/sites\/75\/2024\/09\/Opret-en-opkraevning-02-600x375.jpg 600w\" sizes=\"auto, (max-width: 1200px) 100vw, 1200px\" \/><\/a><\/p>\n<p>3.\u00a0 Under &#8220;V\u00e6lg betalere&#8221; v\u00e6lger man enkeltpersoner eller grupper som skal opkr\u00e6ves. Bem\u00e6rk alle der er i gruppen vil blive opkr\u00e6vet. Hvis der tilf\u00f8jes nye medlemmer til gruppen i opkr\u00e6vningen \u00e5bne periode, bliver de automatisk opkr\u00e6vet.<\/p>\n<p><a href=\"https:\/\/www.dui.dk\/123\/wp-content\/uploads\/sites\/75\/2024\/09\/Opret-en-opkraevning-03.jpg\"><img loading=\"lazy\" decoding=\"async\" class=\"alignnone wp-image-1477 size-full\" src=\"https:\/\/www.dui.dk\/123\/wp-content\/uploads\/sites\/75\/2024\/09\/Opret-en-opkraevning-03.jpg\" alt=\"\" width=\"1200\" height=\"750\" srcset=\"https:\/\/www.dui.dk\/123\/wp-content\/uploads\/sites\/75\/2024\/09\/Opret-en-opkraevning-03.jpg 1200w, https:\/\/www.dui.dk\/123\/wp-content\/uploads\/sites\/75\/2024\/09\/Opret-en-opkraevning-03-300x188.jpg 300w, https:\/\/www.dui.dk\/123\/wp-content\/uploads\/sites\/75\/2024\/09\/Opret-en-opkraevning-03-1024x640.jpg 1024w, https:\/\/www.dui.dk\/123\/wp-content\/uploads\/sites\/75\/2024\/09\/Opret-en-opkraevning-03-768x480.jpg 768w, https:\/\/www.dui.dk\/123\/wp-content\/uploads\/sites\/75\/2024\/09\/Opret-en-opkraevning-03-600x375.jpg 600w\" sizes=\"auto, (max-width: 1200px) 100vw, 1200px\" \/><\/a><\/p>\n<p>4.\u00a0 N\u00e5r opkr\u00e6vningen er oprettet, vil den kunne findes under &#8220;Betalinger&#8221;, klik p\u00e5 den opkr\u00e6vning du vil se n\u00e6rmere p\u00e5.<\/p>\n<p><a href=\"https:\/\/www.dui.dk\/123\/wp-content\/uploads\/sites\/75\/2024\/09\/Opret-en-opkraevning-04.jpg\"><img loading=\"lazy\" decoding=\"async\" class=\"alignnone wp-image-1478 size-full\" src=\"https:\/\/www.dui.dk\/123\/wp-content\/uploads\/sites\/75\/2024\/09\/Opret-en-opkraevning-04.jpg\" alt=\"\" width=\"1200\" height=\"750\" srcset=\"https:\/\/www.dui.dk\/123\/wp-content\/uploads\/sites\/75\/2024\/09\/Opret-en-opkraevning-04.jpg 1200w, https:\/\/www.dui.dk\/123\/wp-content\/uploads\/sites\/75\/2024\/09\/Opret-en-opkraevning-04-300x188.jpg 300w, https:\/\/www.dui.dk\/123\/wp-content\/uploads\/sites\/75\/2024\/09\/Opret-en-opkraevning-04-1024x640.jpg 1024w, https:\/\/www.dui.dk\/123\/wp-content\/uploads\/sites\/75\/2024\/09\/Opret-en-opkraevning-04-768x480.jpg 768w, https:\/\/www.dui.dk\/123\/wp-content\/uploads\/sites\/75\/2024\/09\/Opret-en-opkraevning-04-600x375.jpg 600w\" sizes=\"auto, (max-width: 1200px) 100vw, 1200px\" \/><\/a><\/p>\n<p>5.\u00a0 Under den enkelte opkr\u00e6vning kan man se hvem der har betalt. N\u00e5r der er betalt vil personen eller familien, v\u00e6re markeret med en m\u00f8rk farve. Hvis man har betalt p\u00e5 anden vis (f.eks. via bank, nemtilmeld, lokal mobilepay), kan man klikke p\u00e5 &#8220;Tilf\u00f8j note&#8221; og tilf\u00f8je et billede med dokumentation for indbetalingen. Herefter kan man klikke p\u00e5 &#8220;godkendt&#8221;.<\/p>\n<p><a href=\"https:\/\/www.dui.dk\/123\/wp-content\/uploads\/sites\/75\/2024\/09\/Opret-en-opkraevning-05.jpg\"><img loading=\"lazy\" decoding=\"async\" class=\"alignnone wp-image-1479 size-full\" src=\"https:\/\/www.dui.dk\/123\/wp-content\/uploads\/sites\/75\/2024\/09\/Opret-en-opkraevning-05.jpg\" alt=\"\" width=\"1200\" height=\"750\" srcset=\"https:\/\/www.dui.dk\/123\/wp-content\/uploads\/sites\/75\/2024\/09\/Opret-en-opkraevning-05.jpg 1200w, https:\/\/www.dui.dk\/123\/wp-content\/uploads\/sites\/75\/2024\/09\/Opret-en-opkraevning-05-300x188.jpg 300w, https:\/\/www.dui.dk\/123\/wp-content\/uploads\/sites\/75\/2024\/09\/Opret-en-opkraevning-05-1024x640.jpg 1024w, https:\/\/www.dui.dk\/123\/wp-content\/uploads\/sites\/75\/2024\/09\/Opret-en-opkraevning-05-768x480.jpg 768w, https:\/\/www.dui.dk\/123\/wp-content\/uploads\/sites\/75\/2024\/09\/Opret-en-opkraevning-05-600x375.jpg 600w\" sizes=\"auto, (max-width: 1200px) 100vw, 1200px\" \/><\/a><\/p>\n<p>6.\u00a0 Hvis man har behov for at se hvad der er kommet ind i en givet periode, s\u00e5 kan man klikke p\u00e5 &#8220;betalingsstr\u00f8m&#8221; og indtaste den periode man \u00f8nsker at de.<\/p>\n<p><a href=\"https:\/\/www.dui.dk\/123\/wp-content\/uploads\/sites\/75\/2024\/09\/Opret-en-opkraevning-06.jpg\"><img loading=\"lazy\" decoding=\"async\" class=\"alignnone wp-image-1480 size-full\" src=\"https:\/\/www.dui.dk\/123\/wp-content\/uploads\/sites\/75\/2024\/09\/Opret-en-opkraevning-06.jpg\" alt=\"\" width=\"1200\" height=\"750\" srcset=\"https:\/\/www.dui.dk\/123\/wp-content\/uploads\/sites\/75\/2024\/09\/Opret-en-opkraevning-06.jpg 1200w, https:\/\/www.dui.dk\/123\/wp-content\/uploads\/sites\/75\/2024\/09\/Opret-en-opkraevning-06-300x188.jpg 300w, https:\/\/www.dui.dk\/123\/wp-content\/uploads\/sites\/75\/2024\/09\/Opret-en-opkraevning-06-1024x640.jpg 1024w, https:\/\/www.dui.dk\/123\/wp-content\/uploads\/sites\/75\/2024\/09\/Opret-en-opkraevning-06-768x480.jpg 768w, https:\/\/www.dui.dk\/123\/wp-content\/uploads\/sites\/75\/2024\/09\/Opret-en-opkraevning-06-600x375.jpg 600w\" sizes=\"auto, (max-width: 1200px) 100vw, 1200px\" \/><\/a><\/p>\n<p>&nbsp;<\/p>\n<p>&nbsp;<\/p>\n","protected":false},"excerpt":{"rendered":"<p>Man kan opkr\u00e6ve kontingent p\u00e5 2 m\u00e5der. Enten via abonnementer eller via en enkelt opkr\u00e6vning. Abonnementer anbefaler vi hvis man opkr\u00e6ver i starten af \u00e5ret, da den efterf\u00f8lgende bliver opkr\u00e6vet p\u00e5 samme tid n\u00e6ste \u00e5r. Hvordan man laver en almindelig opkr\u00e6vning der ikke er som abonnement kan du se her. (Klik p\u00e5 billederne for at [&hellip;]<\/p>\n","protected":false},"author":4,"featured_media":0,"parent":0,"menu_order":0,"comment_status":"closed","ping_status":"closed","template":"","meta":{"_acf_changed":false,"footnotes":""},"class_list":["post-1474","page","type-page","status-publish","hentry"],"acf":[],"yoast_head":"<!-- This site is optimized with the Yoast SEO plugin v27.1.1 - https:\/\/yoast.com\/product\/yoast-seo-wordpress\/ -->\n<title>MINI-GUIDE: Opret en opkr\u00e6vning -<\/title>\n<meta name=\"robots\" content=\"index, follow, max-snippet:-1, max-image-preview:large, max-video-preview:-1\" \/>\n<link rel=\"canonical\" href=\"https:\/\/www.dui.dk\/123\/mini-guide-opret-en-opkraevning\/\" \/>\n<meta property=\"og:locale\" content=\"da_DK\" \/>\n<meta property=\"og:type\" content=\"article\" \/>\n<meta property=\"og:title\" content=\"MINI-GUIDE: Opret en opkr\u00e6vning -\" \/>\n<meta property=\"og:description\" content=\"Man kan opkr\u00e6ve kontingent p\u00e5 2 m\u00e5der. Enten via abonnementer eller via en enkelt opkr\u00e6vning. Abonnementer anbefaler vi hvis man opkr\u00e6ver i starten af \u00e5ret, da den efterf\u00f8lgende bliver opkr\u00e6vet p\u00e5 samme tid n\u00e6ste \u00e5r. Hvordan man laver en almindelig opkr\u00e6vning der ikke er som abonnement kan du se her. (Klik p\u00e5 billederne for at [&hellip;]\" \/>\n<meta property=\"og:url\" content=\"https:\/\/www.dui.dk\/123\/mini-guide-opret-en-opkraevning\/\" \/>\n<meta property=\"og:image\" content=\"https:\/\/www.dui.dk\/123\/wp-content\/uploads\/sites\/75\/2024\/09\/Opret-en-opkraevning-01.jpg\" \/>\n<meta name=\"twitter:card\" content=\"summary_large_image\" \/>\n<meta name=\"twitter:label1\" content=\"Estimeret l\u00e6setid\" \/>\n\t<meta name=\"twitter:data1\" content=\"3 minutter\" \/>\n<script type=\"application\/ld+json\" class=\"yoast-schema-graph\">{\"@context\":\"https:\/\/schema.org\",\"@graph\":[{\"@type\":\"WebPage\",\"@id\":\"https:\/\/www.dui.dk\/123\/mini-guide-opret-en-opkraevning\/\",\"url\":\"https:\/\/www.dui.dk\/123\/mini-guide-opret-en-opkraevning\/\",\"name\":\"MINI-GUIDE: Opret en opkr\u00e6vning -\",\"isPartOf\":{\"@id\":\"https:\/\/www.dui.dk\/123\/#website\"},\"primaryImageOfPage\":{\"@id\":\"https:\/\/www.dui.dk\/123\/mini-guide-opret-en-opkraevning\/#primaryimage\"},\"image\":{\"@id\":\"https:\/\/www.dui.dk\/123\/mini-guide-opret-en-opkraevning\/#primaryimage\"},\"thumbnailUrl\":\"https:\/\/www.dui.dk\/123\/wp-content\/uploads\/sites\/75\/2024\/09\/Opret-en-opkraevning-01.jpg\",\"datePublished\":\"2024-09-18T13:17:27+00:00\",\"breadcrumb\":{\"@id\":\"https:\/\/www.dui.dk\/123\/mini-guide-opret-en-opkraevning\/#breadcrumb\"},\"inLanguage\":\"da-DK\",\"potentialAction\":[{\"@type\":\"ReadAction\",\"target\":[\"https:\/\/www.dui.dk\/123\/mini-guide-opret-en-opkraevning\/\"]}]},{\"@type\":\"ImageObject\",\"inLanguage\":\"da-DK\",\"@id\":\"https:\/\/www.dui.dk\/123\/mini-guide-opret-en-opkraevning\/#primaryimage\",\"url\":\"https:\/\/www.dui.dk\/123\/wp-content\/uploads\/sites\/75\/2024\/09\/Opret-en-opkraevning-01.jpg\",\"contentUrl\":\"https:\/\/www.dui.dk\/123\/wp-content\/uploads\/sites\/75\/2024\/09\/Opret-en-opkraevning-01.jpg\"},{\"@type\":\"BreadcrumbList\",\"@id\":\"https:\/\/www.dui.dk\/123\/mini-guide-opret-en-opkraevning\/#breadcrumb\",\"itemListElement\":[{\"@type\":\"ListItem\",\"position\":1,\"name\":\"Hjem\",\"item\":\"https:\/\/www.dui.dk\/123\/\"},{\"@type\":\"ListItem\",\"position\":2,\"name\":\"MINI-GUIDE: Opret en opkr\u00e6vning\"}]},{\"@type\":\"WebSite\",\"@id\":\"https:\/\/www.dui.dk\/123\/#website\",\"url\":\"https:\/\/www.dui.dk\/123\/\",\"name\":\"\",\"description\":\"Endnu en DUI-LEG og VIRKE lokalafdelinger-side\",\"potentialAction\":[{\"@type\":\"SearchAction\",\"target\":{\"@type\":\"EntryPoint\",\"urlTemplate\":\"https:\/\/www.dui.dk\/123\/?s={search_term_string}\"},\"query-input\":{\"@type\":\"PropertyValueSpecification\",\"valueRequired\":true,\"valueName\":\"search_term_string\"}}],\"inLanguage\":\"da-DK\"}]}<\/script>\n<!-- \/ Yoast SEO plugin. -->","yoast_head_json":{"title":"MINI-GUIDE: Opret en opkr\u00e6vning -","robots":{"index":"index","follow":"follow","max-snippet":"max-snippet:-1","max-image-preview":"max-image-preview:large","max-video-preview":"max-video-preview:-1"},"canonical":"https:\/\/www.dui.dk\/123\/mini-guide-opret-en-opkraevning\/","og_locale":"da_DK","og_type":"article","og_title":"MINI-GUIDE: Opret en opkr\u00e6vning -","og_description":"Man kan opkr\u00e6ve kontingent p\u00e5 2 m\u00e5der. Enten via abonnementer eller via en enkelt opkr\u00e6vning. Abonnementer anbefaler vi hvis man opkr\u00e6ver i starten af \u00e5ret, da den efterf\u00f8lgende bliver opkr\u00e6vet p\u00e5 samme tid n\u00e6ste \u00e5r. Hvordan man laver en almindelig opkr\u00e6vning der ikke er som abonnement kan du se her. (Klik p\u00e5 billederne for at [&hellip;]","og_url":"https:\/\/www.dui.dk\/123\/mini-guide-opret-en-opkraevning\/","og_image":[{"url":"https:\/\/www.dui.dk\/123\/wp-content\/uploads\/sites\/75\/2024\/09\/Opret-en-opkraevning-01.jpg","type":"","width":"","height":""}],"twitter_card":"summary_large_image","twitter_misc":{"Estimeret l\u00e6setid":"3 minutter"},"schema":{"@context":"https:\/\/schema.org","@graph":[{"@type":"WebPage","@id":"https:\/\/www.dui.dk\/123\/mini-guide-opret-en-opkraevning\/","url":"https:\/\/www.dui.dk\/123\/mini-guide-opret-en-opkraevning\/","name":"MINI-GUIDE: Opret en opkr\u00e6vning -","isPartOf":{"@id":"https:\/\/www.dui.dk\/123\/#website"},"primaryImageOfPage":{"@id":"https:\/\/www.dui.dk\/123\/mini-guide-opret-en-opkraevning\/#primaryimage"},"image":{"@id":"https:\/\/www.dui.dk\/123\/mini-guide-opret-en-opkraevning\/#primaryimage"},"thumbnailUrl":"https:\/\/www.dui.dk\/123\/wp-content\/uploads\/sites\/75\/2024\/09\/Opret-en-opkraevning-01.jpg","datePublished":"2024-09-18T13:17:27+00:00","breadcrumb":{"@id":"https:\/\/www.dui.dk\/123\/mini-guide-opret-en-opkraevning\/#breadcrumb"},"inLanguage":"da-DK","potentialAction":[{"@type":"ReadAction","target":["https:\/\/www.dui.dk\/123\/mini-guide-opret-en-opkraevning\/"]}]},{"@type":"ImageObject","inLanguage":"da-DK","@id":"https:\/\/www.dui.dk\/123\/mini-guide-opret-en-opkraevning\/#primaryimage","url":"https:\/\/www.dui.dk\/123\/wp-content\/uploads\/sites\/75\/2024\/09\/Opret-en-opkraevning-01.jpg","contentUrl":"https:\/\/www.dui.dk\/123\/wp-content\/uploads\/sites\/75\/2024\/09\/Opret-en-opkraevning-01.jpg"},{"@type":"BreadcrumbList","@id":"https:\/\/www.dui.dk\/123\/mini-guide-opret-en-opkraevning\/#breadcrumb","itemListElement":[{"@type":"ListItem","position":1,"name":"Hjem","item":"https:\/\/www.dui.dk\/123\/"},{"@type":"ListItem","position":2,"name":"MINI-GUIDE: Opret en opkr\u00e6vning"}]},{"@type":"WebSite","@id":"https:\/\/www.dui.dk\/123\/#website","url":"https:\/\/www.dui.dk\/123\/","name":"","description":"Endnu en DUI-LEG og VIRKE lokalafdelinger-side","potentialAction":[{"@type":"SearchAction","target":{"@type":"EntryPoint","urlTemplate":"https:\/\/www.dui.dk\/123\/?s={search_term_string}"},"query-input":{"@type":"PropertyValueSpecification","valueRequired":true,"valueName":"search_term_string"}}],"inLanguage":"da-DK"}]}},"_links":{"self":[{"href":"https:\/\/www.dui.dk\/123\/wp-json\/wp\/v2\/pages\/1474","targetHints":{"allow":["GET"]}}],"collection":[{"href":"https:\/\/www.dui.dk\/123\/wp-json\/wp\/v2\/pages"}],"about":[{"href":"https:\/\/www.dui.dk\/123\/wp-json\/wp\/v2\/types\/page"}],"author":[{"embeddable":true,"href":"https:\/\/www.dui.dk\/123\/wp-json\/wp\/v2\/users\/4"}],"replies":[{"embeddable":true,"href":"https:\/\/www.dui.dk\/123\/wp-json\/wp\/v2\/comments?post=1474"}],"version-history":[{"count":1,"href":"https:\/\/www.dui.dk\/123\/wp-json\/wp\/v2\/pages\/1474\/revisions"}],"predecessor-version":[{"id":1481,"href":"https:\/\/www.dui.dk\/123\/wp-json\/wp\/v2\/pages\/1474\/revisions\/1481"}],"wp:attachment":[{"href":"https:\/\/www.dui.dk\/123\/wp-json\/wp\/v2\/media?parent=1474"}],"curies":[{"name":"wp","href":"https:\/\/api.w.org\/{rel}","templated":true}]}}