{"id":1462,"date":"2024-09-10T12:33:34","date_gmt":"2024-09-10T12:33:34","guid":{"rendered":"https:\/\/www.dui.dk\/123\/?page_id=1462"},"modified":"2024-09-10T12:33:34","modified_gmt":"2024-09-10T12:33:34","slug":"mini-guide-send-beskeder","status":"publish","type":"page","link":"https:\/\/www.dui.dk\/123\/mini-guide-send-beskeder\/","title":{"rendered":"MINI-GUIDE: Send beskeder"},"content":{"rendered":"<p>I Vores DUI er det muligt at sende en besked. Det kan g\u00f8res meget let og beskeden kan begr\u00e6nset til en enkelt gruppe.<\/p>\n<p>&nbsp;<\/p>\n<p style=\"text-align: right;\"><em>(Klik p\u00e5 billederne for at g\u00f8re dem st\u00f8rre)<\/em><\/p>\n<p>&nbsp;<\/p>\n<p>1.\u00a0 Klik ind under menuen &#8220;Beskeder&#8221; og klik p\u00e5 &#8220;Opret besked&#8221; i toppen.<\/p>\n<p><a href=\"https:\/\/www.dui.dk\/123\/wp-content\/uploads\/sites\/75\/2024\/09\/Send-beskeder-01.jpg\"><img loading=\"lazy\" decoding=\"async\" class=\"alignnone wp-image-1463 size-full\" src=\"https:\/\/www.dui.dk\/123\/wp-content\/uploads\/sites\/75\/2024\/09\/Send-beskeder-01.jpg\" alt=\"\" width=\"1200\" height=\"750\" srcset=\"https:\/\/www.dui.dk\/123\/wp-content\/uploads\/sites\/75\/2024\/09\/Send-beskeder-01.jpg 1200w, https:\/\/www.dui.dk\/123\/wp-content\/uploads\/sites\/75\/2024\/09\/Send-beskeder-01-300x188.jpg 300w, https:\/\/www.dui.dk\/123\/wp-content\/uploads\/sites\/75\/2024\/09\/Send-beskeder-01-1024x640.jpg 1024w, https:\/\/www.dui.dk\/123\/wp-content\/uploads\/sites\/75\/2024\/09\/Send-beskeder-01-768x480.jpg 768w, https:\/\/www.dui.dk\/123\/wp-content\/uploads\/sites\/75\/2024\/09\/Send-beskeder-01-600x375.jpg 600w\" sizes=\"auto, (max-width: 1200px) 100vw, 1200px\" \/><\/a><\/p>\n<p>2.\u00a0 Udfyld blanketten og tryk &#8220;V\u00e6lg modtager&#8221;. Bem\u00e6rk hvis man klikker p\u00e5 &#8220;Send til alle medlemmer&#8221; s\u00e5 sendes beskeden til alle der er registreret i afdelingen. Derfor anbefaler vi at man bruger gruppen &#8220;Alle medlemmer&#8221;.<\/p>\n<p><a href=\"https:\/\/www.dui.dk\/123\/wp-content\/uploads\/sites\/75\/2024\/09\/Send-beskeder-02.jpg\"><img loading=\"lazy\" decoding=\"async\" class=\"alignnone wp-image-1464 size-full\" src=\"https:\/\/www.dui.dk\/123\/wp-content\/uploads\/sites\/75\/2024\/09\/Send-beskeder-02.jpg\" alt=\"\" width=\"1200\" height=\"750\" srcset=\"https:\/\/www.dui.dk\/123\/wp-content\/uploads\/sites\/75\/2024\/09\/Send-beskeder-02.jpg 1200w, https:\/\/www.dui.dk\/123\/wp-content\/uploads\/sites\/75\/2024\/09\/Send-beskeder-02-300x188.jpg 300w, https:\/\/www.dui.dk\/123\/wp-content\/uploads\/sites\/75\/2024\/09\/Send-beskeder-02-1024x640.jpg 1024w, https:\/\/www.dui.dk\/123\/wp-content\/uploads\/sites\/75\/2024\/09\/Send-beskeder-02-768x480.jpg 768w, https:\/\/www.dui.dk\/123\/wp-content\/uploads\/sites\/75\/2024\/09\/Send-beskeder-02-600x375.jpg 600w\" sizes=\"auto, (max-width: 1200px) 100vw, 1200px\" \/><\/a><\/p>\n<p>3.\u00a0 V\u00e6lg den eller de grupper der skal modtage beskeden og klik p\u00e5 &#8220;Godkend &#8211; nu er beskeden sendt.<\/p>\n<p><a href=\"https:\/\/www.dui.dk\/123\/wp-content\/uploads\/sites\/75\/2024\/09\/Send-beskeder-03.jpg\"><img loading=\"lazy\" decoding=\"async\" class=\"alignnone wp-image-1465 size-full\" src=\"https:\/\/www.dui.dk\/123\/wp-content\/uploads\/sites\/75\/2024\/09\/Send-beskeder-03.jpg\" alt=\"\" width=\"1200\" height=\"750\" srcset=\"https:\/\/www.dui.dk\/123\/wp-content\/uploads\/sites\/75\/2024\/09\/Send-beskeder-03.jpg 1200w, https:\/\/www.dui.dk\/123\/wp-content\/uploads\/sites\/75\/2024\/09\/Send-beskeder-03-300x188.jpg 300w, https:\/\/www.dui.dk\/123\/wp-content\/uploads\/sites\/75\/2024\/09\/Send-beskeder-03-1024x640.jpg 1024w, https:\/\/www.dui.dk\/123\/wp-content\/uploads\/sites\/75\/2024\/09\/Send-beskeder-03-768x480.jpg 768w, https:\/\/www.dui.dk\/123\/wp-content\/uploads\/sites\/75\/2024\/09\/Send-beskeder-03-600x375.jpg 600w\" sizes=\"auto, (max-width: 1200px) 100vw, 1200px\" \/><\/a><\/p>\n<p>4.\u00a0 I appen kommer der en notifikation og beskeden kan ses under &#8220;Beskeder&#8221;.<\/p>\n<p><a href=\"https:\/\/www.dui.dk\/123\/wp-content\/uploads\/sites\/75\/2024\/09\/Send-beskeder-04.jpg\"><img loading=\"lazy\" decoding=\"async\" class=\"alignnone wp-image-1466 size-full\" src=\"https:\/\/www.dui.dk\/123\/wp-content\/uploads\/sites\/75\/2024\/09\/Send-beskeder-04.jpg\" alt=\"\" width=\"1200\" height=\"750\" srcset=\"https:\/\/www.dui.dk\/123\/wp-content\/uploads\/sites\/75\/2024\/09\/Send-beskeder-04.jpg 1200w, https:\/\/www.dui.dk\/123\/wp-content\/uploads\/sites\/75\/2024\/09\/Send-beskeder-04-300x188.jpg 300w, https:\/\/www.dui.dk\/123\/wp-content\/uploads\/sites\/75\/2024\/09\/Send-beskeder-04-1024x640.jpg 1024w, https:\/\/www.dui.dk\/123\/wp-content\/uploads\/sites\/75\/2024\/09\/Send-beskeder-04-768x480.jpg 768w, https:\/\/www.dui.dk\/123\/wp-content\/uploads\/sites\/75\/2024\/09\/Send-beskeder-04-600x375.jpg 600w\" sizes=\"auto, (max-width: 1200px) 100vw, 1200px\" \/><\/a><\/p>\n","protected":false},"excerpt":{"rendered":"<p>I Vores DUI er det muligt at sende en besked. Det kan g\u00f8res meget let og beskeden kan begr\u00e6nset til en enkelt gruppe. &nbsp; (Klik p\u00e5 billederne for at g\u00f8re dem st\u00f8rre) &nbsp; 1.\u00a0 Klik ind under menuen &#8220;Beskeder&#8221; og klik p\u00e5 &#8220;Opret besked&#8221; i toppen. 2.\u00a0 Udfyld blanketten og tryk &#8220;V\u00e6lg modtager&#8221;. Bem\u00e6rk hvis [&hellip;]<\/p>\n","protected":false},"author":4,"featured_media":0,"parent":0,"menu_order":0,"comment_status":"closed","ping_status":"closed","template":"","meta":{"_acf_changed":false,"footnotes":""},"class_list":["post-1462","page","type-page","status-publish","hentry"],"acf":[],"yoast_head":"<!-- This site is optimized with the Yoast SEO plugin v27.1.1 - https:\/\/yoast.com\/product\/yoast-seo-wordpress\/ -->\n<title>MINI-GUIDE: Send beskeder -<\/title>\n<meta name=\"robots\" content=\"index, follow, max-snippet:-1, max-image-preview:large, max-video-preview:-1\" \/>\n<link rel=\"canonical\" href=\"https:\/\/www.dui.dk\/123\/mini-guide-send-beskeder\/\" \/>\n<meta property=\"og:locale\" content=\"da_DK\" \/>\n<meta property=\"og:type\" content=\"article\" \/>\n<meta property=\"og:title\" content=\"MINI-GUIDE: Send beskeder -\" \/>\n<meta property=\"og:description\" content=\"I Vores DUI er det muligt at sende en besked. Det kan g\u00f8res meget let og beskeden kan begr\u00e6nset til en enkelt gruppe. &nbsp; (Klik p\u00e5 billederne for at g\u00f8re dem st\u00f8rre) &nbsp; 1.\u00a0 Klik ind under menuen &#8220;Beskeder&#8221; og klik p\u00e5 &#8220;Opret besked&#8221; i toppen. 2.\u00a0 Udfyld blanketten og tryk &#8220;V\u00e6lg modtager&#8221;. Bem\u00e6rk hvis [&hellip;]\" \/>\n<meta property=\"og:url\" content=\"https:\/\/www.dui.dk\/123\/mini-guide-send-beskeder\/\" \/>\n<meta property=\"og:image\" content=\"https:\/\/www.dui.dk\/123\/wp-content\/uploads\/sites\/75\/2024\/09\/Send-beskeder-01.jpg\" \/>\n<meta name=\"twitter:card\" content=\"summary_large_image\" \/>\n<meta name=\"twitter:label1\" content=\"Estimeret l\u00e6setid\" \/>\n\t<meta name=\"twitter:data1\" content=\"2 minutter\" \/>\n<script type=\"application\/ld+json\" class=\"yoast-schema-graph\">{\"@context\":\"https:\/\/schema.org\",\"@graph\":[{\"@type\":\"WebPage\",\"@id\":\"https:\/\/www.dui.dk\/123\/mini-guide-send-beskeder\/\",\"url\":\"https:\/\/www.dui.dk\/123\/mini-guide-send-beskeder\/\",\"name\":\"MINI-GUIDE: Send beskeder -\",\"isPartOf\":{\"@id\":\"https:\/\/www.dui.dk\/123\/#website\"},\"primaryImageOfPage\":{\"@id\":\"https:\/\/www.dui.dk\/123\/mini-guide-send-beskeder\/#primaryimage\"},\"image\":{\"@id\":\"https:\/\/www.dui.dk\/123\/mini-guide-send-beskeder\/#primaryimage\"},\"thumbnailUrl\":\"https:\/\/www.dui.dk\/123\/wp-content\/uploads\/sites\/75\/2024\/09\/Send-beskeder-01.jpg\",\"datePublished\":\"2024-09-10T12:33:34+00:00\",\"breadcrumb\":{\"@id\":\"https:\/\/www.dui.dk\/123\/mini-guide-send-beskeder\/#breadcrumb\"},\"inLanguage\":\"da-DK\",\"potentialAction\":[{\"@type\":\"ReadAction\",\"target\":[\"https:\/\/www.dui.dk\/123\/mini-guide-send-beskeder\/\"]}]},{\"@type\":\"ImageObject\",\"inLanguage\":\"da-DK\",\"@id\":\"https:\/\/www.dui.dk\/123\/mini-guide-send-beskeder\/#primaryimage\",\"url\":\"https:\/\/www.dui.dk\/123\/wp-content\/uploads\/sites\/75\/2024\/09\/Send-beskeder-01.jpg\",\"contentUrl\":\"https:\/\/www.dui.dk\/123\/wp-content\/uploads\/sites\/75\/2024\/09\/Send-beskeder-01.jpg\"},{\"@type\":\"BreadcrumbList\",\"@id\":\"https:\/\/www.dui.dk\/123\/mini-guide-send-beskeder\/#breadcrumb\",\"itemListElement\":[{\"@type\":\"ListItem\",\"position\":1,\"name\":\"Hjem\",\"item\":\"https:\/\/www.dui.dk\/123\/\"},{\"@type\":\"ListItem\",\"position\":2,\"name\":\"MINI-GUIDE: Send beskeder\"}]},{\"@type\":\"WebSite\",\"@id\":\"https:\/\/www.dui.dk\/123\/#website\",\"url\":\"https:\/\/www.dui.dk\/123\/\",\"name\":\"\",\"description\":\"Endnu en DUI-LEG og VIRKE lokalafdelinger-side\",\"potentialAction\":[{\"@type\":\"SearchAction\",\"target\":{\"@type\":\"EntryPoint\",\"urlTemplate\":\"https:\/\/www.dui.dk\/123\/?s={search_term_string}\"},\"query-input\":{\"@type\":\"PropertyValueSpecification\",\"valueRequired\":true,\"valueName\":\"search_term_string\"}}],\"inLanguage\":\"da-DK\"}]}<\/script>\n<!-- \/ Yoast SEO plugin. -->","yoast_head_json":{"title":"MINI-GUIDE: Send beskeder -","robots":{"index":"index","follow":"follow","max-snippet":"max-snippet:-1","max-image-preview":"max-image-preview:large","max-video-preview":"max-video-preview:-1"},"canonical":"https:\/\/www.dui.dk\/123\/mini-guide-send-beskeder\/","og_locale":"da_DK","og_type":"article","og_title":"MINI-GUIDE: Send beskeder -","og_description":"I Vores DUI er det muligt at sende en besked. Det kan g\u00f8res meget let og beskeden kan begr\u00e6nset til en enkelt gruppe. &nbsp; (Klik p\u00e5 billederne for at g\u00f8re dem st\u00f8rre) &nbsp; 1.\u00a0 Klik ind under menuen &#8220;Beskeder&#8221; og klik p\u00e5 &#8220;Opret besked&#8221; i toppen. 2.\u00a0 Udfyld blanketten og tryk &#8220;V\u00e6lg modtager&#8221;. Bem\u00e6rk hvis [&hellip;]","og_url":"https:\/\/www.dui.dk\/123\/mini-guide-send-beskeder\/","og_image":[{"url":"https:\/\/www.dui.dk\/123\/wp-content\/uploads\/sites\/75\/2024\/09\/Send-beskeder-01.jpg","type":"","width":"","height":""}],"twitter_card":"summary_large_image","twitter_misc":{"Estimeret l\u00e6setid":"2 minutter"},"schema":{"@context":"https:\/\/schema.org","@graph":[{"@type":"WebPage","@id":"https:\/\/www.dui.dk\/123\/mini-guide-send-beskeder\/","url":"https:\/\/www.dui.dk\/123\/mini-guide-send-beskeder\/","name":"MINI-GUIDE: Send beskeder -","isPartOf":{"@id":"https:\/\/www.dui.dk\/123\/#website"},"primaryImageOfPage":{"@id":"https:\/\/www.dui.dk\/123\/mini-guide-send-beskeder\/#primaryimage"},"image":{"@id":"https:\/\/www.dui.dk\/123\/mini-guide-send-beskeder\/#primaryimage"},"thumbnailUrl":"https:\/\/www.dui.dk\/123\/wp-content\/uploads\/sites\/75\/2024\/09\/Send-beskeder-01.jpg","datePublished":"2024-09-10T12:33:34+00:00","breadcrumb":{"@id":"https:\/\/www.dui.dk\/123\/mini-guide-send-beskeder\/#breadcrumb"},"inLanguage":"da-DK","potentialAction":[{"@type":"ReadAction","target":["https:\/\/www.dui.dk\/123\/mini-guide-send-beskeder\/"]}]},{"@type":"ImageObject","inLanguage":"da-DK","@id":"https:\/\/www.dui.dk\/123\/mini-guide-send-beskeder\/#primaryimage","url":"https:\/\/www.dui.dk\/123\/wp-content\/uploads\/sites\/75\/2024\/09\/Send-beskeder-01.jpg","contentUrl":"https:\/\/www.dui.dk\/123\/wp-content\/uploads\/sites\/75\/2024\/09\/Send-beskeder-01.jpg"},{"@type":"BreadcrumbList","@id":"https:\/\/www.dui.dk\/123\/mini-guide-send-beskeder\/#breadcrumb","itemListElement":[{"@type":"ListItem","position":1,"name":"Hjem","item":"https:\/\/www.dui.dk\/123\/"},{"@type":"ListItem","position":2,"name":"MINI-GUIDE: Send beskeder"}]},{"@type":"WebSite","@id":"https:\/\/www.dui.dk\/123\/#website","url":"https:\/\/www.dui.dk\/123\/","name":"","description":"Endnu en DUI-LEG og VIRKE lokalafdelinger-side","potentialAction":[{"@type":"SearchAction","target":{"@type":"EntryPoint","urlTemplate":"https:\/\/www.dui.dk\/123\/?s={search_term_string}"},"query-input":{"@type":"PropertyValueSpecification","valueRequired":true,"valueName":"search_term_string"}}],"inLanguage":"da-DK"}]}},"_links":{"self":[{"href":"https:\/\/www.dui.dk\/123\/wp-json\/wp\/v2\/pages\/1462","targetHints":{"allow":["GET"]}}],"collection":[{"href":"https:\/\/www.dui.dk\/123\/wp-json\/wp\/v2\/pages"}],"about":[{"href":"https:\/\/www.dui.dk\/123\/wp-json\/wp\/v2\/types\/page"}],"author":[{"embeddable":true,"href":"https:\/\/www.dui.dk\/123\/wp-json\/wp\/v2\/users\/4"}],"replies":[{"embeddable":true,"href":"https:\/\/www.dui.dk\/123\/wp-json\/wp\/v2\/comments?post=1462"}],"version-history":[{"count":1,"href":"https:\/\/www.dui.dk\/123\/wp-json\/wp\/v2\/pages\/1462\/revisions"}],"predecessor-version":[{"id":1467,"href":"https:\/\/www.dui.dk\/123\/wp-json\/wp\/v2\/pages\/1462\/revisions\/1467"}],"wp:attachment":[{"href":"https:\/\/www.dui.dk\/123\/wp-json\/wp\/v2\/media?parent=1462"}],"curies":[{"name":"wp","href":"https:\/\/api.w.org\/{rel}","templated":true}]}}