{"id":1435,"date":"2024-09-09T22:35:04","date_gmt":"2024-09-09T22:35:04","guid":{"rendered":"https:\/\/www.dui.dk\/123\/?page_id=1435"},"modified":"2024-09-10T08:52:05","modified_gmt":"2024-09-10T08:52:05","slug":"mini-guide-opret-relationer","status":"publish","type":"page","link":"https:\/\/www.dui.dk\/123\/mini-guide-opret-relationer\/","title":{"rendered":"MINI-GUIDE: Opret relationer"},"content":{"rendered":"<p>Relationer er vigtig i forhold til opkr\u00e6vninger, hvor det er muligt at opkr\u00e6ve hustanden. Det betyder at alle der er relateret bliver opkr\u00e6vet samlet. Men relationer er ogs\u00e5 vigtigt i forhold til adgangen via appen. Hvis man bliver registreret som barn under sine for\u00e6ldre. S\u00e5 har for\u00e6ldrene nemlig adgang til at kunne tilmelde sine b\u00f8rn til aktiviteterne.<\/p>\n<p style=\"text-align: right;\"><em>(Klik p\u00e5 billederne for at g\u00f8re dem st\u00f8rre)<\/em><\/p>\n<p>&nbsp;<\/p>\n<p>1.\u00a0 Hvis du skal oprettet relationer i forbindelse med et familiemedlemsskab, s\u00e5 skal klikke p\u00e5 navnet og derefter relationer.<\/p>\n<p><a href=\"https:\/\/www.dui.dk\/123\/wp-content\/uploads\/sites\/75\/2024\/09\/Opret-relation-01.jpg\"><img loading=\"lazy\" decoding=\"async\" class=\"alignnone wp-image-1437 size-full\" src=\"https:\/\/www.dui.dk\/123\/wp-content\/uploads\/sites\/75\/2024\/09\/Opret-relation-01.jpg\" alt=\"\" width=\"1200\" height=\"750\" srcset=\"https:\/\/www.dui.dk\/123\/wp-content\/uploads\/sites\/75\/2024\/09\/Opret-relation-01.jpg 1200w, https:\/\/www.dui.dk\/123\/wp-content\/uploads\/sites\/75\/2024\/09\/Opret-relation-01-300x188.jpg 300w, https:\/\/www.dui.dk\/123\/wp-content\/uploads\/sites\/75\/2024\/09\/Opret-relation-01-1024x640.jpg 1024w, https:\/\/www.dui.dk\/123\/wp-content\/uploads\/sites\/75\/2024\/09\/Opret-relation-01-768x480.jpg 768w, https:\/\/www.dui.dk\/123\/wp-content\/uploads\/sites\/75\/2024\/09\/Opret-relation-01-600x375.jpg 600w\" sizes=\"auto, (max-width: 1200px) 100vw, 1200px\" \/><\/a><\/p>\n<p>2.\u00a0 Nu kan du se om der allerede er relationer tilf\u00f8jet. Klik p\u00e5 tilf\u00f8je relation for at opret nye.<\/p>\n<p><a href=\"https:\/\/www.dui.dk\/123\/wp-content\/uploads\/sites\/75\/2024\/09\/Opret-relation-02.jpg\"><img loading=\"lazy\" decoding=\"async\" class=\"alignnone wp-image-1438 size-full\" src=\"https:\/\/www.dui.dk\/123\/wp-content\/uploads\/sites\/75\/2024\/09\/Opret-relation-02.jpg\" alt=\"\" width=\"1200\" height=\"750\" srcset=\"https:\/\/www.dui.dk\/123\/wp-content\/uploads\/sites\/75\/2024\/09\/Opret-relation-02.jpg 1200w, https:\/\/www.dui.dk\/123\/wp-content\/uploads\/sites\/75\/2024\/09\/Opret-relation-02-300x188.jpg 300w, https:\/\/www.dui.dk\/123\/wp-content\/uploads\/sites\/75\/2024\/09\/Opret-relation-02-1024x640.jpg 1024w, https:\/\/www.dui.dk\/123\/wp-content\/uploads\/sites\/75\/2024\/09\/Opret-relation-02-768x480.jpg 768w, https:\/\/www.dui.dk\/123\/wp-content\/uploads\/sites\/75\/2024\/09\/Opret-relation-02-600x375.jpg 600w\" sizes=\"auto, (max-width: 1200px) 100vw, 1200px\" \/><\/a><\/p>\n<p>3.\u00a0 Brug s\u00f8gefeltet eller rul ned og markere navnet du vil tilf\u00f8je &#8211; bem\u00e6rk kun et navn ad gangen. I bunden v\u00e6lges om det er en for\u00e6ldre eller et barn du tilf\u00f8jer. For\u00e6ldre har adgang for deres b\u00f8rn i appen. St\u00f8rre b\u00f8rn der skal have egen adgang i appen og \u00e6gtef\u00e6ller tilf\u00f8jes som &#8220;\u00f8vrig medlem af husstanden&#8221;.<\/p>\n<p><a href=\"https:\/\/www.dui.dk\/123\/wp-content\/uploads\/sites\/75\/2024\/09\/Opret-relation-03.jpg\"><img loading=\"lazy\" decoding=\"async\" class=\"alignnone wp-image-1439 size-full\" src=\"https:\/\/www.dui.dk\/123\/wp-content\/uploads\/sites\/75\/2024\/09\/Opret-relation-03.jpg\" alt=\"\" width=\"1200\" height=\"750\" srcset=\"https:\/\/www.dui.dk\/123\/wp-content\/uploads\/sites\/75\/2024\/09\/Opret-relation-03.jpg 1200w, https:\/\/www.dui.dk\/123\/wp-content\/uploads\/sites\/75\/2024\/09\/Opret-relation-03-300x188.jpg 300w, https:\/\/www.dui.dk\/123\/wp-content\/uploads\/sites\/75\/2024\/09\/Opret-relation-03-1024x640.jpg 1024w, https:\/\/www.dui.dk\/123\/wp-content\/uploads\/sites\/75\/2024\/09\/Opret-relation-03-768x480.jpg 768w, https:\/\/www.dui.dk\/123\/wp-content\/uploads\/sites\/75\/2024\/09\/Opret-relation-03-600x375.jpg 600w\" sizes=\"auto, (max-width: 1200px) 100vw, 1200px\" \/><\/a><\/p>\n<p>4.\u00a0 Som udgangspunkt skal begge for\u00e6ldre have adgang til systemet for deres b\u00f8rn. Derfor anbefaler vi, at man ogs\u00e5 finder den anden for\u00e6ldre og laver samme relationer. Nu kan begge for\u00e6ldre nemlig tilmelde b\u00f8rnene i appen.<\/p>\n<p><img loading=\"lazy\" decoding=\"async\" class=\"alignnone size-full wp-image-1440\" src=\"https:\/\/www.dui.dk\/123\/wp-content\/uploads\/sites\/75\/2024\/09\/Opret-relation-04.jpg\" alt=\"\" width=\"1200\" height=\"750\" data-wp-editing=\"1\" srcset=\"https:\/\/www.dui.dk\/123\/wp-content\/uploads\/sites\/75\/2024\/09\/Opret-relation-04.jpg 1200w, https:\/\/www.dui.dk\/123\/wp-content\/uploads\/sites\/75\/2024\/09\/Opret-relation-04-300x188.jpg 300w, https:\/\/www.dui.dk\/123\/wp-content\/uploads\/sites\/75\/2024\/09\/Opret-relation-04-1024x640.jpg 1024w, https:\/\/www.dui.dk\/123\/wp-content\/uploads\/sites\/75\/2024\/09\/Opret-relation-04-768x480.jpg 768w, https:\/\/www.dui.dk\/123\/wp-content\/uploads\/sites\/75\/2024\/09\/Opret-relation-04-600x375.jpg 600w\" sizes=\"auto, (max-width: 1200px) 100vw, 1200px\" \/><\/p>\n<p>&nbsp;<\/p>\n<p>&nbsp;<\/p>\n<p>&nbsp;<\/p>\n","protected":false},"excerpt":{"rendered":"<p>Relationer er vigtig i forhold til opkr\u00e6vninger, hvor det er muligt at opkr\u00e6ve hustanden. Det betyder at alle der er relateret bliver opkr\u00e6vet samlet. Men relationer er ogs\u00e5 vigtigt i forhold til adgangen via appen. Hvis man bliver registreret som barn under sine for\u00e6ldre. S\u00e5 har for\u00e6ldrene nemlig adgang til at kunne tilmelde sine b\u00f8rn [&hellip;]<\/p>\n","protected":false},"author":4,"featured_media":0,"parent":0,"menu_order":0,"comment_status":"closed","ping_status":"closed","template":"","meta":{"_acf_changed":false,"footnotes":""},"class_list":["post-1435","page","type-page","status-publish","hentry"],"acf":[],"yoast_head":"<!-- This site is optimized with the Yoast SEO plugin v27.1.1 - https:\/\/yoast.com\/product\/yoast-seo-wordpress\/ -->\n<title>MINI-GUIDE: Opret relationer -<\/title>\n<meta name=\"robots\" content=\"index, follow, max-snippet:-1, max-image-preview:large, max-video-preview:-1\" \/>\n<link rel=\"canonical\" href=\"https:\/\/www.dui.dk\/123\/mini-guide-opret-relationer\/\" \/>\n<meta property=\"og:locale\" content=\"da_DK\" \/>\n<meta property=\"og:type\" content=\"article\" \/>\n<meta property=\"og:title\" content=\"MINI-GUIDE: Opret relationer -\" \/>\n<meta property=\"og:description\" content=\"Relationer er vigtig i forhold til opkr\u00e6vninger, hvor det er muligt at opkr\u00e6ve hustanden. Det betyder at alle der er relateret bliver opkr\u00e6vet samlet. Men relationer er ogs\u00e5 vigtigt i forhold til adgangen via appen. Hvis man bliver registreret som barn under sine for\u00e6ldre. S\u00e5 har for\u00e6ldrene nemlig adgang til at kunne tilmelde sine b\u00f8rn [&hellip;]\" \/>\n<meta property=\"og:url\" content=\"https:\/\/www.dui.dk\/123\/mini-guide-opret-relationer\/\" \/>\n<meta property=\"article:modified_time\" content=\"2024-09-10T08:52:05+00:00\" \/>\n<meta property=\"og:image\" content=\"https:\/\/www.dui.dk\/123\/wp-content\/uploads\/sites\/75\/2024\/09\/Opret-relation-01.jpg\" \/>\n<meta name=\"twitter:card\" content=\"summary_large_image\" \/>\n<meta name=\"twitter:label1\" content=\"Estimeret l\u00e6setid\" \/>\n\t<meta name=\"twitter:data1\" content=\"2 minutter\" \/>\n<script type=\"application\/ld+json\" class=\"yoast-schema-graph\">{\"@context\":\"https:\/\/schema.org\",\"@graph\":[{\"@type\":\"WebPage\",\"@id\":\"https:\/\/www.dui.dk\/123\/mini-guide-opret-relationer\/\",\"url\":\"https:\/\/www.dui.dk\/123\/mini-guide-opret-relationer\/\",\"name\":\"MINI-GUIDE: Opret relationer -\",\"isPartOf\":{\"@id\":\"https:\/\/www.dui.dk\/123\/#website\"},\"primaryImageOfPage\":{\"@id\":\"https:\/\/www.dui.dk\/123\/mini-guide-opret-relationer\/#primaryimage\"},\"image\":{\"@id\":\"https:\/\/www.dui.dk\/123\/mini-guide-opret-relationer\/#primaryimage\"},\"thumbnailUrl\":\"https:\/\/www.dui.dk\/123\/wp-content\/uploads\/sites\/75\/2024\/09\/Opret-relation-01.jpg\",\"datePublished\":\"2024-09-09T22:35:04+00:00\",\"dateModified\":\"2024-09-10T08:52:05+00:00\",\"breadcrumb\":{\"@id\":\"https:\/\/www.dui.dk\/123\/mini-guide-opret-relationer\/#breadcrumb\"},\"inLanguage\":\"da-DK\",\"potentialAction\":[{\"@type\":\"ReadAction\",\"target\":[\"https:\/\/www.dui.dk\/123\/mini-guide-opret-relationer\/\"]}]},{\"@type\":\"ImageObject\",\"inLanguage\":\"da-DK\",\"@id\":\"https:\/\/www.dui.dk\/123\/mini-guide-opret-relationer\/#primaryimage\",\"url\":\"https:\/\/www.dui.dk\/123\/wp-content\/uploads\/sites\/75\/2024\/09\/Opret-relation-01.jpg\",\"contentUrl\":\"https:\/\/www.dui.dk\/123\/wp-content\/uploads\/sites\/75\/2024\/09\/Opret-relation-01.jpg\",\"width\":1200,\"height\":750},{\"@type\":\"BreadcrumbList\",\"@id\":\"https:\/\/www.dui.dk\/123\/mini-guide-opret-relationer\/#breadcrumb\",\"itemListElement\":[{\"@type\":\"ListItem\",\"position\":1,\"name\":\"Hjem\",\"item\":\"https:\/\/www.dui.dk\/123\/\"},{\"@type\":\"ListItem\",\"position\":2,\"name\":\"MINI-GUIDE: Opret relationer\"}]},{\"@type\":\"WebSite\",\"@id\":\"https:\/\/www.dui.dk\/123\/#website\",\"url\":\"https:\/\/www.dui.dk\/123\/\",\"name\":\"\",\"description\":\"Endnu en DUI-LEG og VIRKE lokalafdelinger-side\",\"potentialAction\":[{\"@type\":\"SearchAction\",\"target\":{\"@type\":\"EntryPoint\",\"urlTemplate\":\"https:\/\/www.dui.dk\/123\/?s={search_term_string}\"},\"query-input\":{\"@type\":\"PropertyValueSpecification\",\"valueRequired\":true,\"valueName\":\"search_term_string\"}}],\"inLanguage\":\"da-DK\"}]}<\/script>\n<!-- \/ Yoast SEO plugin. -->","yoast_head_json":{"title":"MINI-GUIDE: Opret relationer -","robots":{"index":"index","follow":"follow","max-snippet":"max-snippet:-1","max-image-preview":"max-image-preview:large","max-video-preview":"max-video-preview:-1"},"canonical":"https:\/\/www.dui.dk\/123\/mini-guide-opret-relationer\/","og_locale":"da_DK","og_type":"article","og_title":"MINI-GUIDE: Opret relationer -","og_description":"Relationer er vigtig i forhold til opkr\u00e6vninger, hvor det er muligt at opkr\u00e6ve hustanden. Det betyder at alle der er relateret bliver opkr\u00e6vet samlet. Men relationer er ogs\u00e5 vigtigt i forhold til adgangen via appen. Hvis man bliver registreret som barn under sine for\u00e6ldre. S\u00e5 har for\u00e6ldrene nemlig adgang til at kunne tilmelde sine b\u00f8rn [&hellip;]","og_url":"https:\/\/www.dui.dk\/123\/mini-guide-opret-relationer\/","article_modified_time":"2024-09-10T08:52:05+00:00","og_image":[{"url":"https:\/\/www.dui.dk\/123\/wp-content\/uploads\/sites\/75\/2024\/09\/Opret-relation-01.jpg","type":"","width":"","height":""}],"twitter_card":"summary_large_image","twitter_misc":{"Estimeret l\u00e6setid":"2 minutter"},"schema":{"@context":"https:\/\/schema.org","@graph":[{"@type":"WebPage","@id":"https:\/\/www.dui.dk\/123\/mini-guide-opret-relationer\/","url":"https:\/\/www.dui.dk\/123\/mini-guide-opret-relationer\/","name":"MINI-GUIDE: Opret relationer -","isPartOf":{"@id":"https:\/\/www.dui.dk\/123\/#website"},"primaryImageOfPage":{"@id":"https:\/\/www.dui.dk\/123\/mini-guide-opret-relationer\/#primaryimage"},"image":{"@id":"https:\/\/www.dui.dk\/123\/mini-guide-opret-relationer\/#primaryimage"},"thumbnailUrl":"https:\/\/www.dui.dk\/123\/wp-content\/uploads\/sites\/75\/2024\/09\/Opret-relation-01.jpg","datePublished":"2024-09-09T22:35:04+00:00","dateModified":"2024-09-10T08:52:05+00:00","breadcrumb":{"@id":"https:\/\/www.dui.dk\/123\/mini-guide-opret-relationer\/#breadcrumb"},"inLanguage":"da-DK","potentialAction":[{"@type":"ReadAction","target":["https:\/\/www.dui.dk\/123\/mini-guide-opret-relationer\/"]}]},{"@type":"ImageObject","inLanguage":"da-DK","@id":"https:\/\/www.dui.dk\/123\/mini-guide-opret-relationer\/#primaryimage","url":"https:\/\/www.dui.dk\/123\/wp-content\/uploads\/sites\/75\/2024\/09\/Opret-relation-01.jpg","contentUrl":"https:\/\/www.dui.dk\/123\/wp-content\/uploads\/sites\/75\/2024\/09\/Opret-relation-01.jpg","width":1200,"height":750},{"@type":"BreadcrumbList","@id":"https:\/\/www.dui.dk\/123\/mini-guide-opret-relationer\/#breadcrumb","itemListElement":[{"@type":"ListItem","position":1,"name":"Hjem","item":"https:\/\/www.dui.dk\/123\/"},{"@type":"ListItem","position":2,"name":"MINI-GUIDE: Opret relationer"}]},{"@type":"WebSite","@id":"https:\/\/www.dui.dk\/123\/#website","url":"https:\/\/www.dui.dk\/123\/","name":"","description":"Endnu en DUI-LEG og VIRKE lokalafdelinger-side","potentialAction":[{"@type":"SearchAction","target":{"@type":"EntryPoint","urlTemplate":"https:\/\/www.dui.dk\/123\/?s={search_term_string}"},"query-input":{"@type":"PropertyValueSpecification","valueRequired":true,"valueName":"search_term_string"}}],"inLanguage":"da-DK"}]}},"_links":{"self":[{"href":"https:\/\/www.dui.dk\/123\/wp-json\/wp\/v2\/pages\/1435","targetHints":{"allow":["GET"]}}],"collection":[{"href":"https:\/\/www.dui.dk\/123\/wp-json\/wp\/v2\/pages"}],"about":[{"href":"https:\/\/www.dui.dk\/123\/wp-json\/wp\/v2\/types\/page"}],"author":[{"embeddable":true,"href":"https:\/\/www.dui.dk\/123\/wp-json\/wp\/v2\/users\/4"}],"replies":[{"embeddable":true,"href":"https:\/\/www.dui.dk\/123\/wp-json\/wp\/v2\/comments?post=1435"}],"version-history":[{"count":4,"href":"https:\/\/www.dui.dk\/123\/wp-json\/wp\/v2\/pages\/1435\/revisions"}],"predecessor-version":[{"id":1460,"href":"https:\/\/www.dui.dk\/123\/wp-json\/wp\/v2\/pages\/1435\/revisions\/1460"}],"wp:attachment":[{"href":"https:\/\/www.dui.dk\/123\/wp-json\/wp\/v2\/media?parent=1435"}],"curies":[{"name":"wp","href":"https:\/\/api.w.org\/{rel}","templated":true}]}}