{"id":1424,"date":"2024-08-28T12:30:01","date_gmt":"2024-08-28T12:30:01","guid":{"rendered":"https:\/\/www.dui.dk\/123\/?page_id=1424"},"modified":"2024-09-11T09:30:30","modified_gmt":"2024-09-11T09:30:30","slug":"mini-guide-opret-en-aktivitet","status":"publish","type":"page","link":"https:\/\/www.dui.dk\/123\/mini-guide-opret-en-aktivitet\/","title":{"rendered":"MINI-GUIDE: Opret en aktivitet"},"content":{"rendered":"<p>I forbindelse med oprettelses af aktiviteter, er det vigtigt, at man ogs\u00e5 har helt styr p\u00e5 sine grupper. I samspil med grupperne, kan man nemlig nemt styre hvem der har adgang til hvilke aktiviteter.<\/p>\n<p style=\"text-align: right;\"><em>(Klik p\u00e5 billederne for at g\u00f8re dem st\u00f8rre)<\/em><\/p>\n<p>&nbsp;<\/p>\n<p>1. Klik ind under menuen \u201cAktiviteter\u201d og klik p\u00e5 \u201cOpret aktivitet\u201d i toppen.<\/p>\n<p><a href=\"https:\/\/www.dui.dk\/123\/wp-content\/uploads\/sites\/75\/2024\/08\/Opret-aktivitet-01.jpg\"><img loading=\"lazy\" decoding=\"async\" class=\"alignnone wp-image-1426 size-full\" src=\"https:\/\/www.dui.dk\/123\/wp-content\/uploads\/sites\/75\/2024\/08\/Opret-aktivitet-01.jpg\" alt=\"\" width=\"1200\" height=\"750\" srcset=\"https:\/\/www.dui.dk\/123\/wp-content\/uploads\/sites\/75\/2024\/08\/Opret-aktivitet-01.jpg 1200w, https:\/\/www.dui.dk\/123\/wp-content\/uploads\/sites\/75\/2024\/08\/Opret-aktivitet-01-300x188.jpg 300w, https:\/\/www.dui.dk\/123\/wp-content\/uploads\/sites\/75\/2024\/08\/Opret-aktivitet-01-1024x640.jpg 1024w, https:\/\/www.dui.dk\/123\/wp-content\/uploads\/sites\/75\/2024\/08\/Opret-aktivitet-01-768x480.jpg 768w, https:\/\/www.dui.dk\/123\/wp-content\/uploads\/sites\/75\/2024\/08\/Opret-aktivitet-01-600x375.jpg 600w\" sizes=\"auto, (max-width: 1200px) 100vw, 1200px\" \/><\/a><\/p>\n<p>2.\u00a0V\u00e6lge hvilken aktivitetstype der skal oprettes. Bem\u00e6rk hver type har deres egen farve som ogs\u00e5 er synlig p\u00e5 aktivitetshjulet i appen.<\/p>\n<p><a href=\"https:\/\/www.dui.dk\/123\/wp-content\/uploads\/sites\/75\/2024\/08\/Opret-aktivitet-02.jpg\"><img loading=\"lazy\" decoding=\"async\" class=\"alignnone wp-image-1427 size-full\" src=\"https:\/\/www.dui.dk\/123\/wp-content\/uploads\/sites\/75\/2024\/08\/Opret-aktivitet-02.jpg\" alt=\"\" width=\"1200\" height=\"750\" srcset=\"https:\/\/www.dui.dk\/123\/wp-content\/uploads\/sites\/75\/2024\/08\/Opret-aktivitet-02.jpg 1200w, https:\/\/www.dui.dk\/123\/wp-content\/uploads\/sites\/75\/2024\/08\/Opret-aktivitet-02-300x188.jpg 300w, https:\/\/www.dui.dk\/123\/wp-content\/uploads\/sites\/75\/2024\/08\/Opret-aktivitet-02-1024x640.jpg 1024w, https:\/\/www.dui.dk\/123\/wp-content\/uploads\/sites\/75\/2024\/08\/Opret-aktivitet-02-768x480.jpg 768w, https:\/\/www.dui.dk\/123\/wp-content\/uploads\/sites\/75\/2024\/08\/Opret-aktivitet-02-600x375.jpg 600w\" sizes=\"auto, (max-width: 1200px) 100vw, 1200px\" \/><\/a><\/p>\n<p>3.\u00a0Udfyld blanketten med data om aktiviteten. Det er muligt at inds\u00e6ttes coverbillede for aktiviteten, samt billeder til beskrivelsen. Hvis aktiviteten har et deltagergebyr opkr\u00e6ves man automatisk betaling i forbindelse med tilmeldingen.<\/p>\n<p>Bem\u00e6rk at den aktivitetsansvarlige som udgangspunkt deltagere uden betaling. Alternativt kan man som aktivitetsansvarligt, framelde sig og tilmelde sig igen, s\u00e5 skulle man meget gerne blive opkr\u00e6vet p\u00e5 lige fod med alle andre.<\/p>\n<p>I bunden af blanketten skal man tage stilling til forskellige ting, f.eks. om aktiviteten skal v\u00e6re synlig for alle selvom det kun er de inviterede der kan deltage og om alle automatisk skal v\u00e6re tilmeldt (Hvilket virker rigtig godt til en bestyrelse, for s\u00e5 skal man i stedet melde fra hvis man ikke deltager).<\/p>\n<p><a href=\"https:\/\/www.dui.dk\/123\/wp-content\/uploads\/sites\/75\/2024\/08\/Opret-aktivitet-03.jpg\"><img loading=\"lazy\" decoding=\"async\" class=\"alignnone wp-image-1428 size-full\" src=\"https:\/\/www.dui.dk\/123\/wp-content\/uploads\/sites\/75\/2024\/08\/Opret-aktivitet-03.jpg\" alt=\"\" width=\"1200\" height=\"750\" srcset=\"https:\/\/www.dui.dk\/123\/wp-content\/uploads\/sites\/75\/2024\/08\/Opret-aktivitet-03.jpg 1200w, https:\/\/www.dui.dk\/123\/wp-content\/uploads\/sites\/75\/2024\/08\/Opret-aktivitet-03-300x188.jpg 300w, https:\/\/www.dui.dk\/123\/wp-content\/uploads\/sites\/75\/2024\/08\/Opret-aktivitet-03-1024x640.jpg 1024w, https:\/\/www.dui.dk\/123\/wp-content\/uploads\/sites\/75\/2024\/08\/Opret-aktivitet-03-768x480.jpg 768w, https:\/\/www.dui.dk\/123\/wp-content\/uploads\/sites\/75\/2024\/08\/Opret-aktivitet-03-600x375.jpg 600w\" sizes=\"auto, (max-width: 1200px) 100vw, 1200px\" \/><\/a><\/p>\n<p>4. For at fort\u00e6lle systemet hvem der skal har mulighed for at deltage i aktiviteten skal man klikke p\u00e5 \u201dV\u00e6lg deltagere\u201d inden aktivitets oprettes. Her kan man med fordel bruge grupperne. Hvis man f.eks. har oprettet et bestyrelsesm\u00f8de, s\u00e5 kan man n\u00f8jes med at invitere bestyrelsen hvis man kun v\u00e6lge deres gruppe. Det smarte ved grupper er at aktiviteten h\u00e6nger sammen med den eller de grupper man har valgt. Det betyder, at hvis der senere tilf\u00f8jes et nyt medlem til gruppen, s\u00e5 har de straks adgang til gruppens aktiviteter.<\/p>\n<p><a href=\"https:\/\/www.dui.dk\/123\/wp-content\/uploads\/sites\/75\/2024\/08\/Opret-aktivitet-04.jpg\"><img loading=\"lazy\" decoding=\"async\" class=\"alignnone wp-image-1429 size-full\" src=\"https:\/\/www.dui.dk\/123\/wp-content\/uploads\/sites\/75\/2024\/08\/Opret-aktivitet-04.jpg\" alt=\"\" width=\"1200\" height=\"750\" srcset=\"https:\/\/www.dui.dk\/123\/wp-content\/uploads\/sites\/75\/2024\/08\/Opret-aktivitet-04.jpg 1200w, https:\/\/www.dui.dk\/123\/wp-content\/uploads\/sites\/75\/2024\/08\/Opret-aktivitet-04-300x188.jpg 300w, https:\/\/www.dui.dk\/123\/wp-content\/uploads\/sites\/75\/2024\/08\/Opret-aktivitet-04-1024x640.jpg 1024w, https:\/\/www.dui.dk\/123\/wp-content\/uploads\/sites\/75\/2024\/08\/Opret-aktivitet-04-768x480.jpg 768w, https:\/\/www.dui.dk\/123\/wp-content\/uploads\/sites\/75\/2024\/08\/Opret-aktivitet-04-600x375.jpg 600w\" sizes=\"auto, (max-width: 1200px) 100vw, 1200px\" \/><\/a><\/p>\n<p>5. Klik p\u00e5 aktiviteten hvis du skal rette i oplysningerne eller eventuelt skrive direkte med medlemmerne. Bem\u00e6rk at man via appen (ikke web) kan man oprette en opgaveliste. Klik p\u00e5 aktiviteten og tryk &#8220;Se alle opgaver&#8221;, her kan der nu tilf\u00f8jes opgaver til listen.<\/p>\n<p><a href=\"https:\/\/www.dui.dk\/123\/wp-content\/uploads\/sites\/75\/2024\/08\/Opret-aktivitet-05.jpg\"><img loading=\"lazy\" decoding=\"async\" class=\"alignnone wp-image-1430 size-full\" src=\"https:\/\/www.dui.dk\/123\/wp-content\/uploads\/sites\/75\/2024\/08\/Opret-aktivitet-05.jpg\" alt=\"\" width=\"1200\" height=\"750\" srcset=\"https:\/\/www.dui.dk\/123\/wp-content\/uploads\/sites\/75\/2024\/08\/Opret-aktivitet-05.jpg 1200w, https:\/\/www.dui.dk\/123\/wp-content\/uploads\/sites\/75\/2024\/08\/Opret-aktivitet-05-300x188.jpg 300w, https:\/\/www.dui.dk\/123\/wp-content\/uploads\/sites\/75\/2024\/08\/Opret-aktivitet-05-1024x640.jpg 1024w, https:\/\/www.dui.dk\/123\/wp-content\/uploads\/sites\/75\/2024\/08\/Opret-aktivitet-05-768x480.jpg 768w, https:\/\/www.dui.dk\/123\/wp-content\/uploads\/sites\/75\/2024\/08\/Opret-aktivitet-05-600x375.jpg 600w\" sizes=\"auto, (max-width: 1200px) 100vw, 1200px\" \/><\/a><\/p>\n<p>6. Hvis aktiviteten aflyses, s\u00e5 kan man selvf\u00f8lgelig slette aktiviteten eller man kan tilf\u00f8je AFLYST til overskriften og eventuelt skrive en kommentar om hvorfor den aflyses. S\u00e5 forsvinder den ikke, men alle kan se at den er aflyst.<\/p>\n<p><a href=\"https:\/\/www.dui.dk\/123\/wp-content\/uploads\/sites\/75\/2024\/08\/Opret-aktivitet-06.jpg\"><img loading=\"lazy\" decoding=\"async\" class=\"alignnone wp-image-1433 size-full\" src=\"https:\/\/www.dui.dk\/123\/wp-content\/uploads\/sites\/75\/2024\/08\/Opret-aktivitet-06.jpg\" alt=\"\" width=\"1200\" height=\"750\" srcset=\"https:\/\/www.dui.dk\/123\/wp-content\/uploads\/sites\/75\/2024\/08\/Opret-aktivitet-06.jpg 1200w, https:\/\/www.dui.dk\/123\/wp-content\/uploads\/sites\/75\/2024\/08\/Opret-aktivitet-06-300x188.jpg 300w, https:\/\/www.dui.dk\/123\/wp-content\/uploads\/sites\/75\/2024\/08\/Opret-aktivitet-06-1024x640.jpg 1024w, https:\/\/www.dui.dk\/123\/wp-content\/uploads\/sites\/75\/2024\/08\/Opret-aktivitet-06-768x480.jpg 768w, https:\/\/www.dui.dk\/123\/wp-content\/uploads\/sites\/75\/2024\/08\/Opret-aktivitet-06-600x375.jpg 600w\" sizes=\"auto, (max-width: 1200px) 100vw, 1200px\" \/><\/a><\/p>\n<p>7. Hvis man p\u00e5 aktiviteten klikker p\u00e5 &#8220;Vis alle&#8221;, kan man se deltagerlisten og man har mulighed for at tilmelde medlemmer manuel. Dog skal man v\u00e6re opm\u00e6rksom p\u00e5, at hvis man manuelt tilmelder medlemmer en aktivitet der har betaling, s\u00e5 opkr\u00e6ves de ikke. Man skal derfor selv huske at fakturere dem p\u00e5 anden vis. Klik p\u00e5 &#8220;Skjul alle&#8221; for at lukke deltagerlisten igen.<\/p>\n<p><a href=\"https:\/\/www.dui.dk\/123\/wp-content\/uploads\/sites\/75\/2024\/09\/Opret-aktivitet-07.jpg\"><img loading=\"lazy\" decoding=\"async\" class=\"alignnone wp-image-1470 size-full\" src=\"https:\/\/www.dui.dk\/123\/wp-content\/uploads\/sites\/75\/2024\/09\/Opret-aktivitet-07.jpg\" alt=\"\" width=\"1200\" height=\"750\" srcset=\"https:\/\/www.dui.dk\/123\/wp-content\/uploads\/sites\/75\/2024\/09\/Opret-aktivitet-07.jpg 1200w, https:\/\/www.dui.dk\/123\/wp-content\/uploads\/sites\/75\/2024\/09\/Opret-aktivitet-07-300x188.jpg 300w, https:\/\/www.dui.dk\/123\/wp-content\/uploads\/sites\/75\/2024\/09\/Opret-aktivitet-07-1024x640.jpg 1024w, https:\/\/www.dui.dk\/123\/wp-content\/uploads\/sites\/75\/2024\/09\/Opret-aktivitet-07-768x480.jpg 768w, https:\/\/www.dui.dk\/123\/wp-content\/uploads\/sites\/75\/2024\/09\/Opret-aktivitet-07-600x375.jpg 600w\" sizes=\"auto, (max-width: 1200px) 100vw, 1200px\" \/><\/a><\/p>\n<p>&nbsp;<\/p>\n","protected":false},"excerpt":{"rendered":"<p>I forbindelse med oprettelses af aktiviteter, er det vigtigt, at man ogs\u00e5 har helt styr p\u00e5 sine grupper. I samspil med grupperne, kan man nemlig nemt styre hvem der har adgang til hvilke aktiviteter. (Klik p\u00e5 billederne for at g\u00f8re dem st\u00f8rre) &nbsp; 1. Klik ind under menuen \u201cAktiviteter\u201d og klik p\u00e5 \u201cOpret aktivitet\u201d i [&hellip;]<\/p>\n","protected":false},"author":4,"featured_media":0,"parent":0,"menu_order":0,"comment_status":"closed","ping_status":"closed","template":"","meta":{"_acf_changed":false,"footnotes":""},"class_list":["post-1424","page","type-page","status-publish","hentry"],"acf":[],"yoast_head":"<!-- This site is optimized with the Yoast SEO plugin v27.1.1 - https:\/\/yoast.com\/product\/yoast-seo-wordpress\/ -->\n<title>MINI-GUIDE: Opret en aktivitet -<\/title>\n<meta name=\"robots\" content=\"index, follow, max-snippet:-1, max-image-preview:large, max-video-preview:-1\" \/>\n<link rel=\"canonical\" href=\"https:\/\/www.dui.dk\/123\/mini-guide-opret-en-aktivitet\/\" \/>\n<meta property=\"og:locale\" content=\"da_DK\" \/>\n<meta property=\"og:type\" content=\"article\" \/>\n<meta property=\"og:title\" content=\"MINI-GUIDE: Opret en aktivitet -\" \/>\n<meta property=\"og:description\" content=\"I forbindelse med oprettelses af aktiviteter, er det vigtigt, at man ogs\u00e5 har helt styr p\u00e5 sine grupper. I samspil med grupperne, kan man nemlig nemt styre hvem der har adgang til hvilke aktiviteter. (Klik p\u00e5 billederne for at g\u00f8re dem st\u00f8rre) &nbsp; 1. Klik ind under menuen \u201cAktiviteter\u201d og klik p\u00e5 \u201cOpret aktivitet\u201d i [&hellip;]\" \/>\n<meta property=\"og:url\" content=\"https:\/\/www.dui.dk\/123\/mini-guide-opret-en-aktivitet\/\" \/>\n<meta property=\"article:modified_time\" content=\"2024-09-11T09:30:30+00:00\" \/>\n<meta property=\"og:image\" content=\"https:\/\/www.dui.dk\/123\/wp-content\/uploads\/sites\/75\/2024\/08\/Opret-aktivitet-01.jpg\" \/>\n<meta name=\"twitter:card\" content=\"summary_large_image\" \/>\n<meta name=\"twitter:label1\" content=\"Estimeret l\u00e6setid\" \/>\n\t<meta name=\"twitter:data1\" content=\"4 minutter\" \/>\n<script type=\"application\/ld+json\" class=\"yoast-schema-graph\">{\"@context\":\"https:\/\/schema.org\",\"@graph\":[{\"@type\":\"WebPage\",\"@id\":\"https:\/\/www.dui.dk\/123\/mini-guide-opret-en-aktivitet\/\",\"url\":\"https:\/\/www.dui.dk\/123\/mini-guide-opret-en-aktivitet\/\",\"name\":\"MINI-GUIDE: Opret en aktivitet -\",\"isPartOf\":{\"@id\":\"https:\/\/www.dui.dk\/123\/#website\"},\"primaryImageOfPage\":{\"@id\":\"https:\/\/www.dui.dk\/123\/mini-guide-opret-en-aktivitet\/#primaryimage\"},\"image\":{\"@id\":\"https:\/\/www.dui.dk\/123\/mini-guide-opret-en-aktivitet\/#primaryimage\"},\"thumbnailUrl\":\"https:\/\/www.dui.dk\/123\/wp-content\/uploads\/sites\/75\/2024\/08\/Opret-aktivitet-01.jpg\",\"datePublished\":\"2024-08-28T12:30:01+00:00\",\"dateModified\":\"2024-09-11T09:30:30+00:00\",\"breadcrumb\":{\"@id\":\"https:\/\/www.dui.dk\/123\/mini-guide-opret-en-aktivitet\/#breadcrumb\"},\"inLanguage\":\"da-DK\",\"potentialAction\":[{\"@type\":\"ReadAction\",\"target\":[\"https:\/\/www.dui.dk\/123\/mini-guide-opret-en-aktivitet\/\"]}]},{\"@type\":\"ImageObject\",\"inLanguage\":\"da-DK\",\"@id\":\"https:\/\/www.dui.dk\/123\/mini-guide-opret-en-aktivitet\/#primaryimage\",\"url\":\"https:\/\/www.dui.dk\/123\/wp-content\/uploads\/sites\/75\/2024\/08\/Opret-aktivitet-01.jpg\",\"contentUrl\":\"https:\/\/www.dui.dk\/123\/wp-content\/uploads\/sites\/75\/2024\/08\/Opret-aktivitet-01.jpg\",\"width\":1200,\"height\":750},{\"@type\":\"BreadcrumbList\",\"@id\":\"https:\/\/www.dui.dk\/123\/mini-guide-opret-en-aktivitet\/#breadcrumb\",\"itemListElement\":[{\"@type\":\"ListItem\",\"position\":1,\"name\":\"Hjem\",\"item\":\"https:\/\/www.dui.dk\/123\/\"},{\"@type\":\"ListItem\",\"position\":2,\"name\":\"MINI-GUIDE: Opret en aktivitet\"}]},{\"@type\":\"WebSite\",\"@id\":\"https:\/\/www.dui.dk\/123\/#website\",\"url\":\"https:\/\/www.dui.dk\/123\/\",\"name\":\"\",\"description\":\"Endnu en DUI-LEG og VIRKE lokalafdelinger-side\",\"potentialAction\":[{\"@type\":\"SearchAction\",\"target\":{\"@type\":\"EntryPoint\",\"urlTemplate\":\"https:\/\/www.dui.dk\/123\/?s={search_term_string}\"},\"query-input\":{\"@type\":\"PropertyValueSpecification\",\"valueRequired\":true,\"valueName\":\"search_term_string\"}}],\"inLanguage\":\"da-DK\"}]}<\/script>\n<!-- \/ Yoast SEO plugin. -->","yoast_head_json":{"title":"MINI-GUIDE: Opret en aktivitet -","robots":{"index":"index","follow":"follow","max-snippet":"max-snippet:-1","max-image-preview":"max-image-preview:large","max-video-preview":"max-video-preview:-1"},"canonical":"https:\/\/www.dui.dk\/123\/mini-guide-opret-en-aktivitet\/","og_locale":"da_DK","og_type":"article","og_title":"MINI-GUIDE: Opret en aktivitet -","og_description":"I forbindelse med oprettelses af aktiviteter, er det vigtigt, at man ogs\u00e5 har helt styr p\u00e5 sine grupper. I samspil med grupperne, kan man nemlig nemt styre hvem der har adgang til hvilke aktiviteter. (Klik p\u00e5 billederne for at g\u00f8re dem st\u00f8rre) &nbsp; 1. Klik ind under menuen \u201cAktiviteter\u201d og klik p\u00e5 \u201cOpret aktivitet\u201d i [&hellip;]","og_url":"https:\/\/www.dui.dk\/123\/mini-guide-opret-en-aktivitet\/","article_modified_time":"2024-09-11T09:30:30+00:00","og_image":[{"url":"https:\/\/www.dui.dk\/123\/wp-content\/uploads\/sites\/75\/2024\/08\/Opret-aktivitet-01.jpg","type":"","width":"","height":""}],"twitter_card":"summary_large_image","twitter_misc":{"Estimeret l\u00e6setid":"4 minutter"},"schema":{"@context":"https:\/\/schema.org","@graph":[{"@type":"WebPage","@id":"https:\/\/www.dui.dk\/123\/mini-guide-opret-en-aktivitet\/","url":"https:\/\/www.dui.dk\/123\/mini-guide-opret-en-aktivitet\/","name":"MINI-GUIDE: Opret en aktivitet -","isPartOf":{"@id":"https:\/\/www.dui.dk\/123\/#website"},"primaryImageOfPage":{"@id":"https:\/\/www.dui.dk\/123\/mini-guide-opret-en-aktivitet\/#primaryimage"},"image":{"@id":"https:\/\/www.dui.dk\/123\/mini-guide-opret-en-aktivitet\/#primaryimage"},"thumbnailUrl":"https:\/\/www.dui.dk\/123\/wp-content\/uploads\/sites\/75\/2024\/08\/Opret-aktivitet-01.jpg","datePublished":"2024-08-28T12:30:01+00:00","dateModified":"2024-09-11T09:30:30+00:00","breadcrumb":{"@id":"https:\/\/www.dui.dk\/123\/mini-guide-opret-en-aktivitet\/#breadcrumb"},"inLanguage":"da-DK","potentialAction":[{"@type":"ReadAction","target":["https:\/\/www.dui.dk\/123\/mini-guide-opret-en-aktivitet\/"]}]},{"@type":"ImageObject","inLanguage":"da-DK","@id":"https:\/\/www.dui.dk\/123\/mini-guide-opret-en-aktivitet\/#primaryimage","url":"https:\/\/www.dui.dk\/123\/wp-content\/uploads\/sites\/75\/2024\/08\/Opret-aktivitet-01.jpg","contentUrl":"https:\/\/www.dui.dk\/123\/wp-content\/uploads\/sites\/75\/2024\/08\/Opret-aktivitet-01.jpg","width":1200,"height":750},{"@type":"BreadcrumbList","@id":"https:\/\/www.dui.dk\/123\/mini-guide-opret-en-aktivitet\/#breadcrumb","itemListElement":[{"@type":"ListItem","position":1,"name":"Hjem","item":"https:\/\/www.dui.dk\/123\/"},{"@type":"ListItem","position":2,"name":"MINI-GUIDE: Opret en aktivitet"}]},{"@type":"WebSite","@id":"https:\/\/www.dui.dk\/123\/#website","url":"https:\/\/www.dui.dk\/123\/","name":"","description":"Endnu en DUI-LEG og VIRKE lokalafdelinger-side","potentialAction":[{"@type":"SearchAction","target":{"@type":"EntryPoint","urlTemplate":"https:\/\/www.dui.dk\/123\/?s={search_term_string}"},"query-input":{"@type":"PropertyValueSpecification","valueRequired":true,"valueName":"search_term_string"}}],"inLanguage":"da-DK"}]}},"_links":{"self":[{"href":"https:\/\/www.dui.dk\/123\/wp-json\/wp\/v2\/pages\/1424","targetHints":{"allow":["GET"]}}],"collection":[{"href":"https:\/\/www.dui.dk\/123\/wp-json\/wp\/v2\/pages"}],"about":[{"href":"https:\/\/www.dui.dk\/123\/wp-json\/wp\/v2\/types\/page"}],"author":[{"embeddable":true,"href":"https:\/\/www.dui.dk\/123\/wp-json\/wp\/v2\/users\/4"}],"replies":[{"embeddable":true,"href":"https:\/\/www.dui.dk\/123\/wp-json\/wp\/v2\/comments?post=1424"}],"version-history":[{"count":4,"href":"https:\/\/www.dui.dk\/123\/wp-json\/wp\/v2\/pages\/1424\/revisions"}],"predecessor-version":[{"id":1472,"href":"https:\/\/www.dui.dk\/123\/wp-json\/wp\/v2\/pages\/1424\/revisions\/1472"}],"wp:attachment":[{"href":"https:\/\/www.dui.dk\/123\/wp-json\/wp\/v2\/media?parent=1424"}],"curies":[{"name":"wp","href":"https:\/\/api.w.org\/{rel}","templated":true}]}}