{"id":1353,"date":"2023-12-22T10:04:22","date_gmt":"2023-12-22T10:04:22","guid":{"rendered":"https:\/\/www.dui.dk\/123\/?page_id=1353"},"modified":"2024-01-23T11:29:01","modified_gmt":"2024-01-23T11:29:01","slug":"uge2","status":"publish","type":"page","link":"https:\/\/www.dui.dk\/123\/uge2\/","title":{"rendered":"DEL 2 &#8211; Aktiviteter"},"content":{"rendered":"<p><img loading=\"lazy\" decoding=\"async\" class=\"size-full wp-image-1251 alignright\" src=\"https:\/\/www.dui.dk\/123\/wp-content\/uploads\/sites\/75\/2023\/11\/Webinar-lille.png\" alt=\"\" width=\"250\" height=\"250\" srcset=\"https:\/\/www.dui.dk\/123\/wp-content\/uploads\/sites\/75\/2023\/11\/Webinar-lille.png 250w, https:\/\/www.dui.dk\/123\/wp-content\/uploads\/sites\/75\/2023\/11\/Webinar-lille-150x150.png 150w\" sizes=\"auto, (max-width: 250px) 100vw, 250px\" \/>(for alle de aktivitetsansvarlige)<\/p>\n<p>&nbsp;<\/p>\n<p>Gentagelse <a href=\"http:\/\/gofile.me\/48luZ\/5XnL0mO4L\">Se optagelse fra tirsdag den 5 december 2023<\/a><\/p>\n<p><strong>Bem\u00e6rk:<\/strong> p\u00e5 m\u00f8detitlen st\u00e5r der &#8220;Kontingent&#8221; som tema, det er en fejl det omhandler Aktiviteter.<\/p>\n<p>&nbsp;<\/p>\n<p><strong>Form\u00e5l med m\u00f8det:<\/strong><\/p>\n<p>Dette webinar har til form\u00e5l at introducere aktivitetsansvarlige til det nye medlemssystems funktioner vedr\u00f8rende oprettelse og administration af aktiviteter. Vi vil demonstrere, hvordan man nemt kan oprette en aktivitet direkte i systemet og derefter informere medlemmerne via appen. Desuden vil vi give en vejledning i, hvordan man kan overv\u00e5ge deltagerlister effektivt.<\/p>\n<p>&nbsp;<\/p>\n<p><strong>Bem\u00e6rk: <\/strong><\/p>\n<p>Dette webinar, er en gentagelse af det vi afholdte tirsdag den 5. december 2023.<\/p>\n<p>&nbsp;<\/p>\n","protected":false},"excerpt":{"rendered":"<p>(for alle de aktivitetsansvarlige) &nbsp; Gentagelse Se optagelse fra tirsdag den 5 december 2023 Bem\u00e6rk: p\u00e5 m\u00f8detitlen st\u00e5r der &#8220;Kontingent&#8221; som tema, det er en fejl det omhandler Aktiviteter. &nbsp; Form\u00e5l med m\u00f8det: Dette webinar har til form\u00e5l at introducere aktivitetsansvarlige til det nye medlemssystems funktioner vedr\u00f8rende oprettelse og administration af aktiviteter. Vi vil demonstrere, [&hellip;]<\/p>\n","protected":false},"author":4,"featured_media":0,"parent":0,"menu_order":0,"comment_status":"closed","ping_status":"closed","template":"","meta":{"_acf_changed":false,"footnotes":""},"class_list":["post-1353","page","type-page","status-publish","hentry"],"acf":[],"yoast_head":"<!-- This site is optimized with the Yoast SEO plugin v27.1.1 - https:\/\/yoast.com\/product\/yoast-seo-wordpress\/ -->\n<title>DEL 2 - Aktiviteter -<\/title>\n<meta name=\"robots\" content=\"index, follow, max-snippet:-1, max-image-preview:large, max-video-preview:-1\" \/>\n<link rel=\"canonical\" href=\"https:\/\/www.dui.dk\/123\/uge2\/\" \/>\n<meta property=\"og:locale\" content=\"da_DK\" \/>\n<meta property=\"og:type\" content=\"article\" \/>\n<meta property=\"og:title\" content=\"DEL 2 - Aktiviteter -\" \/>\n<meta property=\"og:description\" content=\"(for alle de aktivitetsansvarlige) &nbsp; Gentagelse Se optagelse fra tirsdag den 5 december 2023 Bem\u00e6rk: p\u00e5 m\u00f8detitlen st\u00e5r der &#8220;Kontingent&#8221; som tema, det er en fejl det omhandler Aktiviteter. &nbsp; Form\u00e5l med m\u00f8det: Dette webinar har til form\u00e5l at introducere aktivitetsansvarlige til det nye medlemssystems funktioner vedr\u00f8rende oprettelse og administration af aktiviteter. Vi vil demonstrere, [&hellip;]\" \/>\n<meta property=\"og:url\" content=\"https:\/\/www.dui.dk\/123\/uge2\/\" \/>\n<meta property=\"article:modified_time\" content=\"2024-01-23T11:29:01+00:00\" \/>\n<meta property=\"og:image\" content=\"https:\/\/www.dui.dk\/123\/wp-content\/uploads\/sites\/75\/2023\/11\/Webinar-lille.png\" \/>\n<meta name=\"twitter:card\" content=\"summary_large_image\" \/>\n<meta name=\"twitter:label1\" content=\"Estimeret l\u00e6setid\" \/>\n\t<meta name=\"twitter:data1\" content=\"1 minut\" \/>\n<script type=\"application\/ld+json\" class=\"yoast-schema-graph\">{\"@context\":\"https:\/\/schema.org\",\"@graph\":[{\"@type\":\"WebPage\",\"@id\":\"https:\/\/www.dui.dk\/123\/uge2\/\",\"url\":\"https:\/\/www.dui.dk\/123\/uge2\/\",\"name\":\"DEL 2 - Aktiviteter -\",\"isPartOf\":{\"@id\":\"https:\/\/www.dui.dk\/123\/#website\"},\"primaryImageOfPage\":{\"@id\":\"https:\/\/www.dui.dk\/123\/uge2\/#primaryimage\"},\"image\":{\"@id\":\"https:\/\/www.dui.dk\/123\/uge2\/#primaryimage\"},\"thumbnailUrl\":\"https:\/\/www.dui.dk\/123\/wp-content\/uploads\/sites\/75\/2023\/11\/Webinar-lille.png\",\"datePublished\":\"2023-12-22T10:04:22+00:00\",\"dateModified\":\"2024-01-23T11:29:01+00:00\",\"breadcrumb\":{\"@id\":\"https:\/\/www.dui.dk\/123\/uge2\/#breadcrumb\"},\"inLanguage\":\"da-DK\",\"potentialAction\":[{\"@type\":\"ReadAction\",\"target\":[\"https:\/\/www.dui.dk\/123\/uge2\/\"]}]},{\"@type\":\"ImageObject\",\"inLanguage\":\"da-DK\",\"@id\":\"https:\/\/www.dui.dk\/123\/uge2\/#primaryimage\",\"url\":\"https:\/\/www.dui.dk\/123\/wp-content\/uploads\/sites\/75\/2023\/11\/Webinar-lille.png\",\"contentUrl\":\"https:\/\/www.dui.dk\/123\/wp-content\/uploads\/sites\/75\/2023\/11\/Webinar-lille.png\",\"width\":250,\"height\":250},{\"@type\":\"BreadcrumbList\",\"@id\":\"https:\/\/www.dui.dk\/123\/uge2\/#breadcrumb\",\"itemListElement\":[{\"@type\":\"ListItem\",\"position\":1,\"name\":\"Hjem\",\"item\":\"https:\/\/www.dui.dk\/123\/\"},{\"@type\":\"ListItem\",\"position\":2,\"name\":\"DEL 2 &#8211; Aktiviteter\"}]},{\"@type\":\"WebSite\",\"@id\":\"https:\/\/www.dui.dk\/123\/#website\",\"url\":\"https:\/\/www.dui.dk\/123\/\",\"name\":\"\",\"description\":\"Endnu en DUI-LEG og VIRKE lokalafdelinger-side\",\"potentialAction\":[{\"@type\":\"SearchAction\",\"target\":{\"@type\":\"EntryPoint\",\"urlTemplate\":\"https:\/\/www.dui.dk\/123\/?s={search_term_string}\"},\"query-input\":{\"@type\":\"PropertyValueSpecification\",\"valueRequired\":true,\"valueName\":\"search_term_string\"}}],\"inLanguage\":\"da-DK\"}]}<\/script>\n<!-- \/ Yoast SEO plugin. -->","yoast_head_json":{"title":"DEL 2 - Aktiviteter -","robots":{"index":"index","follow":"follow","max-snippet":"max-snippet:-1","max-image-preview":"max-image-preview:large","max-video-preview":"max-video-preview:-1"},"canonical":"https:\/\/www.dui.dk\/123\/uge2\/","og_locale":"da_DK","og_type":"article","og_title":"DEL 2 - Aktiviteter -","og_description":"(for alle de aktivitetsansvarlige) &nbsp; Gentagelse Se optagelse fra tirsdag den 5 december 2023 Bem\u00e6rk: p\u00e5 m\u00f8detitlen st\u00e5r der &#8220;Kontingent&#8221; som tema, det er en fejl det omhandler Aktiviteter. &nbsp; Form\u00e5l med m\u00f8det: Dette webinar har til form\u00e5l at introducere aktivitetsansvarlige til det nye medlemssystems funktioner vedr\u00f8rende oprettelse og administration af aktiviteter. Vi vil demonstrere, [&hellip;]","og_url":"https:\/\/www.dui.dk\/123\/uge2\/","article_modified_time":"2024-01-23T11:29:01+00:00","og_image":[{"url":"https:\/\/www.dui.dk\/123\/wp-content\/uploads\/sites\/75\/2023\/11\/Webinar-lille.png","type":"","width":"","height":""}],"twitter_card":"summary_large_image","twitter_misc":{"Estimeret l\u00e6setid":"1 minut"},"schema":{"@context":"https:\/\/schema.org","@graph":[{"@type":"WebPage","@id":"https:\/\/www.dui.dk\/123\/uge2\/","url":"https:\/\/www.dui.dk\/123\/uge2\/","name":"DEL 2 - Aktiviteter -","isPartOf":{"@id":"https:\/\/www.dui.dk\/123\/#website"},"primaryImageOfPage":{"@id":"https:\/\/www.dui.dk\/123\/uge2\/#primaryimage"},"image":{"@id":"https:\/\/www.dui.dk\/123\/uge2\/#primaryimage"},"thumbnailUrl":"https:\/\/www.dui.dk\/123\/wp-content\/uploads\/sites\/75\/2023\/11\/Webinar-lille.png","datePublished":"2023-12-22T10:04:22+00:00","dateModified":"2024-01-23T11:29:01+00:00","breadcrumb":{"@id":"https:\/\/www.dui.dk\/123\/uge2\/#breadcrumb"},"inLanguage":"da-DK","potentialAction":[{"@type":"ReadAction","target":["https:\/\/www.dui.dk\/123\/uge2\/"]}]},{"@type":"ImageObject","inLanguage":"da-DK","@id":"https:\/\/www.dui.dk\/123\/uge2\/#primaryimage","url":"https:\/\/www.dui.dk\/123\/wp-content\/uploads\/sites\/75\/2023\/11\/Webinar-lille.png","contentUrl":"https:\/\/www.dui.dk\/123\/wp-content\/uploads\/sites\/75\/2023\/11\/Webinar-lille.png","width":250,"height":250},{"@type":"BreadcrumbList","@id":"https:\/\/www.dui.dk\/123\/uge2\/#breadcrumb","itemListElement":[{"@type":"ListItem","position":1,"name":"Hjem","item":"https:\/\/www.dui.dk\/123\/"},{"@type":"ListItem","position":2,"name":"DEL 2 &#8211; Aktiviteter"}]},{"@type":"WebSite","@id":"https:\/\/www.dui.dk\/123\/#website","url":"https:\/\/www.dui.dk\/123\/","name":"","description":"Endnu en DUI-LEG og VIRKE lokalafdelinger-side","potentialAction":[{"@type":"SearchAction","target":{"@type":"EntryPoint","urlTemplate":"https:\/\/www.dui.dk\/123\/?s={search_term_string}"},"query-input":{"@type":"PropertyValueSpecification","valueRequired":true,"valueName":"search_term_string"}}],"inLanguage":"da-DK"}]}},"_links":{"self":[{"href":"https:\/\/www.dui.dk\/123\/wp-json\/wp\/v2\/pages\/1353","targetHints":{"allow":["GET"]}}],"collection":[{"href":"https:\/\/www.dui.dk\/123\/wp-json\/wp\/v2\/pages"}],"about":[{"href":"https:\/\/www.dui.dk\/123\/wp-json\/wp\/v2\/types\/page"}],"author":[{"embeddable":true,"href":"https:\/\/www.dui.dk\/123\/wp-json\/wp\/v2\/users\/4"}],"replies":[{"embeddable":true,"href":"https:\/\/www.dui.dk\/123\/wp-json\/wp\/v2\/comments?post=1353"}],"version-history":[{"count":4,"href":"https:\/\/www.dui.dk\/123\/wp-json\/wp\/v2\/pages\/1353\/revisions"}],"predecessor-version":[{"id":1378,"href":"https:\/\/www.dui.dk\/123\/wp-json\/wp\/v2\/pages\/1353\/revisions\/1378"}],"wp:attachment":[{"href":"https:\/\/www.dui.dk\/123\/wp-json\/wp\/v2\/media?parent=1353"}],"curies":[{"name":"wp","href":"https:\/\/api.w.org\/{rel}","templated":true}]}}