{"id":1330,"date":"2023-12-01T12:13:47","date_gmt":"2023-12-01T12:13:47","guid":{"rendered":"https:\/\/www.dui.dk\/123\/?page_id=1330"},"modified":"2024-03-19T13:37:08","modified_gmt":"2024-03-19T13:37:08","slug":"mobilepay-i-det-nye-medlemssystem","status":"publish","type":"page","link":"https:\/\/www.dui.dk\/123\/mobilepay-i-det-nye-medlemssystem\/","title":{"rendered":"Kontingent i det nye medlemssystem"},"content":{"rendered":"<p><img loading=\"lazy\" decoding=\"async\" class=\"alignright wp-image-1332\" src=\"https:\/\/www.dui.dk\/123\/wp-content\/uploads\/sites\/75\/2023\/12\/Mobilepay.png\" alt=\"\" width=\"250\" height=\"250\" srcset=\"https:\/\/www.dui.dk\/123\/wp-content\/uploads\/sites\/75\/2023\/12\/Mobilepay.png 353w, https:\/\/www.dui.dk\/123\/wp-content\/uploads\/sites\/75\/2023\/12\/Mobilepay-300x300.png 300w, https:\/\/www.dui.dk\/123\/wp-content\/uploads\/sites\/75\/2023\/12\/Mobilepay-150x150.png 150w\" sizes=\"auto, (max-width: 250px) 100vw, 250px\" \/>Der er nu 3 muligheder for at opkr\u00e6ve kontingent via vores nye medlemssystem &#8220;Vores DUI&#8221;.<\/p>\n<ol>\n<li><strong>Mobilepay<\/strong> &#8211; Afdelingens ansvar. N\u00e5r det f\u00f8rst at sat op, opkr\u00e6ves og rykkes der helt automatisk.<\/li>\n<li><strong>PBS<\/strong> &#8211; Forbundets ansvar. PBS er en meget dyr og tung l\u00f8sning, s\u00e5 der er kun dem der i forvejen var tilmeldt forbundets PBS, der kan opkr\u00e6ves.<\/li>\n<li><strong>Manuel indbetaling<\/strong> &#8211; F\u00e6lles ansvar &#8211; Hvis der betales p\u00e5 anden vis f.eks. via bank eller nemtilmeld, s\u00e5 skal der altid uploades et bilag som dokumentation.<\/li>\n<\/ol>\n<h3><strong>Kontingent step-by-step<\/strong><\/h3>\n<ol>\n<li><strong>G\u00f8r medlemmerne aktive<\/strong> (Medlemmerne skal minimum v\u00e6re orange &#8220;inaktive&#8221; ellers kan der ikke opkr\u00e6ves kontingent)<\/li>\n<li><strong>Opret relationer<\/strong> (Det er vigtigt, at samle familierne som en hussand ellers opkr\u00e6ves hver for sig)<\/li>\n<li><strong>L\u00e6g dem i de rigtige kontingentgrupper<\/strong> (Opdelingen g\u00f8r det nemmere at opkr\u00e6ve det korrekte kontingent)<\/li>\n<li><strong>Opret kontingentbetalinger<\/strong> (Opret abonnementer til faste opkr\u00e6vninger)<\/li>\n<\/ol>\n<h3><strong>Mobilepay<\/strong><\/h3>\n<p>I vores nye medlemssystem er det nu muligt ogs\u00e5 at betale kontingent og aktiviteter med mobilepay. Alle betalinger k\u00f8res over sekretariatets aftale, s\u00e5 afdelingerne skal derfor ikke selv have en aftale. Der afregnes som minimum en gang om m\u00e5neden. Det betyder at man godt kan have penge til gode. Hvis en afdeling i den forbindelse, er udfordret p\u00e5 likviditeten, kan der lave en s\u00e6rskilt aftale &#8211; kontakt sekretariatet. Alle udgifter i forbindelse med kontingent afholdes af sekretariatet, mens udgifterne i forbindelse med indbetalingerne til aktiviteter, modregnes udbetalingen (1% af bel\u00f8bet).<\/p>\n<h3><strong>PBS<\/strong><\/h3>\n<p>Da PBS er en meget dyr og tung l\u00f8sning og stadig kr\u00e6ver en masse manuelt arbejde. Opfordre vi til at f\u00e5 medlemmerne over p\u00e5 mobilepay. Mobilepay er en meget mere simpelt og automatisk l\u00f8sning. S\u00e5 snart PBS er klar vil vi melde muligheden ud og vi opkr\u00e6ver kun PBS hvis det p\u00e5 forh\u00e5nd er aftalt med den enkelte afdeling.<\/p>\n<h3><strong>Manuel indbetaling<\/strong><\/h3>\n<p>Hvis der er sket en kontingentindbetaling p\u00e5 anden vis end Mobilepay og PBS, s\u00e5 skal der altid uploades bilag som dokumentation. For at sikre at bilagene lever op til DUF-kravene , gennemg\u00e5r forbundet alle manuelle bilag.<\/p>\n","protected":false},"excerpt":{"rendered":"<p>Der er nu 3 muligheder for at opkr\u00e6ve kontingent via vores nye medlemssystem &#8220;Vores DUI&#8221;. Mobilepay &#8211; Afdelingens ansvar. N\u00e5r det f\u00f8rst at sat op, opkr\u00e6ves og rykkes der helt automatisk. PBS &#8211; Forbundets ansvar. PBS er en meget dyr og tung l\u00f8sning, s\u00e5 der er kun dem der i forvejen var tilmeldt forbundets PBS, [&hellip;]<\/p>\n","protected":false},"author":4,"featured_media":0,"parent":0,"menu_order":0,"comment_status":"closed","ping_status":"closed","template":"","meta":{"_acf_changed":false,"footnotes":""},"class_list":["post-1330","page","type-page","status-publish","hentry"],"acf":[],"yoast_head":"<!-- This site is optimized with the Yoast SEO plugin v27.1.1 - https:\/\/yoast.com\/product\/yoast-seo-wordpress\/ -->\n<title>Kontingent i det nye medlemssystem -<\/title>\n<meta name=\"robots\" content=\"index, follow, max-snippet:-1, max-image-preview:large, max-video-preview:-1\" \/>\n<link rel=\"canonical\" href=\"https:\/\/www.dui.dk\/123\/mobilepay-i-det-nye-medlemssystem\/\" \/>\n<meta property=\"og:locale\" content=\"da_DK\" \/>\n<meta property=\"og:type\" content=\"article\" \/>\n<meta property=\"og:title\" content=\"Kontingent i det nye medlemssystem -\" \/>\n<meta property=\"og:description\" content=\"Der er nu 3 muligheder for at opkr\u00e6ve kontingent via vores nye medlemssystem &#8220;Vores DUI&#8221;. Mobilepay &#8211; Afdelingens ansvar. N\u00e5r det f\u00f8rst at sat op, opkr\u00e6ves og rykkes der helt automatisk. PBS &#8211; Forbundets ansvar. PBS er en meget dyr og tung l\u00f8sning, s\u00e5 der er kun dem der i forvejen var tilmeldt forbundets PBS, [&hellip;]\" \/>\n<meta property=\"og:url\" content=\"https:\/\/www.dui.dk\/123\/mobilepay-i-det-nye-medlemssystem\/\" \/>\n<meta property=\"article:modified_time\" content=\"2024-03-19T13:37:08+00:00\" \/>\n<meta property=\"og:image\" content=\"https:\/\/www.dui.dk\/123\/wp-content\/uploads\/sites\/75\/2023\/12\/Mobilepay.png\" \/>\n<meta name=\"twitter:card\" content=\"summary_large_image\" \/>\n<meta name=\"twitter:label1\" content=\"Estimeret l\u00e6setid\" \/>\n\t<meta name=\"twitter:data1\" content=\"2 minutter\" \/>\n<script type=\"application\/ld+json\" class=\"yoast-schema-graph\">{\"@context\":\"https:\/\/schema.org\",\"@graph\":[{\"@type\":\"WebPage\",\"@id\":\"https:\/\/www.dui.dk\/123\/mobilepay-i-det-nye-medlemssystem\/\",\"url\":\"https:\/\/www.dui.dk\/123\/mobilepay-i-det-nye-medlemssystem\/\",\"name\":\"Kontingent i det nye medlemssystem -\",\"isPartOf\":{\"@id\":\"https:\/\/www.dui.dk\/123\/#website\"},\"primaryImageOfPage\":{\"@id\":\"https:\/\/www.dui.dk\/123\/mobilepay-i-det-nye-medlemssystem\/#primaryimage\"},\"image\":{\"@id\":\"https:\/\/www.dui.dk\/123\/mobilepay-i-det-nye-medlemssystem\/#primaryimage\"},\"thumbnailUrl\":\"https:\/\/www.dui.dk\/123\/wp-content\/uploads\/sites\/75\/2023\/12\/Mobilepay.png\",\"datePublished\":\"2023-12-01T12:13:47+00:00\",\"dateModified\":\"2024-03-19T13:37:08+00:00\",\"breadcrumb\":{\"@id\":\"https:\/\/www.dui.dk\/123\/mobilepay-i-det-nye-medlemssystem\/#breadcrumb\"},\"inLanguage\":\"da-DK\",\"potentialAction\":[{\"@type\":\"ReadAction\",\"target\":[\"https:\/\/www.dui.dk\/123\/mobilepay-i-det-nye-medlemssystem\/\"]}]},{\"@type\":\"ImageObject\",\"inLanguage\":\"da-DK\",\"@id\":\"https:\/\/www.dui.dk\/123\/mobilepay-i-det-nye-medlemssystem\/#primaryimage\",\"url\":\"https:\/\/www.dui.dk\/123\/wp-content\/uploads\/sites\/75\/2023\/12\/Mobilepay.png\",\"contentUrl\":\"https:\/\/www.dui.dk\/123\/wp-content\/uploads\/sites\/75\/2023\/12\/Mobilepay.png\",\"width\":353,\"height\":353},{\"@type\":\"BreadcrumbList\",\"@id\":\"https:\/\/www.dui.dk\/123\/mobilepay-i-det-nye-medlemssystem\/#breadcrumb\",\"itemListElement\":[{\"@type\":\"ListItem\",\"position\":1,\"name\":\"Hjem\",\"item\":\"https:\/\/www.dui.dk\/123\/\"},{\"@type\":\"ListItem\",\"position\":2,\"name\":\"Kontingent i det nye medlemssystem\"}]},{\"@type\":\"WebSite\",\"@id\":\"https:\/\/www.dui.dk\/123\/#website\",\"url\":\"https:\/\/www.dui.dk\/123\/\",\"name\":\"\",\"description\":\"Endnu en DUI-LEG og VIRKE lokalafdelinger-side\",\"potentialAction\":[{\"@type\":\"SearchAction\",\"target\":{\"@type\":\"EntryPoint\",\"urlTemplate\":\"https:\/\/www.dui.dk\/123\/?s={search_term_string}\"},\"query-input\":{\"@type\":\"PropertyValueSpecification\",\"valueRequired\":true,\"valueName\":\"search_term_string\"}}],\"inLanguage\":\"da-DK\"}]}<\/script>\n<!-- \/ Yoast SEO plugin. -->","yoast_head_json":{"title":"Kontingent i det nye medlemssystem -","robots":{"index":"index","follow":"follow","max-snippet":"max-snippet:-1","max-image-preview":"max-image-preview:large","max-video-preview":"max-video-preview:-1"},"canonical":"https:\/\/www.dui.dk\/123\/mobilepay-i-det-nye-medlemssystem\/","og_locale":"da_DK","og_type":"article","og_title":"Kontingent i det nye medlemssystem -","og_description":"Der er nu 3 muligheder for at opkr\u00e6ve kontingent via vores nye medlemssystem &#8220;Vores DUI&#8221;. Mobilepay &#8211; Afdelingens ansvar. N\u00e5r det f\u00f8rst at sat op, opkr\u00e6ves og rykkes der helt automatisk. PBS &#8211; Forbundets ansvar. PBS er en meget dyr og tung l\u00f8sning, s\u00e5 der er kun dem der i forvejen var tilmeldt forbundets PBS, [&hellip;]","og_url":"https:\/\/www.dui.dk\/123\/mobilepay-i-det-nye-medlemssystem\/","article_modified_time":"2024-03-19T13:37:08+00:00","og_image":[{"url":"https:\/\/www.dui.dk\/123\/wp-content\/uploads\/sites\/75\/2023\/12\/Mobilepay.png","type":"","width":"","height":""}],"twitter_card":"summary_large_image","twitter_misc":{"Estimeret l\u00e6setid":"2 minutter"},"schema":{"@context":"https:\/\/schema.org","@graph":[{"@type":"WebPage","@id":"https:\/\/www.dui.dk\/123\/mobilepay-i-det-nye-medlemssystem\/","url":"https:\/\/www.dui.dk\/123\/mobilepay-i-det-nye-medlemssystem\/","name":"Kontingent i det nye medlemssystem -","isPartOf":{"@id":"https:\/\/www.dui.dk\/123\/#website"},"primaryImageOfPage":{"@id":"https:\/\/www.dui.dk\/123\/mobilepay-i-det-nye-medlemssystem\/#primaryimage"},"image":{"@id":"https:\/\/www.dui.dk\/123\/mobilepay-i-det-nye-medlemssystem\/#primaryimage"},"thumbnailUrl":"https:\/\/www.dui.dk\/123\/wp-content\/uploads\/sites\/75\/2023\/12\/Mobilepay.png","datePublished":"2023-12-01T12:13:47+00:00","dateModified":"2024-03-19T13:37:08+00:00","breadcrumb":{"@id":"https:\/\/www.dui.dk\/123\/mobilepay-i-det-nye-medlemssystem\/#breadcrumb"},"inLanguage":"da-DK","potentialAction":[{"@type":"ReadAction","target":["https:\/\/www.dui.dk\/123\/mobilepay-i-det-nye-medlemssystem\/"]}]},{"@type":"ImageObject","inLanguage":"da-DK","@id":"https:\/\/www.dui.dk\/123\/mobilepay-i-det-nye-medlemssystem\/#primaryimage","url":"https:\/\/www.dui.dk\/123\/wp-content\/uploads\/sites\/75\/2023\/12\/Mobilepay.png","contentUrl":"https:\/\/www.dui.dk\/123\/wp-content\/uploads\/sites\/75\/2023\/12\/Mobilepay.png","width":353,"height":353},{"@type":"BreadcrumbList","@id":"https:\/\/www.dui.dk\/123\/mobilepay-i-det-nye-medlemssystem\/#breadcrumb","itemListElement":[{"@type":"ListItem","position":1,"name":"Hjem","item":"https:\/\/www.dui.dk\/123\/"},{"@type":"ListItem","position":2,"name":"Kontingent i det nye medlemssystem"}]},{"@type":"WebSite","@id":"https:\/\/www.dui.dk\/123\/#website","url":"https:\/\/www.dui.dk\/123\/","name":"","description":"Endnu en DUI-LEG og VIRKE lokalafdelinger-side","potentialAction":[{"@type":"SearchAction","target":{"@type":"EntryPoint","urlTemplate":"https:\/\/www.dui.dk\/123\/?s={search_term_string}"},"query-input":{"@type":"PropertyValueSpecification","valueRequired":true,"valueName":"search_term_string"}}],"inLanguage":"da-DK"}]}},"_links":{"self":[{"href":"https:\/\/www.dui.dk\/123\/wp-json\/wp\/v2\/pages\/1330","targetHints":{"allow":["GET"]}}],"collection":[{"href":"https:\/\/www.dui.dk\/123\/wp-json\/wp\/v2\/pages"}],"about":[{"href":"https:\/\/www.dui.dk\/123\/wp-json\/wp\/v2\/types\/page"}],"author":[{"embeddable":true,"href":"https:\/\/www.dui.dk\/123\/wp-json\/wp\/v2\/users\/4"}],"replies":[{"embeddable":true,"href":"https:\/\/www.dui.dk\/123\/wp-json\/wp\/v2\/comments?post=1330"}],"version-history":[{"count":4,"href":"https:\/\/www.dui.dk\/123\/wp-json\/wp\/v2\/pages\/1330\/revisions"}],"predecessor-version":[{"id":1390,"href":"https:\/\/www.dui.dk\/123\/wp-json\/wp\/v2\/pages\/1330\/revisions\/1390"}],"wp:attachment":[{"href":"https:\/\/www.dui.dk\/123\/wp-json\/wp\/v2\/media?parent=1330"}],"curies":[{"name":"wp","href":"https:\/\/api.w.org\/{rel}","templated":true}]}}