{"id":1278,"date":"2023-11-06T12:12:07","date_gmt":"2023-11-06T12:12:07","guid":{"rendered":"https:\/\/www.dui.dk\/123\/?page_id=1278"},"modified":"2023-11-06T12:21:02","modified_gmt":"2023-11-06T12:21:02","slug":"nye-features-i-det-nye-medlemssystem","status":"publish","type":"page","link":"https:\/\/www.dui.dk\/123\/nye-features-i-det-nye-medlemssystem\/","title":{"rendered":"Nye features i det nye medlemssystem"},"content":{"rendered":"<table width=\"650\">\n<tbody>\n<tr>\n<td width=\"148\">\n<h3>APP<\/h3>\n<\/td>\n<td width=\"502\">Systemet er bygget op omkring en app, som har en central rolle i kommunikationen med medlemmerne. Det er via appen at man f\u00e5r alle sine oplysninger. Vi skal derfor fremover have medlemmerne til at bruge appen.<\/td>\n<\/tr>\n<tr>\n<td>\n<h3>Aktiviteter<\/h3>\n<\/td>\n<td>Udover at h\u00e5ndtere kontingent, er det ogs\u00e5 muligt at oprette aktiviteter i systemet. N\u00e5r det er gjort og man har valgt hvem der skal se aktiviteten, s\u00e5 har medlemmerne allerede adgang til aktiviteten i appen.<\/td>\n<\/tr>\n<tr>\n<td>\n<h3>Aktivitetskalender<\/h3>\n<\/td>\n<td>Da app&#8217;en er et lukket system kun tilg\u00e6ngelig for medlemmer, er en aktivitetskalender p\u00e5 afdelingens hjemmeside prim\u00e6rt t\u00e6nkt som en mulighed for at synligg\u00f8re vores aktiviteter uden for organisationen. Dette vil hj\u00e6lpe os med at tiltr\u00e6kke nye medlemmer. Aktiviteter beh\u00f8ver kun at blive oprettet \u00e9n gang for at kunne vises i kalenderen.<\/td>\n<\/tr>\n<tr>\n<td>\n<h3>Tilmelding\/betaling<\/h3>\n<\/td>\n<td>S\u00e5vel tilmelding som betaling til aktiviteter er mulige. Dog er det i \u00f8jeblikket begr\u00e6nset til kun at have \u00e9n pris pr. aktivitet. Dette er noget, vi allerede har p\u00e5peget overfor leverand\u00f8ren, og vi vil arbejde p\u00e5 at f\u00e5 det \u00e6ndret med tiden<\/td>\n<\/tr>\n<tr>\n<td>\n<h3>MobilePay<\/h3>\n<\/td>\n<td>Udover kontingent via forbundets PBS, s\u00e5 vil det fremover ogs\u00e5 v\u00e6re muligt at betale sit kontingent via MobilePay.<\/td>\n<\/tr>\n<tr>\n<td>\n<h3>Nem dokumentation<\/h3>\n<\/td>\n<td>Hvis afdelingerne bruger muligheden for at lave aktiviteterne i systemet, s\u00e5 vil vi fremover ogs\u00e5 have meget nemmere ved at dokumentere afdelingernes aktivitetsniveau over for revisionen.<\/td>\n<\/tr>\n<tr>\n<td>\n<h3>Direkte kommunikation<\/h3>\n<\/td>\n<td>App&#8217;en giver os mulighed for, at kunne kommunikere mere direkte med medlemmerne. Man kan skrive en besked ud til forskellige grupper f.eks. alle de frivillige. Eller man kan skrive direkte til det enkelte medlem.<\/td>\n<\/tr>\n<tr>\n<td>\n<h3>Opgaveliste<\/h3>\n<\/td>\n<td>N\u00e5r man har oprettet en aktivitet, vil det ogs\u00e5 v\u00e6re muligt at tilf\u00f8je opgaver. P\u00e5 den m\u00e5de kan alle meget nemt, p\u00e5tage sig forskellige opgaver i forbindelse med en aktivitet.<\/td>\n<\/tr>\n<tr>\n<td>\n<h3>Indmeldelse p\u00e5 hjemmeside<\/h3>\n<\/td>\n<td>N\u00e5r det nye medlemssystem er i gang, vil man fra hjemmesiden kunne melde sig ind direkte i systemet og samtidig betale sit kontingent. P\u00e5 den m\u00e5de vil man ogs\u00e5 kunne f\u00e5 besked om nye medlemmer i afdelingen med det samme.<\/td>\n<\/tr>\n<tr>\n<td>\n<h3>Automatisk afregning<\/h3>\n<\/td>\n<td>PBS skal fremover foreg\u00e5 via forbundets aftale. Men planen er at systemet selv skal lave afregningerne, s\u00e5 vi sparer en masse manuelt arbejde og afdelingerne nemt kan f\u00f8lge med.<\/td>\n<\/tr>\n<tr>\n<td>\n<h3>Overblik over udvikling<\/h3>\n<\/td>\n<td>Planen er ogs\u00e5, at det fremover skal v\u00e6re muligt for afdelingen, at f\u00e5 et godt overblik over centrale n\u00f8gletal over de seneste \u00e5r. P\u00e5 den m\u00e5de kan man nemmere f\u00f8lge udviklingen og reagere hvis udviklingen ikke g\u00e5r som man h\u00e5bet.<\/td>\n<\/tr>\n<tr>\n<td>\n<h3>Medlemsadgang<\/h3>\n<\/td>\n<td>Fremover, vil det v\u00e6re muligt for den enkelte selv at rette i sine stamoplysninger.<\/td>\n<\/tr>\n<tr>\n<td>\n<h3>Flere muligheder<\/h3>\n<\/td>\n<td>Systemet \u00e5bner op for rigtige mange nye muligheder fremover. Allerede nu ved vi, at der arbejdes p\u00e5 at f\u00e6rdigg\u00f8re noget booking, som uden tvivl vil lette arbejdet hvis man har en hytte, hoppeborg eller andet man lejer ud. Desuden arbejdes der ogs\u00e5 allerede nu p\u00e5 at lave et arbejdsredskab til bestyrelsesarbejdet. Og det er derfor ikke ut\u00e6nkeligt at f.eks. afdelingens arkivet i fremtiden ogs\u00e5 kan blive en del af medlemssystemet.<\/td>\n<\/tr>\n<\/tbody>\n<\/table>\n","protected":false},"excerpt":{"rendered":"<p>APP Systemet er bygget op omkring en app, som har en central rolle i kommunikationen med medlemmerne. Det er via appen at man f\u00e5r alle sine oplysninger. Vi skal derfor fremover have medlemmerne til at bruge appen. Aktiviteter Udover at h\u00e5ndtere kontingent, er det ogs\u00e5 muligt at oprette aktiviteter i systemet. N\u00e5r det er gjort [&hellip;]<\/p>\n","protected":false},"author":4,"featured_media":0,"parent":0,"menu_order":0,"comment_status":"closed","ping_status":"closed","template":"","meta":{"_acf_changed":false,"footnotes":""},"class_list":["post-1278","page","type-page","status-publish","hentry"],"acf":[],"yoast_head":"<!-- This site is optimized with the Yoast SEO plugin v27.1.1 - https:\/\/yoast.com\/product\/yoast-seo-wordpress\/ -->\n<title>Nye features i det nye medlemssystem -<\/title>\n<meta name=\"robots\" content=\"index, follow, max-snippet:-1, max-image-preview:large, max-video-preview:-1\" \/>\n<link rel=\"canonical\" href=\"https:\/\/www.dui.dk\/123\/nye-features-i-det-nye-medlemssystem\/\" \/>\n<meta property=\"og:locale\" content=\"da_DK\" \/>\n<meta property=\"og:type\" content=\"article\" \/>\n<meta property=\"og:title\" content=\"Nye features i det nye medlemssystem -\" \/>\n<meta property=\"og:description\" content=\"APP Systemet er bygget op omkring en app, som har en central rolle i kommunikationen med medlemmerne. Det er via appen at man f\u00e5r alle sine oplysninger. Vi skal derfor fremover have medlemmerne til at bruge appen. Aktiviteter Udover at h\u00e5ndtere kontingent, er det ogs\u00e5 muligt at oprette aktiviteter i systemet. N\u00e5r det er gjort [&hellip;]\" \/>\n<meta property=\"og:url\" content=\"https:\/\/www.dui.dk\/123\/nye-features-i-det-nye-medlemssystem\/\" \/>\n<meta property=\"article:modified_time\" content=\"2023-11-06T12:21:02+00:00\" \/>\n<meta name=\"twitter:card\" content=\"summary_large_image\" \/>\n<meta name=\"twitter:label1\" content=\"Estimeret l\u00e6setid\" \/>\n\t<meta name=\"twitter:data1\" content=\"3 minutter\" \/>\n<script type=\"application\/ld+json\" class=\"yoast-schema-graph\">{\"@context\":\"https:\/\/schema.org\",\"@graph\":[{\"@type\":\"WebPage\",\"@id\":\"https:\/\/www.dui.dk\/123\/nye-features-i-det-nye-medlemssystem\/\",\"url\":\"https:\/\/www.dui.dk\/123\/nye-features-i-det-nye-medlemssystem\/\",\"name\":\"Nye features i det nye medlemssystem -\",\"isPartOf\":{\"@id\":\"https:\/\/www.dui.dk\/123\/#website\"},\"datePublished\":\"2023-11-06T12:12:07+00:00\",\"dateModified\":\"2023-11-06T12:21:02+00:00\",\"breadcrumb\":{\"@id\":\"https:\/\/www.dui.dk\/123\/nye-features-i-det-nye-medlemssystem\/#breadcrumb\"},\"inLanguage\":\"da-DK\",\"potentialAction\":[{\"@type\":\"ReadAction\",\"target\":[\"https:\/\/www.dui.dk\/123\/nye-features-i-det-nye-medlemssystem\/\"]}]},{\"@type\":\"BreadcrumbList\",\"@id\":\"https:\/\/www.dui.dk\/123\/nye-features-i-det-nye-medlemssystem\/#breadcrumb\",\"itemListElement\":[{\"@type\":\"ListItem\",\"position\":1,\"name\":\"Hjem\",\"item\":\"https:\/\/www.dui.dk\/123\/\"},{\"@type\":\"ListItem\",\"position\":2,\"name\":\"Nye features i det nye medlemssystem\"}]},{\"@type\":\"WebSite\",\"@id\":\"https:\/\/www.dui.dk\/123\/#website\",\"url\":\"https:\/\/www.dui.dk\/123\/\",\"name\":\"\",\"description\":\"Endnu en DUI-LEG og VIRKE lokalafdelinger-side\",\"potentialAction\":[{\"@type\":\"SearchAction\",\"target\":{\"@type\":\"EntryPoint\",\"urlTemplate\":\"https:\/\/www.dui.dk\/123\/?s={search_term_string}\"},\"query-input\":{\"@type\":\"PropertyValueSpecification\",\"valueRequired\":true,\"valueName\":\"search_term_string\"}}],\"inLanguage\":\"da-DK\"}]}<\/script>\n<!-- \/ Yoast SEO plugin. -->","yoast_head_json":{"title":"Nye features i det nye medlemssystem -","robots":{"index":"index","follow":"follow","max-snippet":"max-snippet:-1","max-image-preview":"max-image-preview:large","max-video-preview":"max-video-preview:-1"},"canonical":"https:\/\/www.dui.dk\/123\/nye-features-i-det-nye-medlemssystem\/","og_locale":"da_DK","og_type":"article","og_title":"Nye features i det nye medlemssystem -","og_description":"APP Systemet er bygget op omkring en app, som har en central rolle i kommunikationen med medlemmerne. Det er via appen at man f\u00e5r alle sine oplysninger. Vi skal derfor fremover have medlemmerne til at bruge appen. Aktiviteter Udover at h\u00e5ndtere kontingent, er det ogs\u00e5 muligt at oprette aktiviteter i systemet. N\u00e5r det er gjort [&hellip;]","og_url":"https:\/\/www.dui.dk\/123\/nye-features-i-det-nye-medlemssystem\/","article_modified_time":"2023-11-06T12:21:02+00:00","twitter_card":"summary_large_image","twitter_misc":{"Estimeret l\u00e6setid":"3 minutter"},"schema":{"@context":"https:\/\/schema.org","@graph":[{"@type":"WebPage","@id":"https:\/\/www.dui.dk\/123\/nye-features-i-det-nye-medlemssystem\/","url":"https:\/\/www.dui.dk\/123\/nye-features-i-det-nye-medlemssystem\/","name":"Nye features i det nye medlemssystem -","isPartOf":{"@id":"https:\/\/www.dui.dk\/123\/#website"},"datePublished":"2023-11-06T12:12:07+00:00","dateModified":"2023-11-06T12:21:02+00:00","breadcrumb":{"@id":"https:\/\/www.dui.dk\/123\/nye-features-i-det-nye-medlemssystem\/#breadcrumb"},"inLanguage":"da-DK","potentialAction":[{"@type":"ReadAction","target":["https:\/\/www.dui.dk\/123\/nye-features-i-det-nye-medlemssystem\/"]}]},{"@type":"BreadcrumbList","@id":"https:\/\/www.dui.dk\/123\/nye-features-i-det-nye-medlemssystem\/#breadcrumb","itemListElement":[{"@type":"ListItem","position":1,"name":"Hjem","item":"https:\/\/www.dui.dk\/123\/"},{"@type":"ListItem","position":2,"name":"Nye features i det nye medlemssystem"}]},{"@type":"WebSite","@id":"https:\/\/www.dui.dk\/123\/#website","url":"https:\/\/www.dui.dk\/123\/","name":"","description":"Endnu en DUI-LEG og VIRKE lokalafdelinger-side","potentialAction":[{"@type":"SearchAction","target":{"@type":"EntryPoint","urlTemplate":"https:\/\/www.dui.dk\/123\/?s={search_term_string}"},"query-input":{"@type":"PropertyValueSpecification","valueRequired":true,"valueName":"search_term_string"}}],"inLanguage":"da-DK"}]}},"_links":{"self":[{"href":"https:\/\/www.dui.dk\/123\/wp-json\/wp\/v2\/pages\/1278","targetHints":{"allow":["GET"]}}],"collection":[{"href":"https:\/\/www.dui.dk\/123\/wp-json\/wp\/v2\/pages"}],"about":[{"href":"https:\/\/www.dui.dk\/123\/wp-json\/wp\/v2\/types\/page"}],"author":[{"embeddable":true,"href":"https:\/\/www.dui.dk\/123\/wp-json\/wp\/v2\/users\/4"}],"replies":[{"embeddable":true,"href":"https:\/\/www.dui.dk\/123\/wp-json\/wp\/v2\/comments?post=1278"}],"version-history":[{"count":2,"href":"https:\/\/www.dui.dk\/123\/wp-json\/wp\/v2\/pages\/1278\/revisions"}],"predecessor-version":[{"id":1287,"href":"https:\/\/www.dui.dk\/123\/wp-json\/wp\/v2\/pages\/1278\/revisions\/1287"}],"wp:attachment":[{"href":"https:\/\/www.dui.dk\/123\/wp-json\/wp\/v2\/media?parent=1278"}],"curies":[{"name":"wp","href":"https:\/\/api.w.org\/{rel}","templated":true}]}}