{"id":1276,"date":"2023-11-06T12:11:07","date_gmt":"2023-11-06T12:11:07","guid":{"rendered":"https:\/\/www.dui.dk\/123\/?page_id=1276"},"modified":"2023-11-06T13:34:14","modified_gmt":"2023-11-06T13:34:14","slug":"fordele-ved-det-nye-medlemssystem-i-dui","status":"publish","type":"page","link":"https:\/\/www.dui.dk\/123\/fordele-ved-det-nye-medlemssystem-i-dui\/","title":{"rendered":"Fordele ved det nye medlemssystem"},"content":{"rendered":"<p>&nbsp;<\/p>\n<ul>\n<li><strong><img loading=\"lazy\" decoding=\"async\" class=\"size-full wp-image-1301 alignleft\" src=\"https:\/\/www.dui.dk\/123\/wp-content\/uploads\/sites\/75\/2023\/11\/Fordele-2-lille.png\" alt=\"\" width=\"125\" height=\"112\" \/>Skr\u00e6ddersyet til os i DUI<\/strong>: Det nye medlemssystem vil blive specialtilpasset til at opfylde vores unikke behov og \u00f8nsker som landsorganisation. Dette betyder, at systemet vil fungere i harmoni med vores interne processer og krav.<\/li>\n<\/ul>\n<p>&nbsp;<\/p>\n<p>&nbsp;<\/p>\n<p>&nbsp;<\/p>\n<ul>\n<li><strong><img loading=\"lazy\" decoding=\"async\" class=\"size-full wp-image-1302 alignleft\" src=\"https:\/\/www.dui.dk\/123\/wp-content\/uploads\/sites\/75\/2023\/11\/Fordele-7-lille.png\" alt=\"\" width=\"125\" height=\"112\" \/>Fuld digital integration:<\/strong> Systemet vil inkludere b\u00e5de en app og en webbaseret platform, der taler s\u00f8ml\u00f8st sammen. Dette giver vores medlemmer og ledere mulighed for at f\u00e5 adgang til systemet fra deres foretrukne enheder og placeringer.<\/li>\n<\/ul>\n<p>&nbsp;<\/p>\n<p>&nbsp;<\/p>\n<p>&nbsp;<\/p>\n<ul>\n<li><strong><img loading=\"lazy\" decoding=\"async\" class=\"size-full wp-image-1312 alignleft\" src=\"https:\/\/www.dui.dk\/123\/wp-content\/uploads\/sites\/75\/2023\/11\/Fordele-8-lille.png\" alt=\"\" width=\"125\" height=\"112\" \/>Bedre kommunikation<\/strong>: DUI&#8217;s ledere, frivillige og medlemmer vil kunne kommunikere mere effektivt gennem systemet. F\u00e6llesbeskeder, chat og kommentarspor vil g\u00f8re det lettere at koordinere og samarbejde.<\/li>\n<\/ul>\n<p>&nbsp;<\/p>\n<p>&nbsp;<\/p>\n<p>&nbsp;<\/p>\n<ul>\n<li><strong><img loading=\"lazy\" decoding=\"async\" class=\"size-full wp-image-1311 alignleft\" src=\"https:\/\/www.dui.dk\/123\/wp-content\/uploads\/sites\/75\/2023\/11\/Fordele-6-lille.png\" alt=\"\" width=\"125\" height=\"112\" \/>Tids- og ressourcebesparelser:<\/strong> Automatisering af manuelle processer, s\u00e5som medlemsopkr\u00e6vning, betaling og fakturering, vil reducere tidsforbrug og ressourcekrav i afdelingerne og p\u00e5 Sekretariatet. Dette frigiver tid til andre vigtige opgaver og aktiviteter.<\/li>\n<\/ul>\n<p>&nbsp;<\/p>\n<p>&nbsp;<\/p>\n<p>&nbsp;<\/p>\n<ul>\n<li><strong><img loading=\"lazy\" decoding=\"async\" class=\"size-full wp-image-1307 alignleft\" src=\"https:\/\/www.dui.dk\/123\/wp-content\/uploads\/sites\/75\/2023\/11\/Fordele-1-lille.png\" alt=\"\" width=\"125\" height=\"112\" \/>\u00d8get medlemstilg\u00e6ngelighed:<\/strong> Systemet vil g\u00f8re det lettere for vores medlemmer at tilmelde sig DUI&#8217;s aktiviteter og begivenheder, hvilket \u00f8ger deres engagement og samtidig forbedrer deres medlemsoplevelse.<\/li>\n<\/ul>\n<p>&nbsp;<\/p>\n<p>&nbsp;<\/p>\n<p>&nbsp;<\/p>\n<ul>\n<li><strong><img loading=\"lazy\" decoding=\"async\" class=\"size-full wp-image-1308 alignleft\" src=\"https:\/\/www.dui.dk\/123\/wp-content\/uploads\/sites\/75\/2023\/11\/Fordele-3-lille.png\" alt=\"\" width=\"125\" height=\"112\" \/>Forbedret synlighed<\/strong>: Det nye system vil skabe st\u00f8rre synlighed p\u00e5 tv\u00e6rs af afdelinger ved at tilbyde en samlet platform for medlemsregistrering og aktivitetsstyring. Dette vil fremme kommunikation og samarbejde p\u00e5 tv\u00e6rs af DUI.<\/li>\n<\/ul>\n<p>&nbsp;<\/p>\n<p>&nbsp;<\/p>\n<p>&nbsp;<\/p>\n<ul>\n<li><strong><strong><img loading=\"lazy\" decoding=\"async\" class=\"size-full wp-image-1309 alignleft\" src=\"https:\/\/www.dui.dk\/123\/wp-content\/uploads\/sites\/75\/2023\/11\/Fordele-4-lille.png\" alt=\"\" width=\"125\" height=\"112\" \/><\/strong>Bedre medlemsindsigt:<\/strong> Med det nye system vil vi f\u00e5 dybere indsigt i vores medlemmer og aktiviteter. Dette vil hj\u00e6lpe os med at tilpasse vores tilbud og styrke vores relation til medlemmerne.<\/li>\n<\/ul>\n","protected":false},"excerpt":{"rendered":"<p>&nbsp; Skr\u00e6ddersyet til os i DUI: Det nye medlemssystem vil blive specialtilpasset til at opfylde vores unikke behov og \u00f8nsker som landsorganisation. Dette betyder, at systemet vil fungere i harmoni med vores interne processer og krav. &nbsp; &nbsp; &nbsp; Fuld digital integration: Systemet vil inkludere b\u00e5de en app og en webbaseret platform, der taler s\u00f8ml\u00f8st [&hellip;]<\/p>\n","protected":false},"author":4,"featured_media":0,"parent":0,"menu_order":0,"comment_status":"closed","ping_status":"closed","template":"","meta":{"_acf_changed":false,"footnotes":""},"class_list":["post-1276","page","type-page","status-publish","hentry"],"acf":[],"yoast_head":"<!-- This site is optimized with the Yoast SEO plugin v27.1.1 - https:\/\/yoast.com\/product\/yoast-seo-wordpress\/ -->\n<title>Fordele ved det nye medlemssystem -<\/title>\n<meta name=\"robots\" content=\"index, follow, max-snippet:-1, max-image-preview:large, max-video-preview:-1\" \/>\n<link rel=\"canonical\" href=\"https:\/\/www.dui.dk\/123\/fordele-ved-det-nye-medlemssystem-i-dui\/\" \/>\n<meta property=\"og:locale\" content=\"da_DK\" \/>\n<meta property=\"og:type\" content=\"article\" \/>\n<meta property=\"og:title\" content=\"Fordele ved det nye medlemssystem -\" \/>\n<meta property=\"og:description\" content=\"&nbsp; Skr\u00e6ddersyet til os i DUI: Det nye medlemssystem vil blive specialtilpasset til at opfylde vores unikke behov og \u00f8nsker som landsorganisation. Dette betyder, at systemet vil fungere i harmoni med vores interne processer og krav. &nbsp; &nbsp; &nbsp; Fuld digital integration: Systemet vil inkludere b\u00e5de en app og en webbaseret platform, der taler s\u00f8ml\u00f8st [&hellip;]\" \/>\n<meta property=\"og:url\" content=\"https:\/\/www.dui.dk\/123\/fordele-ved-det-nye-medlemssystem-i-dui\/\" \/>\n<meta property=\"article:modified_time\" content=\"2023-11-06T13:34:14+00:00\" \/>\n<meta property=\"og:image\" content=\"https:\/\/www.dui.dk\/123\/wp-content\/uploads\/sites\/75\/2023\/11\/Fordele-2-lille.png\" \/>\n<meta name=\"twitter:card\" content=\"summary_large_image\" \/>\n<meta name=\"twitter:label1\" content=\"Estimeret l\u00e6setid\" \/>\n\t<meta name=\"twitter:data1\" content=\"2 minutter\" \/>\n<script type=\"application\/ld+json\" class=\"yoast-schema-graph\">{\"@context\":\"https:\/\/schema.org\",\"@graph\":[{\"@type\":\"WebPage\",\"@id\":\"https:\/\/www.dui.dk\/123\/fordele-ved-det-nye-medlemssystem-i-dui\/\",\"url\":\"https:\/\/www.dui.dk\/123\/fordele-ved-det-nye-medlemssystem-i-dui\/\",\"name\":\"Fordele ved det nye medlemssystem -\",\"isPartOf\":{\"@id\":\"https:\/\/www.dui.dk\/123\/#website\"},\"primaryImageOfPage\":{\"@id\":\"https:\/\/www.dui.dk\/123\/fordele-ved-det-nye-medlemssystem-i-dui\/#primaryimage\"},\"image\":{\"@id\":\"https:\/\/www.dui.dk\/123\/fordele-ved-det-nye-medlemssystem-i-dui\/#primaryimage\"},\"thumbnailUrl\":\"https:\/\/www.dui.dk\/123\/wp-content\/uploads\/sites\/75\/2023\/11\/Fordele-2-lille.png\",\"datePublished\":\"2023-11-06T12:11:07+00:00\",\"dateModified\":\"2023-11-06T13:34:14+00:00\",\"breadcrumb\":{\"@id\":\"https:\/\/www.dui.dk\/123\/fordele-ved-det-nye-medlemssystem-i-dui\/#breadcrumb\"},\"inLanguage\":\"da-DK\",\"potentialAction\":[{\"@type\":\"ReadAction\",\"target\":[\"https:\/\/www.dui.dk\/123\/fordele-ved-det-nye-medlemssystem-i-dui\/\"]}]},{\"@type\":\"ImageObject\",\"inLanguage\":\"da-DK\",\"@id\":\"https:\/\/www.dui.dk\/123\/fordele-ved-det-nye-medlemssystem-i-dui\/#primaryimage\",\"url\":\"https:\/\/www.dui.dk\/123\/wp-content\/uploads\/sites\/75\/2023\/11\/Fordele-2-lille.png\",\"contentUrl\":\"https:\/\/www.dui.dk\/123\/wp-content\/uploads\/sites\/75\/2023\/11\/Fordele-2-lille.png\",\"width\":125,\"height\":112},{\"@type\":\"BreadcrumbList\",\"@id\":\"https:\/\/www.dui.dk\/123\/fordele-ved-det-nye-medlemssystem-i-dui\/#breadcrumb\",\"itemListElement\":[{\"@type\":\"ListItem\",\"position\":1,\"name\":\"Hjem\",\"item\":\"https:\/\/www.dui.dk\/123\/\"},{\"@type\":\"ListItem\",\"position\":2,\"name\":\"Fordele ved det nye medlemssystem\"}]},{\"@type\":\"WebSite\",\"@id\":\"https:\/\/www.dui.dk\/123\/#website\",\"url\":\"https:\/\/www.dui.dk\/123\/\",\"name\":\"\",\"description\":\"Endnu en DUI-LEG og VIRKE lokalafdelinger-side\",\"potentialAction\":[{\"@type\":\"SearchAction\",\"target\":{\"@type\":\"EntryPoint\",\"urlTemplate\":\"https:\/\/www.dui.dk\/123\/?s={search_term_string}\"},\"query-input\":{\"@type\":\"PropertyValueSpecification\",\"valueRequired\":true,\"valueName\":\"search_term_string\"}}],\"inLanguage\":\"da-DK\"}]}<\/script>\n<!-- \/ Yoast SEO plugin. -->","yoast_head_json":{"title":"Fordele ved det nye medlemssystem -","robots":{"index":"index","follow":"follow","max-snippet":"max-snippet:-1","max-image-preview":"max-image-preview:large","max-video-preview":"max-video-preview:-1"},"canonical":"https:\/\/www.dui.dk\/123\/fordele-ved-det-nye-medlemssystem-i-dui\/","og_locale":"da_DK","og_type":"article","og_title":"Fordele ved det nye medlemssystem -","og_description":"&nbsp; Skr\u00e6ddersyet til os i DUI: Det nye medlemssystem vil blive specialtilpasset til at opfylde vores unikke behov og \u00f8nsker som landsorganisation. Dette betyder, at systemet vil fungere i harmoni med vores interne processer og krav. &nbsp; &nbsp; &nbsp; Fuld digital integration: Systemet vil inkludere b\u00e5de en app og en webbaseret platform, der taler s\u00f8ml\u00f8st [&hellip;]","og_url":"https:\/\/www.dui.dk\/123\/fordele-ved-det-nye-medlemssystem-i-dui\/","article_modified_time":"2023-11-06T13:34:14+00:00","og_image":[{"url":"https:\/\/www.dui.dk\/123\/wp-content\/uploads\/sites\/75\/2023\/11\/Fordele-2-lille.png","type":"","width":"","height":""}],"twitter_card":"summary_large_image","twitter_misc":{"Estimeret l\u00e6setid":"2 minutter"},"schema":{"@context":"https:\/\/schema.org","@graph":[{"@type":"WebPage","@id":"https:\/\/www.dui.dk\/123\/fordele-ved-det-nye-medlemssystem-i-dui\/","url":"https:\/\/www.dui.dk\/123\/fordele-ved-det-nye-medlemssystem-i-dui\/","name":"Fordele ved det nye medlemssystem -","isPartOf":{"@id":"https:\/\/www.dui.dk\/123\/#website"},"primaryImageOfPage":{"@id":"https:\/\/www.dui.dk\/123\/fordele-ved-det-nye-medlemssystem-i-dui\/#primaryimage"},"image":{"@id":"https:\/\/www.dui.dk\/123\/fordele-ved-det-nye-medlemssystem-i-dui\/#primaryimage"},"thumbnailUrl":"https:\/\/www.dui.dk\/123\/wp-content\/uploads\/sites\/75\/2023\/11\/Fordele-2-lille.png","datePublished":"2023-11-06T12:11:07+00:00","dateModified":"2023-11-06T13:34:14+00:00","breadcrumb":{"@id":"https:\/\/www.dui.dk\/123\/fordele-ved-det-nye-medlemssystem-i-dui\/#breadcrumb"},"inLanguage":"da-DK","potentialAction":[{"@type":"ReadAction","target":["https:\/\/www.dui.dk\/123\/fordele-ved-det-nye-medlemssystem-i-dui\/"]}]},{"@type":"ImageObject","inLanguage":"da-DK","@id":"https:\/\/www.dui.dk\/123\/fordele-ved-det-nye-medlemssystem-i-dui\/#primaryimage","url":"https:\/\/www.dui.dk\/123\/wp-content\/uploads\/sites\/75\/2023\/11\/Fordele-2-lille.png","contentUrl":"https:\/\/www.dui.dk\/123\/wp-content\/uploads\/sites\/75\/2023\/11\/Fordele-2-lille.png","width":125,"height":112},{"@type":"BreadcrumbList","@id":"https:\/\/www.dui.dk\/123\/fordele-ved-det-nye-medlemssystem-i-dui\/#breadcrumb","itemListElement":[{"@type":"ListItem","position":1,"name":"Hjem","item":"https:\/\/www.dui.dk\/123\/"},{"@type":"ListItem","position":2,"name":"Fordele ved det nye medlemssystem"}]},{"@type":"WebSite","@id":"https:\/\/www.dui.dk\/123\/#website","url":"https:\/\/www.dui.dk\/123\/","name":"","description":"Endnu en DUI-LEG og VIRKE lokalafdelinger-side","potentialAction":[{"@type":"SearchAction","target":{"@type":"EntryPoint","urlTemplate":"https:\/\/www.dui.dk\/123\/?s={search_term_string}"},"query-input":{"@type":"PropertyValueSpecification","valueRequired":true,"valueName":"search_term_string"}}],"inLanguage":"da-DK"}]}},"_links":{"self":[{"href":"https:\/\/www.dui.dk\/123\/wp-json\/wp\/v2\/pages\/1276","targetHints":{"allow":["GET"]}}],"collection":[{"href":"https:\/\/www.dui.dk\/123\/wp-json\/wp\/v2\/pages"}],"about":[{"href":"https:\/\/www.dui.dk\/123\/wp-json\/wp\/v2\/types\/page"}],"author":[{"embeddable":true,"href":"https:\/\/www.dui.dk\/123\/wp-json\/wp\/v2\/users\/4"}],"replies":[{"embeddable":true,"href":"https:\/\/www.dui.dk\/123\/wp-json\/wp\/v2\/comments?post=1276"}],"version-history":[{"count":4,"href":"https:\/\/www.dui.dk\/123\/wp-json\/wp\/v2\/pages\/1276\/revisions"}],"predecessor-version":[{"id":1315,"href":"https:\/\/www.dui.dk\/123\/wp-json\/wp\/v2\/pages\/1276\/revisions\/1315"}],"wp:attachment":[{"href":"https:\/\/www.dui.dk\/123\/wp-json\/wp\/v2\/media?parent=1276"}],"curies":[{"name":"wp","href":"https:\/\/api.w.org\/{rel}","templated":true}]}}