{"id":1180,"date":"2023-11-02T13:28:04","date_gmt":"2023-11-02T13:28:04","guid":{"rendered":"https:\/\/www.dui.dk\/123\/?page_id=1180"},"modified":"2024-10-07T08:57:55","modified_gmt":"2024-10-07T08:57:55","slug":"introduktionsplan-2023-24","status":"publish","type":"page","link":"https:\/\/www.dui.dk\/123\/introduktionsplan-2023-24\/","title":{"rendered":"Introduktionsplan 2023\/24"},"content":{"rendered":"<p><img loading=\"lazy\" decoding=\"async\" class=\"size-full wp-image-1249 alignright\" src=\"https:\/\/www.dui.dk\/123\/wp-content\/uploads\/sites\/75\/2023\/11\/Kalender-lille.png\" alt=\"\" width=\"250\" height=\"250\" srcset=\"https:\/\/www.dui.dk\/123\/wp-content\/uploads\/sites\/75\/2023\/11\/Kalender-lille.png 250w, https:\/\/www.dui.dk\/123\/wp-content\/uploads\/sites\/75\/2023\/11\/Kalender-lille-150x150.png 150w\" sizes=\"auto, (max-width: 250px) 100vw, 250px\" \/>Frem til \u00e5rsskiftet vil vi udvikle og implementere systemet sammen med leverand\u00f8ren. Vi bestr\u00e6ber os nemlig p\u00e5, at sikre en smidig opstart og at systemet er fuldt operationelt den 1. januar 2024.<\/p>\n<p>Alle vores tilpasninger kan dog ikke n\u00e5 at blive klar til \u00e5rsskiftet. Derfor vil vi ogs\u00e5 i l\u00f8bet af 2024 opdatere systemet med flere tilpasninger. Vi vil l\u00f8bende tage jeres feedback med tilbage til leverand\u00f8ren, s\u00e5 vi i f\u00e6llesskab kan udvikle systemet til vores behov. Sekretariatet vil derfor sidel\u00f8bende med introduktionen udvikle p\u00e5 systemet sammen med leverand\u00f8ren.<\/p>\n<p>&nbsp;<\/p>\n<h3><strong>Introduktionsplan for nyt medlemssystem<\/strong><\/h3>\n<p><strong>Der er ingen tilmelding, I skal blot klikke jer ind p\u00e5 dagen.\u00a0<\/strong>V\u00e6r opm\u00e6rksom p\u00e5, at planen er en forel\u00f8big plan som vi l\u00f8bende tilretter. Vi kan derfor godt flytte rundt eller oprettet flere webinars. Bem\u00e6rk ogs\u00e5 at vi optager dem alle, s\u00e5 de efterf\u00f8lgende kan genses her p\u00e5 siden.<\/p>\n<p>&nbsp;<\/p>\n<h1>2023<\/h1>\n<table width=\"650\">\n<tbody>\n<tr>\n<td width=\"118\">\n<h3>UGE 46<\/h3>\n<\/td>\n<td width=\"532\"><a href=\"http:\/\/gofile.me\/48luZ\/mm40vdW2L\">Se optagelse fra m\u00f8det den 15. november<\/a><\/p>\n<p>Pr\u00e6sentation af <strong>det nye medlemssystem<\/strong> (for alle frivillige) <strong>Del 1<\/strong><\/td>\n<\/tr>\n<tr>\n<td>\n<h3>UGE 47<\/h3>\n<\/td>\n<td><a href=\"http:\/\/gofile.me\/48luZ\/bCnmv0rJE\">Se optagelse fra m\u00f8det den 21. november<\/a><\/p>\n<p>Pr\u00e6sentation af <strong>det nye medlemssystem<\/strong> (for alle frivillige)\u00a0<strong>Del 1<\/strong><\/td>\n<\/tr>\n<tr>\n<td>\n<h3>UGE 49<\/h3>\n<\/td>\n<td><a href=\"http:\/\/gofile.me\/48luZ\/5XnL0mO4L\">Se optagelse fra m\u00f8det den 5. december<\/a><\/p>\n<p><strong>Aktiviteter<\/strong> (for alle de aktivitetsansvarlige)\u00a0<strong>Del 2<\/strong><\/td>\n<\/tr>\n<tr>\n<td>\n<h3>UGE 50<\/h3>\n<\/td>\n<td><a href=\"http:\/\/gofile.me\/48luZ\/c84GRuenp\">Se optagelse fra m\u00f8det den 12 december<\/a><\/p>\n<p><strong>Kontingent<\/strong> (for medlemsansvarlige) <strong>Del 3\u00a0<\/strong><\/td>\n<\/tr>\n<\/tbody>\n<\/table>\n<h1><\/h1>\n<p>&nbsp;<\/p>\n<h1>2024<\/h1>\n<p>&nbsp;<\/p>\n<table width=\"650\">\n<tbody>\n<tr>\n<td width=\"118\">\n<h3>UGE 2<\/h3>\n<\/td>\n<td width=\"532\">Gentagelse <a href=\"http:\/\/gofile.me\/48luZ\/5XnL0mO4L\">Se optagelse fra m\u00f8det den 5. december<\/a><\/p>\n<p><strong>Aktiviteter<\/strong> (for alle de aktivitetsansvarlige) <strong>Del 2<\/strong><\/td>\n<\/tr>\n<tr>\n<td>\n<h3>UGE 3<\/h3>\n<\/td>\n<td><a href=\"http:\/\/gofile.me\/48luZ\/wZB41uWag\">Se optagelse fra m\u00f8det den 17. januar<\/a><\/p>\n<p>Pr\u00e6sentation af <strong>appen<\/strong> til medlemmerne (for alle frivillige) <strong>Del 4<\/strong><\/td>\n<\/tr>\n<tr>\n<td>\n<h3>UGE 4<\/h3>\n<\/td>\n<td>Udskydes til uge 9 samme med feedback<\/p>\n<p><strong>Kontingent<\/strong> (for medlemsansvarlige) <strong>Del 3\u00a0<\/strong><\/td>\n<\/tr>\n<tr>\n<td>\n<h3>UGE 5<\/h3>\n<\/td>\n<td>F\u00e5 deltager &#8211; ingen optagelse se eventuelt <a href=\"https:\/\/minforening.dk\/support-2\/#\/lightbox&amp;slide=1\">video fra MinForening<\/a><\/p>\n<p>Pr\u00e6sentation af <strong>appen<\/strong> til medlemmerne (for alle) <strong>Del 4<\/strong><\/td>\n<\/tr>\n<tr>\n<td>\n<h3>UGE 9<\/h3>\n<\/td>\n<td><strong>Kontingent og feedback<\/strong> (for alle)\u00a0 <strong>Del 3+5<\/strong><\/td>\n<\/tr>\n<tr>\n<td>\n<h3>UGE 12<\/h3>\n<\/td>\n<td><strong>Workshop &#8211; Kontingent<\/strong> (for de kontingentansvarlige)<\/td>\n<\/tr>\n<tr>\n<td>\n<h3>UGE 37<\/h3>\n<\/td>\n<td><a href=\"http:\/\/gofile.me\/48luZ\/SVrvNA1jB\">Se optagelsen fra tirsdag den 10. september <\/a><\/p>\n<p><strong>Kom godt i gang<\/strong> (for medlemsansvarlige)<\/td>\n<\/tr>\n<tr>\n<td>\n<h3>UGE 39<\/h3>\n<\/td>\n<td><a href=\"http:\/\/gofile.me\/48luZ\/Dr1F5HxR5\">Se optagelsen fra tirsdag den 24. september\u00a0<\/a><br \/>\n<strong>Betalinger\/opkr\u00e6vninger<\/strong>\u00a0(for medlemsansvarlige) <strong>Del 6<\/strong><\/td>\n<\/tr>\n<tr>\n<td>\n<h3>UGE ?<\/h3>\n<\/td>\n<td><strong>B\u00f8rneattester <\/strong>(for medlemsansvarlige) <strong>Del 7<\/strong><\/td>\n<\/tr>\n<tr>\n<td>\n<h3>UGE ?<\/h3>\n<\/td>\n<td><strong>Opsamling og feedback<\/strong> (for alle)\u00a0 <strong>Del 8<\/strong><\/td>\n<\/tr>\n<tr>\n<td>\n<h3>UGE ?<\/h3>\n<\/td>\n<td><strong>Medlemsindberetning og dokumentation<\/strong> (for medlemsansvarlige) <strong>Del 9<\/strong><\/td>\n<\/tr>\n<\/tbody>\n<\/table>\n<p>&nbsp;<\/p>\n<h1>2025<\/h1>\n<table width=\"650\">\n<tbody>\n<tr>\n<td width=\"118\">\n<h3>UGE 3<\/h3>\n<\/td>\n<td width=\"532\"><strong>Dashboard og aktivitetskalender<\/strong> (for alle)\u00a0 <strong>Del 9<\/strong><\/td>\n<\/tr>\n<tr>\n<td>\n<h3>UGE 6<\/h3>\n<\/td>\n<td><strong>Opsamling og feedback<\/strong> (for alle)\u00a0 <strong>Del 10<\/strong><\/td>\n<\/tr>\n<\/tbody>\n<\/table>\n","protected":false},"excerpt":{"rendered":"<p>Frem til \u00e5rsskiftet vil vi udvikle og implementere systemet sammen med leverand\u00f8ren. Vi bestr\u00e6ber os nemlig p\u00e5, at sikre en smidig opstart og at systemet er fuldt operationelt den 1. januar 2024. Alle vores tilpasninger kan dog ikke n\u00e5 at blive klar til \u00e5rsskiftet. Derfor vil vi ogs\u00e5 i l\u00f8bet af 2024 opdatere systemet med [&hellip;]<\/p>\n","protected":false},"author":4,"featured_media":0,"parent":0,"menu_order":0,"comment_status":"closed","ping_status":"closed","template":"","meta":{"_acf_changed":false,"footnotes":""},"class_list":["post-1180","page","type-page","status-publish","hentry"],"acf":[],"yoast_head":"<!-- This site is optimized with the Yoast SEO plugin v27.1.1 - https:\/\/yoast.com\/product\/yoast-seo-wordpress\/ -->\n<title>Introduktionsplan 2023\/24 -<\/title>\n<meta name=\"robots\" content=\"index, follow, max-snippet:-1, max-image-preview:large, max-video-preview:-1\" \/>\n<link rel=\"canonical\" href=\"https:\/\/www.dui.dk\/123\/introduktionsplan-2023-24\/\" \/>\n<meta property=\"og:locale\" content=\"da_DK\" \/>\n<meta property=\"og:type\" content=\"article\" \/>\n<meta property=\"og:title\" content=\"Introduktionsplan 2023\/24 -\" \/>\n<meta property=\"og:description\" content=\"Frem til \u00e5rsskiftet vil vi udvikle og implementere systemet sammen med leverand\u00f8ren. Vi bestr\u00e6ber os nemlig p\u00e5, at sikre en smidig opstart og at systemet er fuldt operationelt den 1. januar 2024. Alle vores tilpasninger kan dog ikke n\u00e5 at blive klar til \u00e5rsskiftet. Derfor vil vi ogs\u00e5 i l\u00f8bet af 2024 opdatere systemet med [&hellip;]\" \/>\n<meta property=\"og:url\" content=\"https:\/\/www.dui.dk\/123\/introduktionsplan-2023-24\/\" \/>\n<meta property=\"article:modified_time\" content=\"2024-10-07T08:57:55+00:00\" \/>\n<meta property=\"og:image\" content=\"https:\/\/www.dui.dk\/123\/wp-content\/uploads\/sites\/75\/2023\/11\/Kalender-lille.png\" \/>\n<meta name=\"twitter:card\" content=\"summary_large_image\" \/>\n<meta name=\"twitter:label1\" content=\"Estimeret l\u00e6setid\" \/>\n\t<meta name=\"twitter:data1\" content=\"3 minutter\" \/>\n<script type=\"application\/ld+json\" class=\"yoast-schema-graph\">{\"@context\":\"https:\/\/schema.org\",\"@graph\":[{\"@type\":\"WebPage\",\"@id\":\"https:\/\/www.dui.dk\/123\/introduktionsplan-2023-24\/\",\"url\":\"https:\/\/www.dui.dk\/123\/introduktionsplan-2023-24\/\",\"name\":\"Introduktionsplan 2023\/24 -\",\"isPartOf\":{\"@id\":\"https:\/\/www.dui.dk\/123\/#website\"},\"primaryImageOfPage\":{\"@id\":\"https:\/\/www.dui.dk\/123\/introduktionsplan-2023-24\/#primaryimage\"},\"image\":{\"@id\":\"https:\/\/www.dui.dk\/123\/introduktionsplan-2023-24\/#primaryimage\"},\"thumbnailUrl\":\"https:\/\/www.dui.dk\/123\/wp-content\/uploads\/sites\/75\/2023\/11\/Kalender-lille.png\",\"datePublished\":\"2023-11-02T13:28:04+00:00\",\"dateModified\":\"2024-10-07T08:57:55+00:00\",\"breadcrumb\":{\"@id\":\"https:\/\/www.dui.dk\/123\/introduktionsplan-2023-24\/#breadcrumb\"},\"inLanguage\":\"da-DK\",\"potentialAction\":[{\"@type\":\"ReadAction\",\"target\":[\"https:\/\/www.dui.dk\/123\/introduktionsplan-2023-24\/\"]}]},{\"@type\":\"ImageObject\",\"inLanguage\":\"da-DK\",\"@id\":\"https:\/\/www.dui.dk\/123\/introduktionsplan-2023-24\/#primaryimage\",\"url\":\"https:\/\/www.dui.dk\/123\/wp-content\/uploads\/sites\/75\/2023\/11\/Kalender-lille.png\",\"contentUrl\":\"https:\/\/www.dui.dk\/123\/wp-content\/uploads\/sites\/75\/2023\/11\/Kalender-lille.png\",\"width\":250,\"height\":250},{\"@type\":\"BreadcrumbList\",\"@id\":\"https:\/\/www.dui.dk\/123\/introduktionsplan-2023-24\/#breadcrumb\",\"itemListElement\":[{\"@type\":\"ListItem\",\"position\":1,\"name\":\"Hjem\",\"item\":\"https:\/\/www.dui.dk\/123\/\"},{\"@type\":\"ListItem\",\"position\":2,\"name\":\"Introduktionsplan 2023\/24\"}]},{\"@type\":\"WebSite\",\"@id\":\"https:\/\/www.dui.dk\/123\/#website\",\"url\":\"https:\/\/www.dui.dk\/123\/\",\"name\":\"\",\"description\":\"Endnu en DUI-LEG og VIRKE lokalafdelinger-side\",\"potentialAction\":[{\"@type\":\"SearchAction\",\"target\":{\"@type\":\"EntryPoint\",\"urlTemplate\":\"https:\/\/www.dui.dk\/123\/?s={search_term_string}\"},\"query-input\":{\"@type\":\"PropertyValueSpecification\",\"valueRequired\":true,\"valueName\":\"search_term_string\"}}],\"inLanguage\":\"da-DK\"}]}<\/script>\n<!-- \/ Yoast SEO plugin. -->","yoast_head_json":{"title":"Introduktionsplan 2023\/24 -","robots":{"index":"index","follow":"follow","max-snippet":"max-snippet:-1","max-image-preview":"max-image-preview:large","max-video-preview":"max-video-preview:-1"},"canonical":"https:\/\/www.dui.dk\/123\/introduktionsplan-2023-24\/","og_locale":"da_DK","og_type":"article","og_title":"Introduktionsplan 2023\/24 -","og_description":"Frem til \u00e5rsskiftet vil vi udvikle og implementere systemet sammen med leverand\u00f8ren. Vi bestr\u00e6ber os nemlig p\u00e5, at sikre en smidig opstart og at systemet er fuldt operationelt den 1. januar 2024. Alle vores tilpasninger kan dog ikke n\u00e5 at blive klar til \u00e5rsskiftet. Derfor vil vi ogs\u00e5 i l\u00f8bet af 2024 opdatere systemet med [&hellip;]","og_url":"https:\/\/www.dui.dk\/123\/introduktionsplan-2023-24\/","article_modified_time":"2024-10-07T08:57:55+00:00","og_image":[{"url":"https:\/\/www.dui.dk\/123\/wp-content\/uploads\/sites\/75\/2023\/11\/Kalender-lille.png","type":"","width":"","height":""}],"twitter_card":"summary_large_image","twitter_misc":{"Estimeret l\u00e6setid":"3 minutter"},"schema":{"@context":"https:\/\/schema.org","@graph":[{"@type":"WebPage","@id":"https:\/\/www.dui.dk\/123\/introduktionsplan-2023-24\/","url":"https:\/\/www.dui.dk\/123\/introduktionsplan-2023-24\/","name":"Introduktionsplan 2023\/24 -","isPartOf":{"@id":"https:\/\/www.dui.dk\/123\/#website"},"primaryImageOfPage":{"@id":"https:\/\/www.dui.dk\/123\/introduktionsplan-2023-24\/#primaryimage"},"image":{"@id":"https:\/\/www.dui.dk\/123\/introduktionsplan-2023-24\/#primaryimage"},"thumbnailUrl":"https:\/\/www.dui.dk\/123\/wp-content\/uploads\/sites\/75\/2023\/11\/Kalender-lille.png","datePublished":"2023-11-02T13:28:04+00:00","dateModified":"2024-10-07T08:57:55+00:00","breadcrumb":{"@id":"https:\/\/www.dui.dk\/123\/introduktionsplan-2023-24\/#breadcrumb"},"inLanguage":"da-DK","potentialAction":[{"@type":"ReadAction","target":["https:\/\/www.dui.dk\/123\/introduktionsplan-2023-24\/"]}]},{"@type":"ImageObject","inLanguage":"da-DK","@id":"https:\/\/www.dui.dk\/123\/introduktionsplan-2023-24\/#primaryimage","url":"https:\/\/www.dui.dk\/123\/wp-content\/uploads\/sites\/75\/2023\/11\/Kalender-lille.png","contentUrl":"https:\/\/www.dui.dk\/123\/wp-content\/uploads\/sites\/75\/2023\/11\/Kalender-lille.png","width":250,"height":250},{"@type":"BreadcrumbList","@id":"https:\/\/www.dui.dk\/123\/introduktionsplan-2023-24\/#breadcrumb","itemListElement":[{"@type":"ListItem","position":1,"name":"Hjem","item":"https:\/\/www.dui.dk\/123\/"},{"@type":"ListItem","position":2,"name":"Introduktionsplan 2023\/24"}]},{"@type":"WebSite","@id":"https:\/\/www.dui.dk\/123\/#website","url":"https:\/\/www.dui.dk\/123\/","name":"","description":"Endnu en DUI-LEG og VIRKE lokalafdelinger-side","potentialAction":[{"@type":"SearchAction","target":{"@type":"EntryPoint","urlTemplate":"https:\/\/www.dui.dk\/123\/?s={search_term_string}"},"query-input":{"@type":"PropertyValueSpecification","valueRequired":true,"valueName":"search_term_string"}}],"inLanguage":"da-DK"}]}},"_links":{"self":[{"href":"https:\/\/www.dui.dk\/123\/wp-json\/wp\/v2\/pages\/1180","targetHints":{"allow":["GET"]}}],"collection":[{"href":"https:\/\/www.dui.dk\/123\/wp-json\/wp\/v2\/pages"}],"about":[{"href":"https:\/\/www.dui.dk\/123\/wp-json\/wp\/v2\/types\/page"}],"author":[{"embeddable":true,"href":"https:\/\/www.dui.dk\/123\/wp-json\/wp\/v2\/users\/4"}],"replies":[{"embeddable":true,"href":"https:\/\/www.dui.dk\/123\/wp-json\/wp\/v2\/comments?post=1180"}],"version-history":[{"count":4,"href":"https:\/\/www.dui.dk\/123\/wp-json\/wp\/v2\/pages\/1180\/revisions"}],"predecessor-version":[{"id":1484,"href":"https:\/\/www.dui.dk\/123\/wp-json\/wp\/v2\/pages\/1180\/revisions\/1484"}],"wp:attachment":[{"href":"https:\/\/www.dui.dk\/123\/wp-json\/wp\/v2\/media?parent=1180"}],"curies":[{"name":"wp","href":"https:\/\/api.w.org\/{rel}","templated":true}]}}