{"id":1157,"date":"2023-11-02T09:55:39","date_gmt":"2023-11-02T09:55:39","guid":{"rendered":"https:\/\/www.dui.dk\/123\/?page_id=1157"},"modified":"2023-11-06T12:19:16","modified_gmt":"2023-11-06T12:19:16","slug":"minforening","status":"publish","type":"page","link":"https:\/\/www.dui.dk\/123\/minforening\/","title":{"rendered":"Vores nye medlemssystem"},"content":{"rendered":"<p><img loading=\"lazy\" decoding=\"async\" class=\"alignright wp-image-1182\" src=\"https:\/\/www.dui.dk\/123\/wp-content\/uploads\/sites\/75\/2023\/11\/OpretAktivitet-kopier.png\" alt=\"\" width=\"250\" height=\"250\" srcset=\"https:\/\/www.dui.dk\/123\/wp-content\/uploads\/sites\/75\/2023\/11\/OpretAktivitet-kopier.png 1055w, https:\/\/www.dui.dk\/123\/wp-content\/uploads\/sites\/75\/2023\/11\/OpretAktivitet-kopier-300x300.png 300w, https:\/\/www.dui.dk\/123\/wp-content\/uploads\/sites\/75\/2023\/11\/OpretAktivitet-kopier-1024x1024.png 1024w, https:\/\/www.dui.dk\/123\/wp-content\/uploads\/sites\/75\/2023\/11\/OpretAktivitet-kopier-150x150.png 150w, https:\/\/www.dui.dk\/123\/wp-content\/uploads\/sites\/75\/2023\/11\/OpretAktivitet-kopier-768x768.png 768w, https:\/\/www.dui.dk\/123\/wp-content\/uploads\/sites\/75\/2023\/11\/OpretAktivitet-kopier-600x600.png 600w\" sizes=\"auto, (max-width: 250px) 100vw, 250px\" \/><\/p>\n<p>I DUI har vi investeret i et nyt og innovativt medlemssystem, der vil forvandle vores m\u00e5de at administrere og interagere med vores medlemmer. Dette nye system er udviklet og drevet af MinForening, en platform, der allerede fungerer som et fuldt funktionelt medlemssystem for flere foreninger.<\/p>\n<p>MinForening i sin nuv\u00e6rende form tilbyder en bred vifte af nyttige funktioner, men det stopper ikke der. For at sikre, at systemet lever op til vores unikke behov, vil vi tilpasse og skr\u00e6ddersy det, s\u00e5 det bliver vores eget medlemssystem.<\/p>\n<p>&nbsp;<\/p>\n<p><img loading=\"lazy\" decoding=\"async\" class=\"alignleft wp-image-1152\" src=\"https:\/\/www.dui.dk\/123\/wp-content\/uploads\/sites\/75\/2023\/11\/Min-forening3.png\" alt=\"\" width=\"250\" height=\"189\" srcset=\"https:\/\/www.dui.dk\/123\/wp-content\/uploads\/sites\/75\/2023\/11\/Min-forening3.png 664w, https:\/\/www.dui.dk\/123\/wp-content\/uploads\/sites\/75\/2023\/11\/Min-forening3-300x226.png 300w, https:\/\/www.dui.dk\/123\/wp-content\/uploads\/sites\/75\/2023\/11\/Min-forening3-600x453.png 600w\" sizes=\"auto, (max-width: 250px) 100vw, 250px\" \/><\/p>\n<p><strong>Skr\u00e6ddersyet til DUI<\/strong><\/p>\n<p>Dette betyder, at DUI&#8217;s fremtidige medlemssystem ikke blot vil v\u00e6re et standardprodukt, men en specialdesignet l\u00f8sning. En l\u00f8sning, der vil inkludere en skr\u00e6ddersyet app og webbaseret platform med DUI&#8217;s eget logo, og som vil tale flydende sammen og tilpasses vores unikke krav og \u00f8nsker.<\/p>\n<p>Vores nye medlemssystem vil blive lanceret ved \u00e5rsskiftet, og vi vil konstant arbejde p\u00e5 at udvide dets funktionalitet og tilf\u00f8je nye funktioner i tr\u00e5d med vores medlemmers behov og \u00f8nsker. Det er vores vision at g\u00f8re dette medlemssystem til en v\u00e6rdifuld ressource, der g\u00f8r livet lettere for DUI&#8217;s medlemmer, ledere, frivillige, og alle involverede.<\/p>\n<p>&nbsp;<\/p>\n<p><strong>Fordele med de nye system<\/strong><\/p>\n<p>Med det nye medlemssystem vil vi f\u00e5 et meget mere moderne, brugervenligt og effektivt system. Dette vil helt klart hj\u00e6lpe os med at optimere vores administrative processer, spare tid og ressourcer og forbedre medlemsoplevelsen. B\u00e5de hos jer som arbejder med systemet i hverdagen, men ogs\u00e5 hos vores medlemmer. Vi kan derfor kun anbefale, at man deltager i de planlagte webinar for l\u00e6re systemet bedre at kende inden lanceringen. L\u00e6s mere om de mange fordele og nye features i menuen til h\u00f8jre.<\/p>\n<p><img loading=\"lazy\" decoding=\"async\" class=\"wp-image-1153 size-medium alignright\" src=\"https:\/\/www.dui.dk\/123\/wp-content\/uploads\/sites\/75\/2023\/11\/MinForening-Logo-Sort-300x66.png\" alt=\"\" width=\"300\" height=\"66\" srcset=\"https:\/\/www.dui.dk\/123\/wp-content\/uploads\/sites\/75\/2023\/11\/MinForening-Logo-Sort-300x66.png 300w, https:\/\/www.dui.dk\/123\/wp-content\/uploads\/sites\/75\/2023\/11\/MinForening-Logo-Sort-600x133.png 600w, https:\/\/www.dui.dk\/123\/wp-content\/uploads\/sites\/75\/2023\/11\/MinForening-Logo-Sort.png 715w\" sizes=\"auto, (max-width: 300px) 100vw, 300px\" \/><\/p>\n","protected":false},"excerpt":{"rendered":"<p>I DUI har vi investeret i et nyt og innovativt medlemssystem, der vil forvandle vores m\u00e5de at administrere og interagere med vores medlemmer. Dette nye system er udviklet og drevet af MinForening, en platform, der allerede fungerer som et fuldt funktionelt medlemssystem for flere foreninger. MinForening i sin nuv\u00e6rende form tilbyder en bred vifte af [&hellip;]<\/p>\n","protected":false},"author":4,"featured_media":0,"parent":0,"menu_order":0,"comment_status":"closed","ping_status":"closed","template":"","meta":{"_acf_changed":false,"footnotes":""},"class_list":["post-1157","page","type-page","status-publish","hentry"],"acf":[],"yoast_head":"<!-- This site is optimized with the Yoast SEO plugin v27.1.1 - https:\/\/yoast.com\/product\/yoast-seo-wordpress\/ -->\n<title>Vores nye medlemssystem -<\/title>\n<meta name=\"robots\" content=\"index, follow, max-snippet:-1, max-image-preview:large, max-video-preview:-1\" \/>\n<link rel=\"canonical\" href=\"https:\/\/www.dui.dk\/123\/minforening\/\" \/>\n<meta property=\"og:locale\" content=\"da_DK\" \/>\n<meta property=\"og:type\" content=\"article\" \/>\n<meta property=\"og:title\" content=\"Vores nye medlemssystem -\" \/>\n<meta property=\"og:description\" content=\"I DUI har vi investeret i et nyt og innovativt medlemssystem, der vil forvandle vores m\u00e5de at administrere og interagere med vores medlemmer. Dette nye system er udviklet og drevet af MinForening, en platform, der allerede fungerer som et fuldt funktionelt medlemssystem for flere foreninger. MinForening i sin nuv\u00e6rende form tilbyder en bred vifte af [&hellip;]\" \/>\n<meta property=\"og:url\" content=\"https:\/\/www.dui.dk\/123\/minforening\/\" \/>\n<meta property=\"article:modified_time\" content=\"2023-11-06T12:19:16+00:00\" \/>\n<meta property=\"og:image\" content=\"https:\/\/www.dui.dk\/123\/wp-content\/uploads\/sites\/75\/2023\/11\/OpretAktivitet-kopier.png\" \/>\n<meta name=\"twitter:card\" content=\"summary_large_image\" \/>\n<meta name=\"twitter:label1\" content=\"Estimeret l\u00e6setid\" \/>\n\t<meta name=\"twitter:data1\" content=\"3 minutter\" \/>\n<script type=\"application\/ld+json\" class=\"yoast-schema-graph\">{\"@context\":\"https:\/\/schema.org\",\"@graph\":[{\"@type\":\"WebPage\",\"@id\":\"https:\/\/www.dui.dk\/123\/minforening\/\",\"url\":\"https:\/\/www.dui.dk\/123\/minforening\/\",\"name\":\"Vores nye medlemssystem -\",\"isPartOf\":{\"@id\":\"https:\/\/www.dui.dk\/123\/#website\"},\"primaryImageOfPage\":{\"@id\":\"https:\/\/www.dui.dk\/123\/minforening\/#primaryimage\"},\"image\":{\"@id\":\"https:\/\/www.dui.dk\/123\/minforening\/#primaryimage\"},\"thumbnailUrl\":\"https:\/\/www.dui.dk\/123\/wp-content\/uploads\/sites\/75\/2023\/11\/OpretAktivitet-kopier.png\",\"datePublished\":\"2023-11-02T09:55:39+00:00\",\"dateModified\":\"2023-11-06T12:19:16+00:00\",\"breadcrumb\":{\"@id\":\"https:\/\/www.dui.dk\/123\/minforening\/#breadcrumb\"},\"inLanguage\":\"da-DK\",\"potentialAction\":[{\"@type\":\"ReadAction\",\"target\":[\"https:\/\/www.dui.dk\/123\/minforening\/\"]}]},{\"@type\":\"ImageObject\",\"inLanguage\":\"da-DK\",\"@id\":\"https:\/\/www.dui.dk\/123\/minforening\/#primaryimage\",\"url\":\"https:\/\/www.dui.dk\/123\/wp-content\/uploads\/sites\/75\/2023\/11\/OpretAktivitet-kopier.png\",\"contentUrl\":\"https:\/\/www.dui.dk\/123\/wp-content\/uploads\/sites\/75\/2023\/11\/OpretAktivitet-kopier.png\",\"width\":1055,\"height\":1055},{\"@type\":\"BreadcrumbList\",\"@id\":\"https:\/\/www.dui.dk\/123\/minforening\/#breadcrumb\",\"itemListElement\":[{\"@type\":\"ListItem\",\"position\":1,\"name\":\"Hjem\",\"item\":\"https:\/\/www.dui.dk\/123\/\"},{\"@type\":\"ListItem\",\"position\":2,\"name\":\"Vores nye medlemssystem\"}]},{\"@type\":\"WebSite\",\"@id\":\"https:\/\/www.dui.dk\/123\/#website\",\"url\":\"https:\/\/www.dui.dk\/123\/\",\"name\":\"\",\"description\":\"Endnu en DUI-LEG og VIRKE lokalafdelinger-side\",\"potentialAction\":[{\"@type\":\"SearchAction\",\"target\":{\"@type\":\"EntryPoint\",\"urlTemplate\":\"https:\/\/www.dui.dk\/123\/?s={search_term_string}\"},\"query-input\":{\"@type\":\"PropertyValueSpecification\",\"valueRequired\":true,\"valueName\":\"search_term_string\"}}],\"inLanguage\":\"da-DK\"}]}<\/script>\n<!-- \/ Yoast SEO plugin. -->","yoast_head_json":{"title":"Vores nye medlemssystem -","robots":{"index":"index","follow":"follow","max-snippet":"max-snippet:-1","max-image-preview":"max-image-preview:large","max-video-preview":"max-video-preview:-1"},"canonical":"https:\/\/www.dui.dk\/123\/minforening\/","og_locale":"da_DK","og_type":"article","og_title":"Vores nye medlemssystem -","og_description":"I DUI har vi investeret i et nyt og innovativt medlemssystem, der vil forvandle vores m\u00e5de at administrere og interagere med vores medlemmer. Dette nye system er udviklet og drevet af MinForening, en platform, der allerede fungerer som et fuldt funktionelt medlemssystem for flere foreninger. MinForening i sin nuv\u00e6rende form tilbyder en bred vifte af [&hellip;]","og_url":"https:\/\/www.dui.dk\/123\/minforening\/","article_modified_time":"2023-11-06T12:19:16+00:00","og_image":[{"url":"https:\/\/www.dui.dk\/123\/wp-content\/uploads\/sites\/75\/2023\/11\/OpretAktivitet-kopier.png","type":"","width":"","height":""}],"twitter_card":"summary_large_image","twitter_misc":{"Estimeret l\u00e6setid":"3 minutter"},"schema":{"@context":"https:\/\/schema.org","@graph":[{"@type":"WebPage","@id":"https:\/\/www.dui.dk\/123\/minforening\/","url":"https:\/\/www.dui.dk\/123\/minforening\/","name":"Vores nye medlemssystem -","isPartOf":{"@id":"https:\/\/www.dui.dk\/123\/#website"},"primaryImageOfPage":{"@id":"https:\/\/www.dui.dk\/123\/minforening\/#primaryimage"},"image":{"@id":"https:\/\/www.dui.dk\/123\/minforening\/#primaryimage"},"thumbnailUrl":"https:\/\/www.dui.dk\/123\/wp-content\/uploads\/sites\/75\/2023\/11\/OpretAktivitet-kopier.png","datePublished":"2023-11-02T09:55:39+00:00","dateModified":"2023-11-06T12:19:16+00:00","breadcrumb":{"@id":"https:\/\/www.dui.dk\/123\/minforening\/#breadcrumb"},"inLanguage":"da-DK","potentialAction":[{"@type":"ReadAction","target":["https:\/\/www.dui.dk\/123\/minforening\/"]}]},{"@type":"ImageObject","inLanguage":"da-DK","@id":"https:\/\/www.dui.dk\/123\/minforening\/#primaryimage","url":"https:\/\/www.dui.dk\/123\/wp-content\/uploads\/sites\/75\/2023\/11\/OpretAktivitet-kopier.png","contentUrl":"https:\/\/www.dui.dk\/123\/wp-content\/uploads\/sites\/75\/2023\/11\/OpretAktivitet-kopier.png","width":1055,"height":1055},{"@type":"BreadcrumbList","@id":"https:\/\/www.dui.dk\/123\/minforening\/#breadcrumb","itemListElement":[{"@type":"ListItem","position":1,"name":"Hjem","item":"https:\/\/www.dui.dk\/123\/"},{"@type":"ListItem","position":2,"name":"Vores nye medlemssystem"}]},{"@type":"WebSite","@id":"https:\/\/www.dui.dk\/123\/#website","url":"https:\/\/www.dui.dk\/123\/","name":"","description":"Endnu en DUI-LEG og VIRKE lokalafdelinger-side","potentialAction":[{"@type":"SearchAction","target":{"@type":"EntryPoint","urlTemplate":"https:\/\/www.dui.dk\/123\/?s={search_term_string}"},"query-input":{"@type":"PropertyValueSpecification","valueRequired":true,"valueName":"search_term_string"}}],"inLanguage":"da-DK"}]}},"_links":{"self":[{"href":"https:\/\/www.dui.dk\/123\/wp-json\/wp\/v2\/pages\/1157","targetHints":{"allow":["GET"]}}],"collection":[{"href":"https:\/\/www.dui.dk\/123\/wp-json\/wp\/v2\/pages"}],"about":[{"href":"https:\/\/www.dui.dk\/123\/wp-json\/wp\/v2\/types\/page"}],"author":[{"embeddable":true,"href":"https:\/\/www.dui.dk\/123\/wp-json\/wp\/v2\/users\/4"}],"replies":[{"embeddable":true,"href":"https:\/\/www.dui.dk\/123\/wp-json\/wp\/v2\/comments?post=1157"}],"version-history":[{"count":4,"href":"https:\/\/www.dui.dk\/123\/wp-json\/wp\/v2\/pages\/1157\/revisions"}],"predecessor-version":[{"id":1284,"href":"https:\/\/www.dui.dk\/123\/wp-json\/wp\/v2\/pages\/1157\/revisions\/1284"}],"wp:attachment":[{"href":"https:\/\/www.dui.dk\/123\/wp-json\/wp\/v2\/media?parent=1157"}],"curies":[{"name":"wp","href":"https:\/\/api.w.org\/{rel}","templated":true}]}}