{"id":1140,"date":"2023-10-31T12:42:37","date_gmt":"2023-10-31T12:42:37","guid":{"rendered":"https:\/\/www.dui.dk\/123\/?page_id=1140"},"modified":"2026-03-02T11:44:02","modified_gmt":"2026-03-02T11:44:02","slug":"nyt-medlemssystem","status":"publish","type":"page","link":"https:\/\/www.dui.dk\/123\/nyt-medlemssystem\/","title":{"rendered":"Vores DUI"},"content":{"rendered":"<p><img loading=\"lazy\" decoding=\"async\" class=\"alignright wp-image-1144\" src=\"https:\/\/www.dui.dk\/123\/wp-content\/uploads\/sites\/75\/2023\/10\/id-kort.png\" alt=\"\" width=\"250\" height=\"250\" srcset=\"https:\/\/www.dui.dk\/123\/wp-content\/uploads\/sites\/75\/2023\/10\/id-kort.png 353w, https:\/\/www.dui.dk\/123\/wp-content\/uploads\/sites\/75\/2023\/10\/id-kort-300x300.png 300w, https:\/\/www.dui.dk\/123\/wp-content\/uploads\/sites\/75\/2023\/10\/id-kort-150x150.png 150w\" sizes=\"auto, (max-width: 250px) 100vw, 250px\" \/>Da vores medlemssystem igennem mange \u00e5r, laver flere og flere fejl og det ikke l\u00e6ngere kan vedligeholdes, har vi valgt at skifte systemet ud med et nyt og noget anderlederes medlemssystem. Planen er at det nye medlemssystem, skal v\u00e6re funktionsdygtigt fra 1. januar 2024.<\/p>\n<p>Frem til \u00e5rsskiftet vil vi derfor fors\u00f8ge at forberede alle frivillige og specielt kasserer og medlemsansvarlige til det nye system.<\/p>\n<p>Vi har derfor oprettet denne hj\u00e6lpeside, som vi l\u00f8bende vil opdatere med nye oplysninger. Til h\u00f8jre kan du l\u00e6se mere om de enkelte emner.<\/p>\n<p>Hvis du har sp\u00f8rgsm\u00e5l eller brug for yderligere oplysninger, s\u00e5 er du meget velkommen til at kontakte Sekretariatet p\u00e5 telefon 36 17 72 00.<\/p>\n<p>&nbsp;<\/p>\n","protected":false},"excerpt":{"rendered":"<p>Da vores medlemssystem igennem mange \u00e5r, laver flere og flere fejl og det ikke l\u00e6ngere kan vedligeholdes, har vi valgt at skifte systemet ud med et nyt og noget anderlederes medlemssystem. Planen er at det nye medlemssystem, skal v\u00e6re funktionsdygtigt fra 1. januar 2024. Frem til \u00e5rsskiftet vil vi derfor fors\u00f8ge at forberede alle frivillige [&hellip;]<\/p>\n","protected":false},"author":4,"featured_media":0,"parent":0,"menu_order":0,"comment_status":"closed","ping_status":"closed","template":"","meta":{"_acf_changed":false,"footnotes":""},"class_list":["post-1140","page","type-page","status-publish","hentry"],"acf":[],"yoast_head":"<!-- This site is optimized with the Yoast SEO plugin v27.1.1 - https:\/\/yoast.com\/product\/yoast-seo-wordpress\/ -->\n<title>Vores DUI -<\/title>\n<meta name=\"robots\" content=\"index, follow, max-snippet:-1, max-image-preview:large, max-video-preview:-1\" \/>\n<link rel=\"canonical\" href=\"https:\/\/www.dui.dk\/123\/nyt-medlemssystem\/\" \/>\n<meta property=\"og:locale\" content=\"da_DK\" \/>\n<meta property=\"og:type\" content=\"article\" \/>\n<meta property=\"og:title\" content=\"Vores DUI -\" \/>\n<meta property=\"og:description\" content=\"Da vores medlemssystem igennem mange \u00e5r, laver flere og flere fejl og det ikke l\u00e6ngere kan vedligeholdes, har vi valgt at skifte systemet ud med et nyt og noget anderlederes medlemssystem. Planen er at det nye medlemssystem, skal v\u00e6re funktionsdygtigt fra 1. januar 2024. Frem til \u00e5rsskiftet vil vi derfor fors\u00f8ge at forberede alle frivillige [&hellip;]\" \/>\n<meta property=\"og:url\" content=\"https:\/\/www.dui.dk\/123\/nyt-medlemssystem\/\" \/>\n<meta property=\"article:modified_time\" content=\"2026-03-02T11:44:02+00:00\" \/>\n<meta property=\"og:image\" content=\"https:\/\/www.dui.dk\/123\/wp-content\/uploads\/sites\/75\/2023\/10\/id-kort.png\" \/>\n\t<meta property=\"og:image:width\" content=\"353\" \/>\n\t<meta property=\"og:image:height\" content=\"353\" \/>\n\t<meta property=\"og:image:type\" content=\"image\/png\" \/>\n<meta name=\"twitter:card\" content=\"summary_large_image\" \/>\n<meta name=\"twitter:label1\" content=\"Estimeret l\u00e6setid\" \/>\n\t<meta name=\"twitter:data1\" content=\"1 minut\" \/>\n<script type=\"application\/ld+json\" class=\"yoast-schema-graph\">{\"@context\":\"https:\/\/schema.org\",\"@graph\":[{\"@type\":\"WebPage\",\"@id\":\"https:\/\/www.dui.dk\/123\/nyt-medlemssystem\/\",\"url\":\"https:\/\/www.dui.dk\/123\/nyt-medlemssystem\/\",\"name\":\"Vores DUI -\",\"isPartOf\":{\"@id\":\"https:\/\/www.dui.dk\/123\/#website\"},\"primaryImageOfPage\":{\"@id\":\"https:\/\/www.dui.dk\/123\/nyt-medlemssystem\/#primaryimage\"},\"image\":{\"@id\":\"https:\/\/www.dui.dk\/123\/nyt-medlemssystem\/#primaryimage\"},\"thumbnailUrl\":\"https:\/\/www.dui.dk\/123\/wp-content\/uploads\/sites\/75\/2023\/10\/id-kort.png\",\"datePublished\":\"2023-10-31T12:42:37+00:00\",\"dateModified\":\"2026-03-02T11:44:02+00:00\",\"breadcrumb\":{\"@id\":\"https:\/\/www.dui.dk\/123\/nyt-medlemssystem\/#breadcrumb\"},\"inLanguage\":\"da-DK\",\"potentialAction\":[{\"@type\":\"ReadAction\",\"target\":[\"https:\/\/www.dui.dk\/123\/nyt-medlemssystem\/\"]}]},{\"@type\":\"ImageObject\",\"inLanguage\":\"da-DK\",\"@id\":\"https:\/\/www.dui.dk\/123\/nyt-medlemssystem\/#primaryimage\",\"url\":\"https:\/\/www.dui.dk\/123\/wp-content\/uploads\/sites\/75\/2023\/10\/id-kort.png\",\"contentUrl\":\"https:\/\/www.dui.dk\/123\/wp-content\/uploads\/sites\/75\/2023\/10\/id-kort.png\",\"width\":353,\"height\":353},{\"@type\":\"BreadcrumbList\",\"@id\":\"https:\/\/www.dui.dk\/123\/nyt-medlemssystem\/#breadcrumb\",\"itemListElement\":[{\"@type\":\"ListItem\",\"position\":1,\"name\":\"Hjem\",\"item\":\"https:\/\/www.dui.dk\/123\/\"},{\"@type\":\"ListItem\",\"position\":2,\"name\":\"Vores DUI\"}]},{\"@type\":\"WebSite\",\"@id\":\"https:\/\/www.dui.dk\/123\/#website\",\"url\":\"https:\/\/www.dui.dk\/123\/\",\"name\":\"\",\"description\":\"Endnu en DUI-LEG og VIRKE lokalafdelinger-side\",\"potentialAction\":[{\"@type\":\"SearchAction\",\"target\":{\"@type\":\"EntryPoint\",\"urlTemplate\":\"https:\/\/www.dui.dk\/123\/?s={search_term_string}\"},\"query-input\":{\"@type\":\"PropertyValueSpecification\",\"valueRequired\":true,\"valueName\":\"search_term_string\"}}],\"inLanguage\":\"da-DK\"}]}<\/script>\n<!-- \/ Yoast SEO plugin. -->","yoast_head_json":{"title":"Vores DUI -","robots":{"index":"index","follow":"follow","max-snippet":"max-snippet:-1","max-image-preview":"max-image-preview:large","max-video-preview":"max-video-preview:-1"},"canonical":"https:\/\/www.dui.dk\/123\/nyt-medlemssystem\/","og_locale":"da_DK","og_type":"article","og_title":"Vores DUI -","og_description":"Da vores medlemssystem igennem mange \u00e5r, laver flere og flere fejl og det ikke l\u00e6ngere kan vedligeholdes, har vi valgt at skifte systemet ud med et nyt og noget anderlederes medlemssystem. Planen er at det nye medlemssystem, skal v\u00e6re funktionsdygtigt fra 1. januar 2024. Frem til \u00e5rsskiftet vil vi derfor fors\u00f8ge at forberede alle frivillige [&hellip;]","og_url":"https:\/\/www.dui.dk\/123\/nyt-medlemssystem\/","article_modified_time":"2026-03-02T11:44:02+00:00","og_image":[{"width":353,"height":353,"url":"https:\/\/www.dui.dk\/123\/wp-content\/uploads\/sites\/75\/2023\/10\/id-kort.png","type":"image\/png"}],"twitter_card":"summary_large_image","twitter_misc":{"Estimeret l\u00e6setid":"1 minut"},"schema":{"@context":"https:\/\/schema.org","@graph":[{"@type":"WebPage","@id":"https:\/\/www.dui.dk\/123\/nyt-medlemssystem\/","url":"https:\/\/www.dui.dk\/123\/nyt-medlemssystem\/","name":"Vores DUI -","isPartOf":{"@id":"https:\/\/www.dui.dk\/123\/#website"},"primaryImageOfPage":{"@id":"https:\/\/www.dui.dk\/123\/nyt-medlemssystem\/#primaryimage"},"image":{"@id":"https:\/\/www.dui.dk\/123\/nyt-medlemssystem\/#primaryimage"},"thumbnailUrl":"https:\/\/www.dui.dk\/123\/wp-content\/uploads\/sites\/75\/2023\/10\/id-kort.png","datePublished":"2023-10-31T12:42:37+00:00","dateModified":"2026-03-02T11:44:02+00:00","breadcrumb":{"@id":"https:\/\/www.dui.dk\/123\/nyt-medlemssystem\/#breadcrumb"},"inLanguage":"da-DK","potentialAction":[{"@type":"ReadAction","target":["https:\/\/www.dui.dk\/123\/nyt-medlemssystem\/"]}]},{"@type":"ImageObject","inLanguage":"da-DK","@id":"https:\/\/www.dui.dk\/123\/nyt-medlemssystem\/#primaryimage","url":"https:\/\/www.dui.dk\/123\/wp-content\/uploads\/sites\/75\/2023\/10\/id-kort.png","contentUrl":"https:\/\/www.dui.dk\/123\/wp-content\/uploads\/sites\/75\/2023\/10\/id-kort.png","width":353,"height":353},{"@type":"BreadcrumbList","@id":"https:\/\/www.dui.dk\/123\/nyt-medlemssystem\/#breadcrumb","itemListElement":[{"@type":"ListItem","position":1,"name":"Hjem","item":"https:\/\/www.dui.dk\/123\/"},{"@type":"ListItem","position":2,"name":"Vores DUI"}]},{"@type":"WebSite","@id":"https:\/\/www.dui.dk\/123\/#website","url":"https:\/\/www.dui.dk\/123\/","name":"","description":"Endnu en DUI-LEG og VIRKE lokalafdelinger-side","potentialAction":[{"@type":"SearchAction","target":{"@type":"EntryPoint","urlTemplate":"https:\/\/www.dui.dk\/123\/?s={search_term_string}"},"query-input":{"@type":"PropertyValueSpecification","valueRequired":true,"valueName":"search_term_string"}}],"inLanguage":"da-DK"}]}},"_links":{"self":[{"href":"https:\/\/www.dui.dk\/123\/wp-json\/wp\/v2\/pages\/1140","targetHints":{"allow":["GET"]}}],"collection":[{"href":"https:\/\/www.dui.dk\/123\/wp-json\/wp\/v2\/pages"}],"about":[{"href":"https:\/\/www.dui.dk\/123\/wp-json\/wp\/v2\/types\/page"}],"author":[{"embeddable":true,"href":"https:\/\/www.dui.dk\/123\/wp-json\/wp\/v2\/users\/4"}],"replies":[{"embeddable":true,"href":"https:\/\/www.dui.dk\/123\/wp-json\/wp\/v2\/comments?post=1140"}],"version-history":[{"count":4,"href":"https:\/\/www.dui.dk\/123\/wp-json\/wp\/v2\/pages\/1140\/revisions"}],"predecessor-version":[{"id":1752,"href":"https:\/\/www.dui.dk\/123\/wp-json\/wp\/v2\/pages\/1140\/revisions\/1752"}],"wp:attachment":[{"href":"https:\/\/www.dui.dk\/123\/wp-json\/wp\/v2\/media?parent=1140"}],"curies":[{"name":"wp","href":"https:\/\/api.w.org\/{rel}","templated":true}]}}