{"id":1053,"date":"2023-01-03T12:30:18","date_gmt":"2023-01-03T12:30:18","guid":{"rendered":"https:\/\/www.dui.dk\/123\/?page_id=1053"},"modified":"2023-05-22T08:51:47","modified_gmt":"2023-05-22T08:51:47","slug":"lokale-logopakker-1968-logo-det-officielle-logo","status":"publish","type":"page","link":"https:\/\/www.dui.dk\/123\/lokale-logopakker-1968-logo-det-officielle-logo\/","title":{"rendered":"Lokale logopakker"},"content":{"rendered":"<h3><img loading=\"lazy\" decoding=\"async\" class=\"size-full wp-image-444 alignright\" src=\"https:\/\/www.dui.dk\/123\/wp-content\/uploads\/sites\/75\/2019\/05\/Logopakker.png\" alt=\"\" width=\"300\" height=\"250\" \/>1968 logo (Det officielle logo)<\/h3>\n<p>For at lettet arbejdet for den enkelte afdeling, har vi mulighed for at lave en logopakke til din afdeling.<\/p>\n<p>Pakken best\u00e5r at 4 forskellige logo-ops\u00e6tninger i b\u00e5de PDF og PNG.<\/p>\n<p>Hvis du ikke kan finde en logo-pakke til din afdeling og har brug en, skal du blot kontakte Sekretariatet.<\/p>\n<p>Hvis du skal bruge logoet p\u00e5 en anden m\u00e5de kan de hentes <a href=\"https:\/\/www.dui.dk\/123\/dui-logo-1968\/\">HER<\/a>.<\/p>\n<p>&nbsp;<\/p>\n<p>&nbsp;<\/p>\n<h3>Find din afdeling og hent ZIP-filen.<\/h3>\n<p>&nbsp;<\/p>\n<p>&nbsp;<\/p>\n<table width=\"580\">\n<tbody>\n<tr>\n<td width=\"145\"><a href=\"https:\/\/www.dui.dk\/wp-content\/uploads\/2023\/01\/ESBJERG1968.zip\"><img loading=\"lazy\" decoding=\"async\" class=\"wp-image-1056 size-full aligncenter\" src=\"https:\/\/www.dui.dk\/123\/wp-content\/uploads\/sites\/75\/2023\/01\/Logopakke-Esbjerg-1968.png\" alt=\"\" width=\"150\" height=\"150\" \/><\/a><\/td>\n<td width=\"145\"><a href=\"https:\/\/www.dui.dk\/wp-content\/uploads\/2023\/01\/HOeJSTRUP1968.zip\"><img loading=\"lazy\" decoding=\"async\" class=\"wp-image-1057 size-full aligncenter\" src=\"https:\/\/www.dui.dk\/123\/wp-content\/uploads\/sites\/75\/2023\/01\/Logopakke-Hoejstrup1968.png\" alt=\"\" width=\"150\" height=\"150\" \/><\/a><\/td>\n<td width=\"145\"><a href=\"https:\/\/www.dui.dk\/wp-content\/uploads\/2023\/01\/KOeBENHAVN1968.zip\"><img loading=\"lazy\" decoding=\"async\" class=\"wp-image-1058 size-full aligncenter\" src=\"https:\/\/www.dui.dk\/123\/wp-content\/uploads\/sites\/75\/2023\/01\/Logopakke-Koebenhavn-1968.png\" alt=\"\" width=\"150\" height=\"150\" \/><\/a><\/td>\n<td width=\"145\"><a href=\"https:\/\/www.dui.dk\/123\/wp-content\/uploads\/sites\/75\/2023\/04\/KORSLOeKKE-1968.zip\"><img loading=\"lazy\" decoding=\"async\" class=\"wp-image-1100 size-full aligncenter\" src=\"https:\/\/www.dui.dk\/123\/wp-content\/uploads\/sites\/75\/2023\/04\/Logopakke-Korsloekke1968.png\" alt=\"\" width=\"150\" height=\"150\" \/><\/a><\/td>\n<\/tr>\n<tr>\n<td><a href=\"https:\/\/www.dui.dk\/wp-content\/uploads\/2023\/01\/LOLLAND1968.zip\"><img loading=\"lazy\" decoding=\"async\" class=\"wp-image-1059 size-full aligncenter\" src=\"https:\/\/www.dui.dk\/123\/wp-content\/uploads\/sites\/75\/2023\/01\/Logopakke-Lolland-1968.png\" alt=\"\" width=\"150\" height=\"150\" \/><\/a><\/td>\n<td><a href=\"https:\/\/www.dui.dk\/123\/wp-content\/uploads\/sites\/75\/2023\/05\/ODSHERRED1968.zip\"><img loading=\"lazy\" decoding=\"async\" class=\"aligncenter wp-image-1105 size-full\" src=\"https:\/\/www.dui.dk\/123\/wp-content\/uploads\/sites\/75\/2023\/05\/Logopakke-Odsherred1968.png\" alt=\"\" width=\"150\" height=\"150\" \/><\/a><\/td>\n<td><a href=\"https:\/\/www.dui.dk\/wp-content\/uploads\/2023\/01\/ROeDOVRE1968.zip\"><img loading=\"lazy\" decoding=\"async\" class=\"wp-image-1060 size-full aligncenter\" src=\"https:\/\/www.dui.dk\/123\/wp-content\/uploads\/sites\/75\/2023\/01\/Logopakke-Roedovre-1968.png\" alt=\"\" width=\"150\" height=\"150\" \/><\/a><\/td>\n<td><a href=\"https:\/\/www.dui.dk\/wp-content\/uploads\/2023\/01\/VENDSYSSEL1968.zip\"><img loading=\"lazy\" decoding=\"async\" class=\"wp-image-1061 size-full aligncenter\" src=\"https:\/\/www.dui.dk\/123\/wp-content\/uploads\/sites\/75\/2023\/01\/Logopakke-Vendsyssel-1968.png\" alt=\"\" width=\"150\" height=\"150\" \/><\/a><\/td>\n<\/tr>\n<tr>\n<td><a href=\"https:\/\/www.dui.dk\/wp-content\/uploads\/2023\/01\/OeLSTYKKE1968.zip\"><img loading=\"lazy\" decoding=\"async\" class=\"wp-image-1062 size-full aligncenter\" src=\"https:\/\/www.dui.dk\/123\/wp-content\/uploads\/sites\/75\/2023\/01\/Logopakke-Oelstykke1968.png\" alt=\"\" width=\"150\" height=\"150\" \/><\/a><\/td>\n<td><\/td>\n<td><\/td>\n<td><\/td>\n<\/tr>\n<tr>\n<td><\/td>\n<td><\/td>\n<td><\/td>\n<td><\/td>\n<\/tr>\n<tr>\n<td><\/td>\n<td><\/td>\n<td><\/td>\n<td><\/td>\n<\/tr>\n<tr>\n<td><\/td>\n<td><\/td>\n<td><\/td>\n<td><\/td>\n<\/tr>\n<tr>\n<td><\/td>\n<td><\/td>\n<td><\/td>\n<td><\/td>\n<\/tr>\n<tr>\n<td><\/td>\n<td><\/td>\n<td><\/td>\n<td><\/td>\n<\/tr>\n<tr>\n<td><\/td>\n<td><\/td>\n<td><\/td>\n<td><\/td>\n<\/tr>\n<tr>\n<td><\/td>\n<td><\/td>\n<td><\/td>\n<td><\/td>\n<\/tr>\n<tr>\n<td><\/td>\n<td><\/td>\n<td><\/td>\n<td><\/td>\n<\/tr>\n<tr>\n<td><\/td>\n<td><\/td>\n<td><\/td>\n<td><\/td>\n<\/tr>\n<tr>\n<td><\/td>\n<td><\/td>\n<td><\/td>\n<td><\/td>\n<\/tr>\n<\/tbody>\n<\/table>\n","protected":false},"excerpt":{"rendered":"<p>1968 logo (Det officielle logo) For at lettet arbejdet for den enkelte afdeling, har vi mulighed for at lave en logopakke til din afdeling. Pakken best\u00e5r at 4 forskellige logo-ops\u00e6tninger i b\u00e5de PDF og PNG. Hvis du ikke kan finde en logo-pakke til din afdeling og har brug en, skal du blot kontakte Sekretariatet. Hvis [&hellip;]<\/p>\n","protected":false},"author":4,"featured_media":0,"parent":0,"menu_order":0,"comment_status":"closed","ping_status":"closed","template":"","meta":{"_acf_changed":false,"footnotes":""},"class_list":["post-1053","page","type-page","status-publish","hentry"],"acf":[],"yoast_head":"<!-- This site is optimized with the Yoast SEO plugin v27.1.1 - https:\/\/yoast.com\/product\/yoast-seo-wordpress\/ -->\n<title>Lokale logopakker -<\/title>\n<meta name=\"robots\" content=\"index, follow, max-snippet:-1, max-image-preview:large, max-video-preview:-1\" \/>\n<link rel=\"canonical\" href=\"https:\/\/www.dui.dk\/123\/lokale-logopakker-1968-logo-det-officielle-logo\/\" \/>\n<meta property=\"og:locale\" content=\"da_DK\" \/>\n<meta property=\"og:type\" content=\"article\" \/>\n<meta property=\"og:title\" content=\"Lokale logopakker -\" \/>\n<meta property=\"og:description\" content=\"1968 logo (Det officielle logo) For at lettet arbejdet for den enkelte afdeling, har vi mulighed for at lave en logopakke til din afdeling. Pakken best\u00e5r at 4 forskellige logo-ops\u00e6tninger i b\u00e5de PDF og PNG. Hvis du ikke kan finde en logo-pakke til din afdeling og har brug en, skal du blot kontakte Sekretariatet. Hvis [&hellip;]\" \/>\n<meta property=\"og:url\" content=\"https:\/\/www.dui.dk\/123\/lokale-logopakker-1968-logo-det-officielle-logo\/\" \/>\n<meta property=\"article:modified_time\" content=\"2023-05-22T08:51:47+00:00\" \/>\n<meta property=\"og:image\" content=\"https:\/\/www.dui.dk\/123\/wp-content\/uploads\/sites\/75\/2019\/05\/Logopakker.png\" \/>\n<meta name=\"twitter:card\" content=\"summary_large_image\" \/>\n<meta name=\"twitter:label1\" content=\"Estimeret l\u00e6setid\" \/>\n\t<meta name=\"twitter:data1\" content=\"2 minutter\" \/>\n<script type=\"application\/ld+json\" class=\"yoast-schema-graph\">{\"@context\":\"https:\/\/schema.org\",\"@graph\":[{\"@type\":\"WebPage\",\"@id\":\"https:\/\/www.dui.dk\/123\/lokale-logopakker-1968-logo-det-officielle-logo\/\",\"url\":\"https:\/\/www.dui.dk\/123\/lokale-logopakker-1968-logo-det-officielle-logo\/\",\"name\":\"Lokale logopakker -\",\"isPartOf\":{\"@id\":\"https:\/\/www.dui.dk\/123\/#website\"},\"primaryImageOfPage\":{\"@id\":\"https:\/\/www.dui.dk\/123\/lokale-logopakker-1968-logo-det-officielle-logo\/#primaryimage\"},\"image\":{\"@id\":\"https:\/\/www.dui.dk\/123\/lokale-logopakker-1968-logo-det-officielle-logo\/#primaryimage\"},\"thumbnailUrl\":\"https:\/\/www.dui.dk\/123\/wp-content\/uploads\/sites\/75\/2019\/05\/Logopakker.png\",\"datePublished\":\"2023-01-03T12:30:18+00:00\",\"dateModified\":\"2023-05-22T08:51:47+00:00\",\"breadcrumb\":{\"@id\":\"https:\/\/www.dui.dk\/123\/lokale-logopakker-1968-logo-det-officielle-logo\/#breadcrumb\"},\"inLanguage\":\"da-DK\",\"potentialAction\":[{\"@type\":\"ReadAction\",\"target\":[\"https:\/\/www.dui.dk\/123\/lokale-logopakker-1968-logo-det-officielle-logo\/\"]}]},{\"@type\":\"ImageObject\",\"inLanguage\":\"da-DK\",\"@id\":\"https:\/\/www.dui.dk\/123\/lokale-logopakker-1968-logo-det-officielle-logo\/#primaryimage\",\"url\":\"https:\/\/www.dui.dk\/123\/wp-content\/uploads\/sites\/75\/2019\/05\/Logopakker.png\",\"contentUrl\":\"https:\/\/www.dui.dk\/123\/wp-content\/uploads\/sites\/75\/2019\/05\/Logopakker.png\",\"width\":300,\"height\":250},{\"@type\":\"BreadcrumbList\",\"@id\":\"https:\/\/www.dui.dk\/123\/lokale-logopakker-1968-logo-det-officielle-logo\/#breadcrumb\",\"itemListElement\":[{\"@type\":\"ListItem\",\"position\":1,\"name\":\"Hjem\",\"item\":\"https:\/\/www.dui.dk\/123\/\"},{\"@type\":\"ListItem\",\"position\":2,\"name\":\"Lokale logopakker\"}]},{\"@type\":\"WebSite\",\"@id\":\"https:\/\/www.dui.dk\/123\/#website\",\"url\":\"https:\/\/www.dui.dk\/123\/\",\"name\":\"\",\"description\":\"Endnu en DUI-LEG og VIRKE lokalafdelinger-side\",\"potentialAction\":[{\"@type\":\"SearchAction\",\"target\":{\"@type\":\"EntryPoint\",\"urlTemplate\":\"https:\/\/www.dui.dk\/123\/?s={search_term_string}\"},\"query-input\":{\"@type\":\"PropertyValueSpecification\",\"valueRequired\":true,\"valueName\":\"search_term_string\"}}],\"inLanguage\":\"da-DK\"}]}<\/script>\n<!-- \/ Yoast SEO plugin. -->","yoast_head_json":{"title":"Lokale logopakker -","robots":{"index":"index","follow":"follow","max-snippet":"max-snippet:-1","max-image-preview":"max-image-preview:large","max-video-preview":"max-video-preview:-1"},"canonical":"https:\/\/www.dui.dk\/123\/lokale-logopakker-1968-logo-det-officielle-logo\/","og_locale":"da_DK","og_type":"article","og_title":"Lokale logopakker -","og_description":"1968 logo (Det officielle logo) For at lettet arbejdet for den enkelte afdeling, har vi mulighed for at lave en logopakke til din afdeling. Pakken best\u00e5r at 4 forskellige logo-ops\u00e6tninger i b\u00e5de PDF og PNG. Hvis du ikke kan finde en logo-pakke til din afdeling og har brug en, skal du blot kontakte Sekretariatet. Hvis [&hellip;]","og_url":"https:\/\/www.dui.dk\/123\/lokale-logopakker-1968-logo-det-officielle-logo\/","article_modified_time":"2023-05-22T08:51:47+00:00","og_image":[{"url":"https:\/\/www.dui.dk\/123\/wp-content\/uploads\/sites\/75\/2019\/05\/Logopakker.png","type":"","width":"","height":""}],"twitter_card":"summary_large_image","twitter_misc":{"Estimeret l\u00e6setid":"2 minutter"},"schema":{"@context":"https:\/\/schema.org","@graph":[{"@type":"WebPage","@id":"https:\/\/www.dui.dk\/123\/lokale-logopakker-1968-logo-det-officielle-logo\/","url":"https:\/\/www.dui.dk\/123\/lokale-logopakker-1968-logo-det-officielle-logo\/","name":"Lokale logopakker -","isPartOf":{"@id":"https:\/\/www.dui.dk\/123\/#website"},"primaryImageOfPage":{"@id":"https:\/\/www.dui.dk\/123\/lokale-logopakker-1968-logo-det-officielle-logo\/#primaryimage"},"image":{"@id":"https:\/\/www.dui.dk\/123\/lokale-logopakker-1968-logo-det-officielle-logo\/#primaryimage"},"thumbnailUrl":"https:\/\/www.dui.dk\/123\/wp-content\/uploads\/sites\/75\/2019\/05\/Logopakker.png","datePublished":"2023-01-03T12:30:18+00:00","dateModified":"2023-05-22T08:51:47+00:00","breadcrumb":{"@id":"https:\/\/www.dui.dk\/123\/lokale-logopakker-1968-logo-det-officielle-logo\/#breadcrumb"},"inLanguage":"da-DK","potentialAction":[{"@type":"ReadAction","target":["https:\/\/www.dui.dk\/123\/lokale-logopakker-1968-logo-det-officielle-logo\/"]}]},{"@type":"ImageObject","inLanguage":"da-DK","@id":"https:\/\/www.dui.dk\/123\/lokale-logopakker-1968-logo-det-officielle-logo\/#primaryimage","url":"https:\/\/www.dui.dk\/123\/wp-content\/uploads\/sites\/75\/2019\/05\/Logopakker.png","contentUrl":"https:\/\/www.dui.dk\/123\/wp-content\/uploads\/sites\/75\/2019\/05\/Logopakker.png","width":300,"height":250},{"@type":"BreadcrumbList","@id":"https:\/\/www.dui.dk\/123\/lokale-logopakker-1968-logo-det-officielle-logo\/#breadcrumb","itemListElement":[{"@type":"ListItem","position":1,"name":"Hjem","item":"https:\/\/www.dui.dk\/123\/"},{"@type":"ListItem","position":2,"name":"Lokale logopakker"}]},{"@type":"WebSite","@id":"https:\/\/www.dui.dk\/123\/#website","url":"https:\/\/www.dui.dk\/123\/","name":"","description":"Endnu en DUI-LEG og VIRKE lokalafdelinger-side","potentialAction":[{"@type":"SearchAction","target":{"@type":"EntryPoint","urlTemplate":"https:\/\/www.dui.dk\/123\/?s={search_term_string}"},"query-input":{"@type":"PropertyValueSpecification","valueRequired":true,"valueName":"search_term_string"}}],"inLanguage":"da-DK"}]}},"_links":{"self":[{"href":"https:\/\/www.dui.dk\/123\/wp-json\/wp\/v2\/pages\/1053","targetHints":{"allow":["GET"]}}],"collection":[{"href":"https:\/\/www.dui.dk\/123\/wp-json\/wp\/v2\/pages"}],"about":[{"href":"https:\/\/www.dui.dk\/123\/wp-json\/wp\/v2\/types\/page"}],"author":[{"embeddable":true,"href":"https:\/\/www.dui.dk\/123\/wp-json\/wp\/v2\/users\/4"}],"replies":[{"embeddable":true,"href":"https:\/\/www.dui.dk\/123\/wp-json\/wp\/v2\/comments?post=1053"}],"version-history":[{"count":5,"href":"https:\/\/www.dui.dk\/123\/wp-json\/wp\/v2\/pages\/1053\/revisions"}],"predecessor-version":[{"id":1612,"href":"https:\/\/www.dui.dk\/123\/wp-json\/wp\/v2\/pages\/1053\/revisions\/1612"}],"wp:attachment":[{"href":"https:\/\/www.dui.dk\/123\/wp-json\/wp\/v2\/media?parent=1053"}],"curies":[{"name":"wp","href":"https:\/\/api.w.org\/{rel}","templated":true}]}}