{"id":1036,"date":"2022-10-04T09:51:03","date_gmt":"2022-10-04T09:51:03","guid":{"rendered":"https:\/\/www.dui.dk\/123\/?page_id=1036"},"modified":"2022-10-04T12:26:48","modified_gmt":"2022-10-04T12:26:48","slug":"medlemskampagne-2022","status":"publish","type":"page","link":"https:\/\/www.dui.dk\/123\/medlemskampagne-2022\/","title":{"rendered":"Medlemskampagne 2022"},"content":{"rendered":"<p>I DUI-LEG og VIRKE har vi ikke de store erfaringer med at lave landsd\u00e6kkende medlemskampagner online. Vi ved derfor heller ikke om de virker. S\u00e5 nu har vi lavet disse to annoncer, som vi i l\u00f8bet af oktober 2022 vil pr\u00f8ve af p\u00e5 facebook i hele landet.<\/p>\n<p>For at g\u00f8re vores budskab s\u00e5 enkelt som muligt bruger vi \u201dIntromedlemsskab for kun 75,-\u201d som tr\u00e6kplaster. Derfor er det ogs\u00e5 kun de afdelinger der kan tilbyde det, som vi har med i kampagnen.<\/p>\n<p>Annoncerne bruger vi p\u00e5 facebook, hvor vi har k\u00f8rt dem med et link til <a href=\"https:\/\/dui.nemtilmeld.dk\/68\/\">https:\/\/dui.nemtilmeld.dk\/68\/<\/a><\/p>\n<p>Alle afdelinger skal v\u00e6re meget velkommen til at hente dem ned og hj\u00e6lpe os med at sprede budskabet.<\/p>\n<p>&nbsp;<\/p>\n<h5 style=\"text-align: right;\">Hvis du har brug for en annonce i et andet format, er du meget velkommen til at kontakte forbundet.<\/h5>\n<h5 style=\"text-align: right;\">Bare klik p\u00e5 annoncen og download.<\/h5>\n<p>&nbsp;<\/p>\n<p><strong>Webannonce 1200 x 628 px<\/strong><\/p>\n<p><a href=\"https:\/\/www.dui.dk\/123\/wp-content\/uploads\/sites\/75\/2022\/10\/FB-MEDLkamp22-Roed.jpg\"><img loading=\"lazy\" decoding=\"async\" class=\"alignnone wp-image-1038 size-large\" src=\"https:\/\/www.dui.dk\/123\/wp-content\/uploads\/sites\/75\/2022\/10\/FB-MEDLkamp22-Roed-1024x536.jpg\" alt=\"\" width=\"640\" height=\"335\" srcset=\"https:\/\/www.dui.dk\/123\/wp-content\/uploads\/sites\/75\/2022\/10\/FB-MEDLkamp22-Roed-1024x536.jpg 1024w, https:\/\/www.dui.dk\/123\/wp-content\/uploads\/sites\/75\/2022\/10\/FB-MEDLkamp22-Roed-300x157.jpg 300w, https:\/\/www.dui.dk\/123\/wp-content\/uploads\/sites\/75\/2022\/10\/FB-MEDLkamp22-Roed-768x402.jpg 768w, https:\/\/www.dui.dk\/123\/wp-content\/uploads\/sites\/75\/2022\/10\/FB-MEDLkamp22-Roed-600x314.jpg 600w, https:\/\/www.dui.dk\/123\/wp-content\/uploads\/sites\/75\/2022\/10\/FB-MEDLkamp22-Roed.jpg 1200w\" sizes=\"auto, (max-width: 640px) 100vw, 640px\" \/><\/a><\/p>\n<p><strong>Webannonce 1200 x 628 px<\/strong><\/p>\n<p><a href=\"https:\/\/www.dui.dk\/123\/wp-content\/uploads\/sites\/75\/2022\/10\/FB-MEDLkamp22-Groen-1.jpg\"><img loading=\"lazy\" decoding=\"async\" class=\"alignnone wp-image-1049 size-large\" src=\"https:\/\/www.dui.dk\/123\/wp-content\/uploads\/sites\/75\/2022\/10\/FB-MEDLkamp22-Groen-1-1024x536.jpg\" alt=\"\" width=\"640\" height=\"335\" srcset=\"https:\/\/www.dui.dk\/123\/wp-content\/uploads\/sites\/75\/2022\/10\/FB-MEDLkamp22-Groen-1-1024x536.jpg 1024w, https:\/\/www.dui.dk\/123\/wp-content\/uploads\/sites\/75\/2022\/10\/FB-MEDLkamp22-Groen-1-300x157.jpg 300w, https:\/\/www.dui.dk\/123\/wp-content\/uploads\/sites\/75\/2022\/10\/FB-MEDLkamp22-Groen-1-768x402.jpg 768w, https:\/\/www.dui.dk\/123\/wp-content\/uploads\/sites\/75\/2022\/10\/FB-MEDLkamp22-Groen-1-600x314.jpg 600w, https:\/\/www.dui.dk\/123\/wp-content\/uploads\/sites\/75\/2022\/10\/FB-MEDLkamp22-Groen-1.jpg 1200w\" sizes=\"auto, (max-width: 640px) 100vw, 640px\" \/><\/a><\/p>\n<p>&nbsp;<\/p>\n","protected":false},"excerpt":{"rendered":"<p>I DUI-LEG og VIRKE har vi ikke de store erfaringer med at lave landsd\u00e6kkende medlemskampagner online. Vi ved derfor heller ikke om de virker. S\u00e5 nu har vi lavet disse to annoncer, som vi i l\u00f8bet af oktober 2022 vil pr\u00f8ve af p\u00e5 facebook i hele landet. For at g\u00f8re vores budskab s\u00e5 enkelt som [&hellip;]<\/p>\n","protected":false},"author":4,"featured_media":0,"parent":0,"menu_order":0,"comment_status":"closed","ping_status":"closed","template":"","meta":{"_acf_changed":false,"footnotes":""},"class_list":["post-1036","page","type-page","status-publish","hentry"],"acf":[],"yoast_head":"<!-- This site is optimized with the Yoast SEO plugin v27.1.1 - https:\/\/yoast.com\/product\/yoast-seo-wordpress\/ -->\n<title>Medlemskampagne 2022 -<\/title>\n<meta name=\"robots\" content=\"index, follow, max-snippet:-1, max-image-preview:large, max-video-preview:-1\" \/>\n<link rel=\"canonical\" href=\"https:\/\/www.dui.dk\/123\/medlemskampagne-2022\/\" \/>\n<meta property=\"og:locale\" content=\"da_DK\" \/>\n<meta property=\"og:type\" content=\"article\" \/>\n<meta property=\"og:title\" content=\"Medlemskampagne 2022 -\" \/>\n<meta property=\"og:description\" content=\"I DUI-LEG og VIRKE har vi ikke de store erfaringer med at lave landsd\u00e6kkende medlemskampagner online. Vi ved derfor heller ikke om de virker. S\u00e5 nu har vi lavet disse to annoncer, som vi i l\u00f8bet af oktober 2022 vil pr\u00f8ve af p\u00e5 facebook i hele landet. For at g\u00f8re vores budskab s\u00e5 enkelt som [&hellip;]\" \/>\n<meta property=\"og:url\" content=\"https:\/\/www.dui.dk\/123\/medlemskampagne-2022\/\" \/>\n<meta property=\"article:modified_time\" content=\"2022-10-04T12:26:48+00:00\" \/>\n<meta property=\"og:image\" content=\"https:\/\/www.dui.dk\/123\/wp-content\/uploads\/sites\/75\/2022\/10\/FB-MEDLkamp22-Roed-1024x536.jpg\" \/>\n<meta name=\"twitter:card\" content=\"summary_large_image\" \/>\n<meta name=\"twitter:label1\" content=\"Estimeret l\u00e6setid\" \/>\n\t<meta name=\"twitter:data1\" content=\"2 minutter\" \/>\n<script type=\"application\/ld+json\" class=\"yoast-schema-graph\">{\"@context\":\"https:\/\/schema.org\",\"@graph\":[{\"@type\":\"WebPage\",\"@id\":\"https:\/\/www.dui.dk\/123\/medlemskampagne-2022\/\",\"url\":\"https:\/\/www.dui.dk\/123\/medlemskampagne-2022\/\",\"name\":\"Medlemskampagne 2022 -\",\"isPartOf\":{\"@id\":\"https:\/\/www.dui.dk\/123\/#website\"},\"primaryImageOfPage\":{\"@id\":\"https:\/\/www.dui.dk\/123\/medlemskampagne-2022\/#primaryimage\"},\"image\":{\"@id\":\"https:\/\/www.dui.dk\/123\/medlemskampagne-2022\/#primaryimage\"},\"thumbnailUrl\":\"https:\/\/www.dui.dk\/123\/wp-content\/uploads\/sites\/75\/2022\/10\/FB-MEDLkamp22-Roed-1024x536.jpg\",\"datePublished\":\"2022-10-04T09:51:03+00:00\",\"dateModified\":\"2022-10-04T12:26:48+00:00\",\"breadcrumb\":{\"@id\":\"https:\/\/www.dui.dk\/123\/medlemskampagne-2022\/#breadcrumb\"},\"inLanguage\":\"da-DK\",\"potentialAction\":[{\"@type\":\"ReadAction\",\"target\":[\"https:\/\/www.dui.dk\/123\/medlemskampagne-2022\/\"]}]},{\"@type\":\"ImageObject\",\"inLanguage\":\"da-DK\",\"@id\":\"https:\/\/www.dui.dk\/123\/medlemskampagne-2022\/#primaryimage\",\"url\":\"https:\/\/www.dui.dk\/123\/wp-content\/uploads\/sites\/75\/2022\/10\/FB-MEDLkamp22-Roed.jpg\",\"contentUrl\":\"https:\/\/www.dui.dk\/123\/wp-content\/uploads\/sites\/75\/2022\/10\/FB-MEDLkamp22-Roed.jpg\",\"width\":1200,\"height\":628},{\"@type\":\"BreadcrumbList\",\"@id\":\"https:\/\/www.dui.dk\/123\/medlemskampagne-2022\/#breadcrumb\",\"itemListElement\":[{\"@type\":\"ListItem\",\"position\":1,\"name\":\"Hjem\",\"item\":\"https:\/\/www.dui.dk\/123\/\"},{\"@type\":\"ListItem\",\"position\":2,\"name\":\"Medlemskampagne 2022\"}]},{\"@type\":\"WebSite\",\"@id\":\"https:\/\/www.dui.dk\/123\/#website\",\"url\":\"https:\/\/www.dui.dk\/123\/\",\"name\":\"\",\"description\":\"Endnu en DUI-LEG og VIRKE lokalafdelinger-side\",\"potentialAction\":[{\"@type\":\"SearchAction\",\"target\":{\"@type\":\"EntryPoint\",\"urlTemplate\":\"https:\/\/www.dui.dk\/123\/?s={search_term_string}\"},\"query-input\":{\"@type\":\"PropertyValueSpecification\",\"valueRequired\":true,\"valueName\":\"search_term_string\"}}],\"inLanguage\":\"da-DK\"}]}<\/script>\n<!-- \/ Yoast SEO plugin. -->","yoast_head_json":{"title":"Medlemskampagne 2022 -","robots":{"index":"index","follow":"follow","max-snippet":"max-snippet:-1","max-image-preview":"max-image-preview:large","max-video-preview":"max-video-preview:-1"},"canonical":"https:\/\/www.dui.dk\/123\/medlemskampagne-2022\/","og_locale":"da_DK","og_type":"article","og_title":"Medlemskampagne 2022 -","og_description":"I DUI-LEG og VIRKE har vi ikke de store erfaringer med at lave landsd\u00e6kkende medlemskampagner online. Vi ved derfor heller ikke om de virker. S\u00e5 nu har vi lavet disse to annoncer, som vi i l\u00f8bet af oktober 2022 vil pr\u00f8ve af p\u00e5 facebook i hele landet. For at g\u00f8re vores budskab s\u00e5 enkelt som [&hellip;]","og_url":"https:\/\/www.dui.dk\/123\/medlemskampagne-2022\/","article_modified_time":"2022-10-04T12:26:48+00:00","og_image":[{"url":"https:\/\/www.dui.dk\/123\/wp-content\/uploads\/sites\/75\/2022\/10\/FB-MEDLkamp22-Roed-1024x536.jpg","type":"","width":"","height":""}],"twitter_card":"summary_large_image","twitter_misc":{"Estimeret l\u00e6setid":"2 minutter"},"schema":{"@context":"https:\/\/schema.org","@graph":[{"@type":"WebPage","@id":"https:\/\/www.dui.dk\/123\/medlemskampagne-2022\/","url":"https:\/\/www.dui.dk\/123\/medlemskampagne-2022\/","name":"Medlemskampagne 2022 -","isPartOf":{"@id":"https:\/\/www.dui.dk\/123\/#website"},"primaryImageOfPage":{"@id":"https:\/\/www.dui.dk\/123\/medlemskampagne-2022\/#primaryimage"},"image":{"@id":"https:\/\/www.dui.dk\/123\/medlemskampagne-2022\/#primaryimage"},"thumbnailUrl":"https:\/\/www.dui.dk\/123\/wp-content\/uploads\/sites\/75\/2022\/10\/FB-MEDLkamp22-Roed-1024x536.jpg","datePublished":"2022-10-04T09:51:03+00:00","dateModified":"2022-10-04T12:26:48+00:00","breadcrumb":{"@id":"https:\/\/www.dui.dk\/123\/medlemskampagne-2022\/#breadcrumb"},"inLanguage":"da-DK","potentialAction":[{"@type":"ReadAction","target":["https:\/\/www.dui.dk\/123\/medlemskampagne-2022\/"]}]},{"@type":"ImageObject","inLanguage":"da-DK","@id":"https:\/\/www.dui.dk\/123\/medlemskampagne-2022\/#primaryimage","url":"https:\/\/www.dui.dk\/123\/wp-content\/uploads\/sites\/75\/2022\/10\/FB-MEDLkamp22-Roed.jpg","contentUrl":"https:\/\/www.dui.dk\/123\/wp-content\/uploads\/sites\/75\/2022\/10\/FB-MEDLkamp22-Roed.jpg","width":1200,"height":628},{"@type":"BreadcrumbList","@id":"https:\/\/www.dui.dk\/123\/medlemskampagne-2022\/#breadcrumb","itemListElement":[{"@type":"ListItem","position":1,"name":"Hjem","item":"https:\/\/www.dui.dk\/123\/"},{"@type":"ListItem","position":2,"name":"Medlemskampagne 2022"}]},{"@type":"WebSite","@id":"https:\/\/www.dui.dk\/123\/#website","url":"https:\/\/www.dui.dk\/123\/","name":"","description":"Endnu en DUI-LEG og VIRKE lokalafdelinger-side","potentialAction":[{"@type":"SearchAction","target":{"@type":"EntryPoint","urlTemplate":"https:\/\/www.dui.dk\/123\/?s={search_term_string}"},"query-input":{"@type":"PropertyValueSpecification","valueRequired":true,"valueName":"search_term_string"}}],"inLanguage":"da-DK"}]}},"_links":{"self":[{"href":"https:\/\/www.dui.dk\/123\/wp-json\/wp\/v2\/pages\/1036","targetHints":{"allow":["GET"]}}],"collection":[{"href":"https:\/\/www.dui.dk\/123\/wp-json\/wp\/v2\/pages"}],"about":[{"href":"https:\/\/www.dui.dk\/123\/wp-json\/wp\/v2\/types\/page"}],"author":[{"embeddable":true,"href":"https:\/\/www.dui.dk\/123\/wp-json\/wp\/v2\/users\/4"}],"replies":[{"embeddable":true,"href":"https:\/\/www.dui.dk\/123\/wp-json\/wp\/v2\/comments?post=1036"}],"version-history":[{"count":5,"href":"https:\/\/www.dui.dk\/123\/wp-json\/wp\/v2\/pages\/1036\/revisions"}],"predecessor-version":[{"id":1050,"href":"https:\/\/www.dui.dk\/123\/wp-json\/wp\/v2\/pages\/1036\/revisions\/1050"}],"wp:attachment":[{"href":"https:\/\/www.dui.dk\/123\/wp-json\/wp\/v2\/media?parent=1036"}],"curies":[{"name":"wp","href":"https:\/\/api.w.org\/{rel}","templated":true}]}}